{"id":37865,"date":"2025-03-21T02:16:29","date_gmt":"2025-03-21T05:16:29","guid":{"rendered":"https:\/\/mestredosdrinks.com\/ptbr\/?page_id=37865"},"modified":"2025-03-21T09:38:41","modified_gmt":"2025-03-21T12:38:41","slug":"politica-de-cookies","status":"publish","type":"page","link":"https:\/\/mestredosdrinks.com\/ptbr\/politica-de-cookies\/","title":{"rendered":"Pol\u00edtica de Cookies"},"content":{"rendered":"<div id=\"cmplz-document\" class=\"cmplz-document cookie-statement cmplz-document-br\">\n<p><i>Esta Pol\u00edtica de Cookies foi atualizada pela \u00faltima vez em 12 de fevereiro de 2025 e se aplica a cidad\u00e3os e residentes legais permanentes do Brasil.<\/i><\/p>\n<h2>1. Introdu\u00e7\u00e3o<\/h2>\n<p>Nosso site,\u00a0<a href=\"https:\/\/mestredosdrinks.com\/ptbr\/\">https:\/\/mestredosdrinks.com\/ptbr<\/a> (doravante: &#8220;o site&#8221;) usa cookies e outras tecnologias relacionadas (por conveni\u00eancia todas as tecnologias s\u00e3o referidas como &#8220;cookies&#8221;). Os cookies tamb\u00e9m s\u00e3o inseridos por terceiros que contratamos. No documento abaixo informamos sobre o uso de cookies em nosso site.<\/p>\n<h2>2. O que s\u00e3o cookies?<\/h2>\n<p>Um cookie \u00e9 um arquivo pequeno e simples que \u00e9 enviado junto com p\u00e1ginas deste site e armazenado pelo seu navegador no disco r\u00edgido do seu computador ou outro dispositivo. As informa\u00e7\u00f5es armazenadas podem ser enviadas de volta aos nossos servidores ou aos servidores dos terceiros relevantes durante uma visita subsequente.<\/p>\n<h2>3. O que s\u00e3o scripts?<\/h2>\n<p>Um script \u00e9 uma parte de c\u00f3digo de programa usado para fazer nosso site funcionar de forma adequada e interativa. Este c\u00f3digo \u00e9 executado em nosso servidor ou em seu dispositivo.<\/p>\n<h2>4. O que \u00e9 um web beacon?<\/h2>\n<p>Um web beacon (ou uma tag pixel) \u00e9 um pequena e invis\u00edvel texto ou imagem em um site que \u00e9 usado para monitorar o tr\u00e1fego em um site. Para fazer isso, v\u00e1rios dados sobre voc\u00ea s\u00e3o armazenados usando web beacons.<\/p>\n<h2>5. Cookies<\/h2>\n<p class=\"cmplz-subtitle\">5.1 Cookies t\u00e9cnicos ou funcionais<\/p>\n<p>Alguns cookies garantem que certas partes do site funcionem corretamente e que suas prefer\u00eancias de usu\u00e1rio permane\u00e7am conhecidas. Ao inserir cookies funcionais, facilitamos a visita ao nosso site. Dessa forma, voc\u00ea n\u00e3o precisa inserir repetidamente as mesmas informa\u00e7\u00f5es ao visitar nosso site e, por exemplo, os itens permanecem em seu carrinho de compras at\u00e9 que voc\u00ea tenha conclu\u00eddo a compra. Podemos inserir esses cookies sem o seu consentimento.<\/p>\n<p class=\"cmplz-subtitle\">5.2 Cookies anal\u00edticos<\/p>\n<p>Usamos cookies anal\u00edticos para otimizar a experi\u00eancia do site para nossos usu\u00e1rios. Com estes cookies anal\u00edticos, obtemos informa\u00e7\u00f5es sobre o uso de nosso site.\u00a0Pedimos sua permiss\u00e3o para inserir cookies anal\u00edticos.<\/p>\n<p class=\"cmplz-subtitle\">5.3 Cookies de publicidade<\/p>\n<p>Neste site usamos cookies de publicidade, que fornecem informa\u00e7\u00f5es sobre os resultados de campanhas. Isso \u00e9 feito com base em um perfil do seu comportamento em\u00a0<a href=\"https:\/\/mestredosdrinks.com\/ptbr\/\">https:\/\/mestredosdrinks.com\/ptbr<\/a>. Com estes cookies voc\u00ea, como visitante do site, est\u00e1 vinculado a um ID exclusivo, mas esses cookies n\u00e3o ser\u00e3o usados para veicular an\u00fancios personalizados com base no seu comportamento e interesse.<\/p>\n<p class=\"cmplz-subtitle\">5.4 Cookies de marketing\/rastreamento<\/p>\n<p>Cookies de marketing\/rastreamento s\u00e3o como qualquer outro tipo de cookie ou forma de armazenamento local, usados para criar perfis de usu\u00e1rios para exibir publicidade ou para rastrear o usu\u00e1rio neste site ou em v\u00e1rios sites para fins de marketing.<\/p>\n<p>Como esses cookies s\u00e3o marcados como cookies de rastreamento, pedimos sua permiss\u00e3o para inseri-los.<\/p>\n<h2>6. Ativa\u00e7\u00e3o\/desativa\u00e7\u00e3o e exclus\u00e3o de cookies<\/h2>\n<p>Voc\u00ea pode usar seu navegador de internet para excluir cookies automaticamente ou manualmente. Voc\u00ea tamb\u00e9m pode especificar que certos cookies podem n\u00e3o ser inseridos. Outra op\u00e7\u00e3o \u00e9 alterar as configura\u00e7\u00f5es do seu navegador para que voc\u00ea receba uma mensagem cada vez que um cookie \u00e9 inserido. Para obter mais informa\u00e7\u00f5es sobre essas op\u00e7\u00f5es, consulte as instru\u00e7\u00f5es na se\u00e7\u00e3o Ajuda do seu navegador.<\/p>\n<p>Por favor, observe que nosso site pode n\u00e3o funcionar corretamente se todos os cookies forem desativados. Se voc\u00ea excluir os cookies do seu navegador, eles ser\u00e3o inseridos novamente ap\u00f3s o seu consentimento quando voc\u00ea visitar nossos sites outra vez.<\/p>\n<h2>7. Seus direitos em rela\u00e7\u00e3o aos dados pessoais<\/h2>\n<p>Voc\u00ea tem os seguintes direitos em rela\u00e7\u00e3o aos seus dados pessoais:<\/p>\n<ul>\n<li>confirma\u00e7\u00e3o da exist\u00eancia de processamento;<\/li>\n<li>acesso aos dados;<\/li>\n<li>corre\u00e7\u00e3o de dados incompletos, imprecisos ou desatualizados;<\/li>\n<li>anonimiza\u00e7\u00e3o, bloqueio ou exclus\u00e3o de dados desnecess\u00e1rios, excessivos ou processados em desacordo com as disposi\u00e7\u00f5es da Lei Geral de Prote\u00e7\u00e3o de Dados Pessoais (LGPD);<\/li>\n<li>portabilidade dos dados para outro prestador de servi\u00e7os ou produtos, mediante pedido expresso, nos termos da regulamenta\u00e7\u00e3o da autoridade nacional, respeitando os segredos comerciais e industriais;<\/li>\n<li>elimina\u00e7\u00e3o dos dados pessoais tratados com o consentimento do titular, salvo nos casos previstos no art. 16 da Lei Geral de Prote\u00e7\u00e3o de Dados Pessoais (LGPD);<\/li>\n<li>informa\u00e7\u00f5es sobre entidades p\u00fablicas e privadas com as quais o controlador compartilhou dados;<\/li>\n<li>informa\u00e7\u00f5es sobre a possibilidade de n\u00e3o consentimento e sobre as consequ\u00eancias da nega\u00e7\u00e3o.<\/li>\n<\/ul>\n<h2>9. Detalhes de contato<\/h2>\n<p>Para perguntas e\/ou coment\u00e1rios sobre nossa Pol\u00edtica de Cookies e esta declara\u00e7\u00e3o, entre em contato conosco usando os seguintes detalhes de contato:<\/p>\n<p><span class=\"cmplz-contact-organisation\"><a class=\"google-anno\" href=\"https:\/\/mestredosdrinks.com\/ptbr\/politica-de-cookies-br\/#\" data-google-vignette=\"false\" data-google-interstitial=\"false\"><span class=\"google-anno-t\">Mestre dos Drinks<\/span><\/a><\/span><br \/>\n<span class=\"cmplz-contact-address\">R. Marajoara, 28 &#8211; APT 101<br \/>\nGl\u00f3ria<br \/>\nVila Velha &#8211; ES<br \/>\nCEP: 29122-240<\/span><br \/>\n<span class=\"cmplz-contact-country\">Brasil<\/span><br \/>\nWebsite:\u00a0<span class=\"cmplz-contact-domain\"><a href=\"https:\/\/mestredosdrinks.com\/ptbr\/\">https:\/\/mestredosdrinks.com\/ptbr<\/a><\/span><br \/>\nE-mail:\u00a0<span class=\"cmplz-contact-email\"><span class=\"cmplz-obfuscate\">romero.carvalho.tv@gmail.com<\/span><\/span><\/p>\n<p>Esta Pol\u00edtica de Cookies foi sincronizada com\u00a0<a href=\"https:\/\/cookiedatabase.org\/\" target=\"_blank\" rel=\"noopener\">cookiedatabase.org<\/a> em 15 de fevereiro de 2025<\/p>\n<hr \/>\n<h3>Acesse tamb\u00e9m:<\/h3>\n<ul>\n<li>\ud83d\udd12 <a href=\"politica-de-cookies\/\" target=\"_blank\" rel=\"noopener\">Pol\u00edtica de Cookies<\/a><\/li>\n<li>\ud83d\udcdc <a href=\"\/politica-de-privacidade\/\" target=\"_blank\" rel=\"noopener\">Pol\u00edtica de Privacidade<\/a><\/li>\n<li>\u2696\ufe0f <a href=\"\/termos-de-uso\/\" target=\"_blank\" rel=\"noopener\">Termos de Uso<\/a><\/li>\n<li>\ud83e\uddfd <a href=\"\/exclusao-de-dados\/\" target=\"_blank\" rel=\"noopener\">Solicitar Exclus\u00e3o de Dados<\/a><\/li>\n<li>\ud83e\udde0 <a href=\"\/gerenciamento-de-consentimento-de-cookies\/\">Gerenciamento de Consentimento de Cookies<\/a><\/li>\n<\/ul>\n<p>Se voc\u00ea tiver qualquer d\u00favida, entre em contato com nossa equipe atrav\u00e9s da <a href=\"https:\/\/mestredosdrinks.com\/ptbr\/entre-em-contato\/\" target=\"_blank\" rel=\"noopener\">p\u00e1gina de contato<\/a>. Estamos aqui para garantir sua seguran\u00e7a e total transpar\u00eancia no uso das suas informa\u00e7\u00f5es.<\/p>\n<\/div>\n","protected":false},"excerpt":{"rendered":"<p>Esta Pol\u00edtica de Cookies foi atualizada pela \u00faltima vez em 12 de fevereiro de 2025 e se aplica a cidad\u00e3os e residentes legais permanentes do Brasil. 1. Introdu\u00e7\u00e3o Nosso site,\u00a0https:\/\/mestredosdrinks.com\/ptbr (doravante: &#8220;o site&#8221;) usa cookies e outras tecnologias relacionadas (por conveni\u00eancia todas as tecnologias s\u00e3o referidas como &#8220;cookies&#8221;). Os cookies tamb\u00e9m s\u00e3o inseridos por terceiros [&hellip;]<\/p>\n","protected":false},"author":1,"featured_media":0,"parent":0,"menu_order":0,"comment_status":"closed","ping_status":"closed","template":"","meta":{"ocean_post_layout":"","ocean_both_sidebars_style":"","ocean_both_sidebars_content_width":0,"ocean_both_sidebars_sidebars_width":0,"ocean_sidebar":"0","ocean_second_sidebar":"0","ocean_disable_margins":"enable","ocean_add_body_class":"","ocean_shortcode_before_top_bar":"","ocean_shortcode_after_top_bar":"","ocean_shortcode_before_header":"","ocean_shortcode_after_header":"","ocean_has_shortcode":"","ocean_shortcode_after_title":"","ocean_shortcode_before_footer_widgets":"","ocean_shortcode_after_footer_widgets":"","ocean_shortcode_before_footer_bottom":"","ocean_shortcode_after_footer_bottom":"","ocean_display_top_bar":"default","ocean_display_header":"default","ocean_header_style":"","ocean_center_header_left_menu":"0","ocean_custom_header_template":"0","ocean_custom_logo":0,"ocean_custom_retina_logo":0,"ocean_custom_logo_max_width":0,"ocean_custom_logo_tablet_max_width":0,"ocean_custom_logo_mobile_max_width":0,"ocean_custom_logo_max_height":0,"ocean_custom_logo_tablet_max_height":0,"ocean_custom_logo_mobile_max_height":0,"ocean_header_custom_menu":"0","ocean_menu_typo_font_family":"0","ocean_menu_typo_font_subset":"","ocean_menu_typo_font_size":0,"ocean_menu_typo_font_size_tablet":0,"ocean_menu_typo_font_size_mobile":0,"ocean_menu_typo_font_size_unit":"px","ocean_menu_typo_font_weight":"","ocean_menu_typo_font_weight_tablet":"","ocean_menu_typo_font_weight_mobile":"","ocean_menu_typo_transform":"","ocean_menu_typo_transform_tablet":"","ocean_menu_typo_transform_mobile":"","ocean_menu_typo_line_height":0,"ocean_menu_typo_line_height_tablet":0,"ocean_menu_typo_line_height_mobile":0,"ocean_menu_typo_line_height_unit":"","ocean_menu_typo_spacing":0,"ocean_menu_typo_spacing_tablet":0,"ocean_menu_typo_spacing_mobile":0,"ocean_menu_typo_spacing_unit":"","ocean_menu_link_color":"","ocean_menu_link_color_hover":"","ocean_menu_link_color_active":"","ocean_menu_link_background":"","ocean_menu_link_hover_background":"","ocean_menu_link_active_background":"","ocean_menu_social_links_bg":"","ocean_menu_social_hover_links_bg":"","ocean_menu_social_links_color":"","ocean_menu_social_hover_links_color":"","ocean_disable_title":"default","ocean_disable_heading":"default","ocean_post_title":"","ocean_post_subheading":"","ocean_post_title_style":"","ocean_post_title_background_color":"","ocean_post_title_background":0,"ocean_post_title_bg_image_position":"","ocean_post_title_bg_image_attachment":"","ocean_post_title_bg_image_repeat":"","ocean_post_title_bg_image_size":"","ocean_post_title_height":0,"ocean_post_title_bg_overlay":0.5,"ocean_post_title_bg_overlay_color":"","ocean_disable_breadcrumbs":"default","ocean_breadcrumbs_color":"","ocean_breadcrumbs_separator_color":"","ocean_breadcrumbs_links_color":"","ocean_breadcrumbs_links_hover_color":"","ocean_display_footer_widgets":"default","ocean_display_footer_bottom":"default","ocean_custom_footer_template":"0","footnotes":"","_links_to":"","_links_to_target":""},"class_list":["post-37865","page","type-page","status-publish","hentry","entry"],"_links":{"self":[{"href":"https:\/\/mestredosdrinks.com\/ptbr\/wp-json\/wp\/v2\/pages\/37865","targetHints":{"allow":["GET"]}}],"collection":[{"href":"https:\/\/mestredosdrinks.com\/ptbr\/wp-json\/wp\/v2\/pages"}],"about":[{"href":"https:\/\/mestredosdrinks.com\/ptbr\/wp-json\/wp\/v2\/types\/page"}],"author":[{"embeddable":true,"href":"https:\/\/mestredosdrinks.com\/ptbr\/wp-json\/wp\/v2\/users\/1"}],"replies":[{"embeddable":true,"href":"https:\/\/mestredosdrinks.com\/ptbr\/wp-json\/wp\/v2\/comments?post=37865"}],"version-history":[{"count":0,"href":"https:\/\/mestredosdrinks.com\/ptbr\/wp-json\/wp\/v2\/pages\/37865\/revisions"}],"wp:attachment":[{"href":"https:\/\/mestredosdrinks.com\/ptbr\/wp-json\/wp\/v2\/media?parent=37865"}],"curies":[{"name":"wp","href":"https:\/\/api.w.org\/{rel}","templated":true}]}}