{"id":65,"date":"2021-08-14T22:02:08","date_gmt":"2021-08-15T01:02:08","guid":{"rendered":"https:\/\/mestredosdrinks.com\/it\/?page_id=65"},"modified":"2024-07-20T04:33:59","modified_gmt":"2024-07-20T07:33:59","slug":"termini-di-utilizzo","status":"publish","type":"page","link":"https:\/\/mestredosdrinks.com\/it\/termini-di-utilizzo\/","title":{"rendered":"Termini di Utilizzo"},"content":{"rendered":"<h2>Termini di Utilizzo <a href=\"https:\/\/mestredosdrinks.com\/it\/\">Maestro dei Cocktail &#8211; #1 in Ricette di Drink<\/a><\/h2>\n<p>Questi termini di servizio regolano l&#8217;uso di questo sito web. Accedendo ad esso, accetti questi termini. Ti preghiamo di rivedere regolarmente i nostri termini di servizio.<\/p>\n<p>IMPORTANTE! QUESTI TERMINI DI SERVIZIO REGOLANO IL TUO USO DI QUESTO BLOG. ACCEDENDO A QUESTO SITO, RICONOSCI LA TUA CONOSCENZA E ACCETTAZIONE DI QUESTI TERMINI DI UTILIZZO. QUESTI TERMINI DI UTILIZZO POSSONO ESSERE MODIFICATI IN QUALSIASI MOMENTO E SENZA PREAVVISO. IL TUO USO DI QUESTO SITO DOPO CHE TALI MODIFICHE SONO ENTRATE IN VIGORE COSTITUISCE LA TUA RICONOSCENZA E ACCETTAZIONE DELLE MODIFICHE. TI PREGO DI RIVEDERE I TERMINI DI UTILIZZO PRIMA DI OGNI UTILIZZO PER MODIFICHE.<\/p>\n<h2>Accesso al sito web<\/h2>\n<p>Per accedere ai contenuti di questo sito, l&#8217;utente potrebbe essere invitato a fornire alcune informazioni personali come nome, e-mail e altri. Se riteniamo che le informazioni non siano corrette o veritiere, avremo il diritto di rifiutare e\/o annullare l&#8217;accesso in qualsiasi momento, senza preavviso.<\/p>\n<h2>Restrizioni d&#8217;uso<\/h2>\n<p>Puoi utilizzare questo sito solo per scopi da noi autorizzati. Non puoi utilizzarlo per altri scopi, specialmente commerciali, senza il nostro previo consenso. Non associare i nostri marchi ad altri. Non esporre il nostro nome, logo, tra gli altri, in modo improprio e in modo da creare confusione.<\/p>\n<h2>Propriet\u00e0 delle informazioni<\/h2>\n<p>I contenuti del sito web non possono essere copiati, distribuiti, pubblicati, caricati, postati o trasmessi con altri mezzi senza il nostro previo consenso, salvo che il fine sia esclusivamente divulgativo.<\/p>\n<h2>Collegamenti ipertestuali<\/h2>\n<p>Questo sito web potrebbe contenere collegamenti ad altri siti che non sono mantenuti o correlati alla nostra azienda. Non siamo responsabili per i contenuti di tali collegamenti. L&#8217;utente assume il rischio totale quando accede a questi collegamenti ipertestuali.<\/p>\n<h2>Commenti<\/h2>\n<p>Pubblicando commenti o testimonianze sul nostro sito web, autorizzi la pubblicazione degli stessi ovunque noi desideriamo, al fine di cooperare alla diffusione dei nostri prodotti.<\/p>\n<h2>Avviso legale<\/h2>\n<p>Le informazioni ottenute utilizzando questo sito non sono complete e non coprono tutte le domande, argomenti o fatti che potrebbero essere rilevanti per i tuoi scopi. L&#8217;uso di questo sito web \u00e8 a tuo rischio. I contenuti sono forniti cos\u00ec come sono e senza garanzie di alcun tipo, espresse o implicite. Il contenuto di questo sito web non \u00e8 l&#8217;ultima parola su nessuna questione e potremmo apportare miglioramenti in qualsiasi momento.<\/p>\n<p>Tu, e non la nostra azienda, assumi il costo di qualsiasi servizio, riparazione o correzione necessaria in caso di perdita o danno derivante dall&#8217;uso di questo sito web o dei suoi contenuti.<\/p>\n<p>Comprendi che la nostra azienda non pu\u00f2 e non garantisce che i file disponibili per il download da Internet siano privi di virus, worm, cavalli di Troia o altri codici che potrebbero manifestare propriet\u00e0 contaminanti o distruttive.<\/p>\n<h2>Limitazione di responsabilit\u00e0<\/h2>\n<p><strong>L&#8217;AZIENDA, LE SUE FILIALI, AFFILIATI, LICENZIATARI, FORNITORI DI SERVIZI, FORNITORI DI CONTENUTI, DIPENDENTI, AGENTI, AMMINISTRATORI E DIRETTORI NON SARANNO RESPONSABILI PER QUALSIASI DANNO EVENTUALE, DIRETTO, INDIRETTO, PUNITIVO, REALE, CONSEQUENZIALE, SPECIALE, ESEMPLARE O DI ALTRO TIPO, COMPRESO PERDITA DI REDDITO O ENTRATE, DOLORE E SOFFERENZA, STRESS EMOTIVO O SIMILARI ANCHE SE L&#8217;AZIENDA \u00c8 STATA AVVISATA DELLA POSSIBILIT\u00c0 DI TALI DANNI. IN NESSUN CASO LA RESPONSABILIT\u00c0 COLLETTIVA DELL&#8217;AZIENDA E DELLE SUE FILIALI, AFFILIATI, LICENZIATARI, FORNITORI DI SERVIZI, FORNITORI DI CONTENUTI, DIPENDENTI, AGENTI, AMMINISTRATORI E DIRETTORI NEI CONFRONTI DEI TERZI (INDIPENDENTEMENTE DAL TIPO DI AZIONE, SIA PER CONTRATTO CHE ALTRO) SUPERER\u00c0 LA SOMMA DI 100 \u20ac O L&#8217;IMPORTO PAGATO ALL&#8217;AZIENDA PER IL CONTENUTO, PRODOTTO O SERVIZIO DEL QUALE \u00c8 STATA SOLLEVATA LA QUESTIONE.<\/strong><\/p>\n<h2>Indennizzo<\/h2>\n<p>Indemizzi e sollevi l&#8217;Azienda, le sue affiliate, affiliate, licenziatari, fornitori di servizi, fornitori di contenuti, dipendenti, agenti, funzionari e direttori (di seguito le Parti Rilasciate) da qualsiasi violazione di questi Termini di Utilizzo da parte tua, inclusi l&#8217;uso di Contenuti diversi da quelli espressi qui. Accetti che le Parti Rilasciate non hanno alcuna responsabilit\u00e0 o connessione con tale violazione o utilizzo non autorizzato e accetti di risarcire eventuali perdite, danni, sentenze, premi, costi, spese e onorari legali delle Parti Rilasciate in relazione alla violazione. Indemizzerai anche e solleverai le Parti Rilasciate da eventuali reclami di terzi derivanti dall&#8217;uso delle informazioni contenute in questo sito web.<\/p>\n<h2>Marchi<\/h2>\n<p>I marchi e i loghi su questo sito sono di propriet\u00e0 dell&#8217;azienda o della parte che li ha messi a disposizione dell&#8217;azienda. L&#8217;azienda e le parti che hanno fornito il marchio e il logo detengono tutti i diritti su di essi.<\/p>\n<h2>Informazioni fornite dall&#8217;utente<\/h2>\n<p>Non puoi postare, inviare o collegare a questo sito alcun materiale che:<\/p>\n<p>non hai il diritto di postare, incluso materiale di propriet\u00e0 di terzi, promuova attivit\u00e0 illegali o discuta l&#8217;intento di fare qualcosa di illegale; sia volgare, osceno, pornografico o indecente e non riguardi direttamente questo sito; possa minacciare o insultare altri, diffamare, calunniare, invadere la privacy, pedinare, essere osceno, pornografico, razzista, molestare o offendere; cerchi di sfruttare o danneggiare i minori esponendoli a contenuti inappropriati, chiedendo informazioni personali o altrimenti; violi qualsiasi propriet\u00e0 intellettuale o altro diritto di una persona o entit\u00e0, inclusi violazioni di diritti d&#8217;autore, marchi o diritti di pubblicit\u00e0; violi qualsiasi legge o possa essere considerato una violazione della legge; finga di essere o travisi il tuo collegamento a qualsiasi entit\u00e0 o persona; o manipoli in altro modo titoli o identificatori per coprire l&#8217;origine del contenuto, promuova qualsiasi impresa commerciale (ad es. offrendo prodotti o servizi in vendita) o si impegni in qualsiasi modo in un&#8217;attivit\u00e0 commerciale (ad es. organizzazione di lotterie o concorsi, visualizzazione di banner pubblicitari e\/o ordinazione di beni e servizi) salvo quanto specificamente autorizzato su questo sito web; chieda fondi, divulgazioni o sponsor; contenga programmi con virus, worm e\/o cavalli di Troia o qualsiasi altro codice, file o programma destinato a interrompere, distruggere o limitare la funzionalit\u00e0 di qualsiasi software o hardware per computer o telecomunicazioni; interrompa il normale flusso di conversazione, faccia scorrere lo schermo pi\u00f9 velocemente di quanto gli altri utenti possano seguire, o agisca in un modo che influisca sulla capacit\u00e0 degli altri di partecipare ad attivit\u00e0 in tempo reale su questo sito; includa file in formato MP3; violi qualsiasi politica o regola stabilita di volta in volta per l&#8217;uso di questo sito web o di qualsiasi rete ad esso collegata; o contenga collegamenti ipertestuali a siti che contengono contenuti che soddisfano le descrizioni sopra.<\/p>\n<p>Anche senza obbligo, la nostra Azienda si riserva il diritto di monitorare l&#8217;uso di questo sito per determinare la conformit\u00e0 a questi Termini di Utilizzo e di rimuovere o porre il veto a qualsiasi informazione per qualsiasi motivo. In ogni caso, sei completamente responsabile del contenuto delle tue sottomissioni. Riconosci e accetti che n\u00e9 l&#8217;Azienda n\u00e9 alcuna terza parte che fornisce contenuti all&#8217;Azienda assumeranno alcuna responsabilit\u00e0 per qualsiasi azione o inazione da parte dell&#8217;Azienda o di tale terza parte riguardo a qualsiasi sottomissione.<\/p>\n<h2>Sicurezza<\/h2>\n<p>Qualsiasi password utilizzata per questo sito \u00e8 solo per uso personale. Sei responsabile della sicurezza della tua password (se presente). L&#8217;Azienda ha il diritto di monitorare la sicurezza della tua password e, a sua discrezione, pu\u00f2 chiederti di cambiarla. Se utilizzi una password che l&#8217;Azienda considera non sicura, l&#8217;Azienda ha il diritto di richiedere la modifica della password e\/o di terminare il tuo account.<\/p>\n<p>\u00c8 vietato utilizzare qualsiasi servizio o strumento collegato a questo sito per compromettere la sicurezza o manomettere le risorse e\/o gli account del sistema. L&#8217;uso o la distribuzione di strumenti progettati per compromettere la sicurezza (ad es. programmi per crackare password, strumenti di cracking o strumenti di probing di rete) \u00e8 strettamente vietato. Se sei coinvolto in qualsiasi violazione della sicurezza del sistema, l&#8217;Azienda si riserva il diritto di fornire le tue informazioni agli amministratori dei sistemi di altri siti per aiutarli a risolvere gli incidenti di sicurezza. L&#8217;Azienda si riserva il diritto di indagare su potenziali violazioni di questi Termini di Utilizzo.<\/p>\n<p>L&#8217;Azienda si riserva il diritto di cooperare pienamente con le autorit\u00e0 competenti o con ordini giudiziari affinch\u00e9 l&#8217;Azienda riveli l&#8217;identit\u00e0 di qualsiasi persona che postasse un&#8217;email, un messaggio o mettesse a disposizione qualsiasi materiale che possa violare questi Termini di Utilizzo.<\/p>\n<p>ACCETTANDO QUESTO ACCORDO, LIBERI L&#8217;AZIENDA DA QUALSIASI CONSEGUENZA DERIVANTE DA QUALSIASI AZIONE DA PARTE DELL&#8217;AZIENDA DURANTE O A SEGUITO DELLE INDAGINI E\/O AZIONI PRESE A SEGUITO DELLE INDAGINI SIA DALL&#8217;AZIENDA CHE DALLA GIUSTIZIA COMPETENTE.<\/p>\n","protected":false},"excerpt":{"rendered":"<p>Termos de Uso para Maestro dei Cocktail  &#8211; Estes termos de servi\u00e7o regulam o uso deste site. Ao acess\u00e1-lo voc\u00ea concorda com estes termos.<\/p>\n","protected":false},"author":5,"featured_media":91,"parent":0,"menu_order":0,"comment_status":"closed","ping_status":"closed","template":"","meta":{"ocean_post_layout":"","ocean_both_sidebars_style":"","ocean_both_sidebars_content_width":0,"ocean_both_sidebars_sidebars_width":0,"ocean_sidebar":"0","ocean_second_sidebar":"0","ocean_disable_margins":"enable","ocean_add_body_class":"","ocean_shortcode_before_top_bar":"","ocean_shortcode_after_top_bar":"","ocean_shortcode_before_header":"","ocean_shortcode_after_header":"","ocean_has_shortcode":"","ocean_shortcode_after_title":"","ocean_shortcode_before_footer_widgets":"","ocean_shortcode_after_footer_widgets":"","ocean_shortcode_before_footer_bottom":"","ocean_shortcode_after_footer_bottom":"","ocean_display_top_bar":"default","ocean_display_header":"default","ocean_header_style":"","ocean_center_header_left_menu":"0","ocean_custom_header_template":"0","ocean_custom_logo":0,"ocean_custom_retina_logo":0,"ocean_custom_logo_max_width":0,"ocean_custom_logo_tablet_max_width":0,"ocean_custom_logo_mobile_max_width":0,"ocean_custom_logo_max_height":0,"ocean_custom_logo_tablet_max_height":0,"ocean_custom_logo_mobile_max_height":0,"ocean_header_custom_menu":"0","ocean_menu_typo_font_family":"0","ocean_menu_typo_font_subset":"","ocean_menu_typo_font_size":0,"ocean_menu_typo_font_size_tablet":0,"ocean_menu_typo_font_size_mobile":0,"ocean_menu_typo_font_size_unit":"px","ocean_menu_typo_font_weight":"","ocean_menu_typo_font_weight_tablet":"","ocean_menu_typo_font_weight_mobile":"","ocean_menu_typo_transform":"","ocean_menu_typo_transform_tablet":"","ocean_menu_typo_transform_mobile":"","ocean_menu_typo_line_height":0,"ocean_menu_typo_line_height_tablet":0,"ocean_menu_typo_line_height_mobile":0,"ocean_menu_typo_line_height_unit":"","ocean_menu_typo_spacing":0,"ocean_menu_typo_spacing_tablet":0,"ocean_menu_typo_spacing_mobile":0,"ocean_menu_typo_spacing_unit":"","ocean_menu_link_color":"","ocean_menu_link_color_hover":"","ocean_menu_link_color_active":"","ocean_menu_link_background":"","ocean_menu_link_hover_background":"","ocean_menu_link_active_background":"","ocean_menu_social_links_bg":"","ocean_menu_social_hover_links_bg":"","ocean_menu_social_links_color":"","ocean_menu_social_hover_links_color":"","ocean_disable_title":"default","ocean_disable_heading":"default","ocean_post_title":"","ocean_post_subheading":"","ocean_post_title_style":"background-image","ocean_post_title_background_color":"","ocean_post_title_background":91,"ocean_post_title_bg_image_position":"","ocean_post_title_bg_image_attachment":"","ocean_post_title_bg_image_repeat":"no-repeat","ocean_post_title_bg_image_size":"cover","ocean_post_title_height":628,"ocean_post_title_bg_overlay":0.5,"ocean_post_title_bg_overlay_color":"","ocean_disable_breadcrumbs":"default","ocean_breadcrumbs_color":"","ocean_breadcrumbs_separator_color":"","ocean_breadcrumbs_links_color":"","ocean_breadcrumbs_links_hover_color":"","ocean_display_footer_widgets":"default","ocean_display_footer_bottom":"default","ocean_custom_footer_template":"0","footnotes":"","_links_to":"","_links_to_target":""},"class_list":["post-65","page","type-page","status-publish","has-post-thumbnail","hentry","entry","has-media"],"_links":{"self":[{"href":"https:\/\/mestredosdrinks.com\/it\/wp-json\/wp\/v2\/pages\/65","targetHints":{"allow":["GET"]}}],"collection":[{"href":"https:\/\/mestredosdrinks.com\/it\/wp-json\/wp\/v2\/pages"}],"about":[{"href":"https:\/\/mestredosdrinks.com\/it\/wp-json\/wp\/v2\/types\/page"}],"author":[{"embeddable":true,"href":"https:\/\/mestredosdrinks.com\/it\/wp-json\/wp\/v2\/users\/5"}],"replies":[{"embeddable":true,"href":"https:\/\/mestredosdrinks.com\/it\/wp-json\/wp\/v2\/comments?post=65"}],"version-history":[{"count":0,"href":"https:\/\/mestredosdrinks.com\/it\/wp-json\/wp\/v2\/pages\/65\/revisions"}],"wp:featuredmedia":[{"embeddable":true,"href":"https:\/\/mestredosdrinks.com\/it\/wp-json\/wp\/v2\/media\/91"}],"wp:attachment":[{"href":"https:\/\/mestredosdrinks.com\/it\/wp-json\/wp\/v2\/media?parent=65"}],"curies":[{"name":"wp","href":"https:\/\/api.w.org\/{rel}","templated":true}]}}