{"id":65,"date":"2021-08-14T22:02:08","date_gmt":"2021-08-15T01:02:08","guid":{"rendered":"https:\/\/mestredosdrinks.com\/fr\/?page_id=65"},"modified":"2024-07-19T11:23:44","modified_gmt":"2024-07-19T14:23:44","slug":"conditions-dutilisation","status":"publish","type":"page","link":"https:\/\/mestredosdrinks.com\/fr\/conditions-dutilisation\/","title":{"rendered":"Conditions d&#8217;Utilisation"},"content":{"rendered":"<h2>Conditions d&#8217;Utilisation <a href=\"https:\/\/mestredosdrinks.com\/fr\/\">Ma\u00eetre des Boissons &#8211; #1 en Recettes de Boissons<\/a><\/h2>\n<p>Ces conditions de service r\u00e9gissent votre utilisation de ce site Web. En y acc\u00e9dant, vous acceptez ces conditions. Veuillez revoir r\u00e9guli\u00e8rement nos conditions de service.<\/p>\n<p>IMPORTANT ! CES CONDITIONS DE SERVICE R\u00c9GISSENT VOTRE UTILISATION DE CE BLOG. EN ACC\u00c9DANT \u00c0 CE SITE, VOUS RECONNAISSEZ AVOIR PRIS CONNAISSANCE ET ACCEPTER CES CONDITIONS D&#8217;UTILISATION. CES CONDITIONS D&#8217;UTILISATION PEUVENT \u00caTRE MODIFI\u00c9ES \u00c0 TOUT MOMENT ET SANS AVIS. VOTRE UTILISATION DE CE SITE APR\u00c8S L&#8217;ENTR\u00c9E EN VIGUEUR DE CES MODIFICATIONS CONSTITUE VOTRE RECONNAISSANCE ET ACCEPTATION DES MODIFICATIONS. VEUILLEZ CONSULTER LES CONDITIONS D&#8217;UTILISATION AVANT CHAQUE UTILISATION POUR DES MODIFICATIONS.<\/p>\n<h2>Acc\u00e8s au site<\/h2>\n<p>Pour acc\u00e9der au contenu de ce site, l&#8217;utilisateur peut \u00eatre amen\u00e9 \u00e0 fournir certaines informations personnelles telles que le nom, l&#8217;e-mail, et autres. Si nous estimons que les informations ne sont pas correctes ou v\u00e9ridiques, nous aurons le droit de refuser et\/ou d&#8217;annuler l&#8217;acc\u00e8s \u00e0 tout moment, sans pr\u00e9avis.<\/p>\n<h2>Restrictions d&#8217;utilisation<\/h2>\n<p>Vous ne pouvez utiliser ce site que pour les fins autoris\u00e9es par nous. Vous ne pouvez pas l&#8217;utiliser \u00e0 d&#8217;autres fins, notamment commerciales, sans notre consentement pr\u00e9alable. Ne associez pas nos marques \u00e0 d&#8217;autres. Ne exposez pas notre nom, logo, parmi d&#8217;autres, de mani\u00e8re indue et qui pourrait entra\u00eener de la confusion.<\/p>\n<h2>Propri\u00e9t\u00e9 de l&#8217;information<\/h2>\n<p>Le contenu du site Web ne peut \u00eatre copi\u00e9, distribu\u00e9, publi\u00e9, t\u00e9l\u00e9charg\u00e9, affich\u00e9 ou transmis par tout autre moyen sans notre consentement pr\u00e9alable, sauf si le but est uniquement la divulgation.<\/p>\n<h2>Hyperliens<\/h2>\n<p>Ce site Web peut contenir des liens vers d&#8217;autres sites qui ne sont pas maintenus ou li\u00e9s \u00e0 notre entreprise. Nous ne sommes pas responsables du contenu de ces liens. L&#8217;utilisateur assume l&#8217;enti\u00e8re responsabilit\u00e9 lorsqu&#8217;il acc\u00e8de \u00e0 ces hyperliens.<\/p>\n<h2>Commentaires<\/h2>\n<p>En publiant des commentaires ou des t\u00e9moignages sur notre site Web, vous autorisez la publication de ceux-ci partout o\u00f9 nous le souhaitons, afin de contribuer \u00e0 la diffusion de nos produits.<\/p>\n<h2>Avis juridique<\/h2>\n<p>Les informations obtenues lors de l&#8217;utilisation de ce site ne sont pas compl\u00e8tes et ne couvrent pas toutes les questions, sujets ou faits qui pourraient \u00eatre pertinents pour vos objectifs. L&#8217;utilisation de ce site Web est \u00e0 vos propres risques. Le contenu est fourni tel quel et sans garanties d&#8217;aucune sorte, qu&#8217;elles soient expresses ou implicites. Le contenu de ce site Web n&#8217;est pas la parole d\u00e9finitive sur quoi que ce soit, et nous pouvons apporter des am\u00e9liorations \u00e0 tout moment.<\/p>\n<p>Vous, et non notre entreprise, assumez le co\u00fbt de tout service, r\u00e9paration ou correction n\u00e9cessaire en cas de perte ou de dommage r\u00e9sultant de l&#8217;utilisation de ce site Web ou de son contenu.<\/p>\n<p>Vous comprenez que notre entreprise ne peut ni ne garantit que les fichiers disponibles au t\u00e9l\u00e9chargement depuis Internet seront exempts de virus, vers, chevaux de Troie ou tout autre code pouvant manifester des propri\u00e9t\u00e9s contaminantes ou destructrices.<\/p>\n<h2>Limitation de responsabilit\u00e9<\/h2>\n<p><strong>L&#8217;ENTREPRISE, SES FILIALES, AFFILI\u00c9S, CONC\u00c9DANTS DE LICENCE, FOURNISSEURS DE SERVICES, FOURNISSEURS DE CONTENU, EMPLOY\u00c9S, AGENTS, ADMINISTRATEURS ET DIRECTEURS NE SERONT EN AUCUN CAS RESPONSABLES DE TOUT DOMMAGE \u00c9VENTUEL, DIRECT, INDIRECT, PUNITIF, R\u00c9EL, CONS\u00c9QUENT, SP\u00c9CIAL, EXEMPLAIRE OU DE TOUT AUTRE TYPE, Y COMPRIS LA PERTE DE REVENUS OU DE REVENUS, LA DOULEUR ET LA SOUFFRANCE, LE STRESS \u00c9MOTIONNEL OU SIMILAIRES M\u00caME SI L&#8217;ENTREPRISE A \u00c9T\u00c9 INFORM\u00c9E DE LA POSSIBILIT\u00c9 DE TELS DOMMAGES. EN AUCUN CAS LA RESPONSABILIT\u00c9 COLLECTIVE DE L&#8217;ENTREPRISE ET DE SES FILIALES, AFFILI\u00c9S, CONC\u00c9DANTS DE LICENCE, FOURNISSEURS DE SERVICES, FOURNISSEURS DE CONTENU, EMPLOY\u00c9S, AGENTS, ADMINISTRATEURS ET DIRECTEURS ENVERS DES TIERS (QUELLE QUE SOIT LA NATURE DE L&#8217;ACTION, QUE CE SOIT PAR CONTRAT OU AUTRE) NE D\u00c9PASSERA LA SOMME DE 100 R$ OU LE MONTANT PAY\u00c9 \u00c0 L&#8217;ENTREPRISE POUR LE CONTENU, LE PRODUIT OU LE SERVICE EN QUESTION.<\/strong><\/p>\n<h2>Indemnisation<\/h2>\n<p>Vous indemniserez et d\u00e9gagerez de toute responsabilit\u00e9 l&#8217;Entreprise, ses affili\u00e9s, conc\u00e9dants de licence, fournisseurs de services, fournisseurs de contenu, employ\u00e9s, agents, dirigeants et administrateurs (ci-apr\u00e8s les Parties Lib\u00e9r\u00e9es) pour toute violation de ces Conditions d&#8217;Utilisation de votre part, y compris votre utilisation de Contenu autre que celui exprim\u00e9 ici. Vous acceptez que les Parties Lib\u00e9r\u00e9es n&#8217;aient aucune responsabilit\u00e9 pour ou connexion avec une telle violation ou utilisation non autoris\u00e9e et vous acceptez de r\u00e9parer toute perte, dommage, jugement, indemnit\u00e9, co\u00fbt, frais et honoraires d&#8217;avocat des Parties Lib\u00e9r\u00e9es en lien avec la violation. Vous indemniserez \u00e9galement et d\u00e9gagerez les Parties Lib\u00e9r\u00e9es de toute r\u00e9clamation de tiers d\u00e9coulant de l&#8217;utilisation des informations contenues sur ce site Web.<\/p>\n<h2>Marques<\/h2>\n<p>Les marques et logos sur ce site sont la propri\u00e9t\u00e9 de l&#8217;entreprise ou de la partie qui les a mis \u00e0 la disposition de l&#8217;entreprise. L&#8217;entreprise et les parties qui ont fourni la marque et le logo d\u00e9tiennent tous les droits sur eux.<\/p>\n<h2>Informations fournies par les utilisateurs<\/h2>\n<p>Vous ne pouvez pas publier, soumettre ou lier \u00e0 ce site tout mat\u00e9riel qui :<\/p>\n<p>&#8211; Vous n&#8217;avez pas le droit de publier, y compris le mat\u00e9riel appartenant \u00e0 des tiers, pr\u00f4ne des activit\u00e9s ill\u00e9gales ou discute de l&#8217;intention de faire quelque chose d&#8217;ill\u00e9gal ;<br \/>\n&#8211; Est vulgaire, obsc\u00e8ne, pornographique ou ind\u00e9cent, ne concerne pas directement ce site ;<br \/>\n&#8211; Peut menacer ou insulter d&#8217;autres personnes, diffamer, calomnier, envahir la vie priv\u00e9e, harceler, \u00eatre obsc\u00e8ne, pornographique, raciste, harceler ou offenser ;<br \/>\n&#8211; Cherche \u00e0 exploiter ou \u00e0 nuire aux enfants en les exposant \u00e0 un contenu inappropri\u00e9, en demandant des informations personnelles ou autrement ;<br \/>\n&#8211; Enfreint tout droit de propri\u00e9t\u00e9 intellectuelle ou autre d&#8217;une personne ou entit\u00e9, y compris les violations de droits d&#8217;auteur, de marque ou de droits de publicit\u00e9 ;<br \/>\n&#8211; Enfreint toute loi ou peut \u00eatre consid\u00e9r\u00e9 comme enfreignant la loi ;<br \/>\n&#8211; Se fait passer pour ou trompe votre connexion \u00e0 toute entit\u00e9 ou personne ;<br \/>\n&#8211; Ou manipule autrement les titres ou identifiants pour dissimuler l&#8217;origine du contenu, promouvoir toute entreprise commerciale (par exemple, proposer des produits ou services \u00e0 la vente) ou participe de quelque mani\u00e8re que ce soit \u00e0 une activit\u00e9 commerciale (par exemple, organiser des tirages au sort ou des concours, afficher des banni\u00e8res de sponsoring et\/ou commander des biens et services) sauf autorisation sp\u00e9cifique sur ce site ;<br \/>\n&#8211; Sollicite des fonds, des divulgations ou des sponsors ;<br \/>\n&#8211; Inclut des programmes avec des virus, vers et\/ou chevaux de Troie ou tout autre code informatique, fichiers ou programmes destin\u00e9s \u00e0 interrompre, d\u00e9truire ou limiter la fonctionnalit\u00e9 de tout logiciel ou mat\u00e9riel informatique ou de t\u00e9l\u00e9communications ;<br \/>\n&#8211; Perturbe le flux normal de la conversation, fait d\u00e9filer l&#8217;\u00e9cran plus vite que d&#8217;autres utilisateurs ne peuvent suivre, ou agit de mani\u00e8re \u00e0 affecter la capacit\u00e9 des autres \u00e0 participer \u00e0 des activit\u00e9s en temps r\u00e9el sur ce site ;<br \/>\n&#8211; Contient des fichiers au format MP3, enfreint toute politique ou r\u00e8gle \u00e9tablie de temps \u00e0 autre pour l&#8217;utilisation de ce site Web ou de tout r\u00e9seau connect\u00e9 \u00e0 celui-ci ;<br \/>\n&#8211; Ou contient des hyperliens vers des sites contenant du contenu correspondant aux descriptions ci-dessus.<\/p>\n<p>M\u00eame sans obligation, notre entreprise se r\u00e9serve le droit de surveiller l&#8217;utilisation de ce site pour d\u00e9terminer le respect de ces Conditions d&#8217;Utilisation ainsi que de supprimer ou de s&#8217;opposer \u00e0 toute information pour quelque raison que ce soit. En tout \u00e9tat de cause, vous \u00eates enti\u00e8rement responsable du contenu de vos soumissions. Vous reconnaissez et acceptez que ni l&#8217;Entreprise ni aucun tiers fournissant du contenu \u00e0 l&#8217;Entreprise ne seront responsables de toute action ou inaction de l&#8217;Entreprise ou de ce tiers en ce qui concerne toute soumission.<\/p>\n<h2>S\u00e9curit\u00e9<\/h2>\n<p>Tout mot de passe utilis\u00e9 pour ce site est \u00e0 usage individuel uniquement. Vous \u00eates responsable de la s\u00e9curit\u00e9 de votre mot de passe (le cas \u00e9ch\u00e9ant). L&#8217;Entreprise a le droit de surveiller la s\u00e9curit\u00e9 de votre mot de passe et, \u00e0 sa discr\u00e9tion, peut vous demander de le changer. Si vous utilisez un mot de passe que l&#8217;Entreprise consid\u00e8re comme non s\u00e9curis\u00e9, l&#8217;Entreprise a le droit de demander le changement du mot de passe et\/ou de r\u00e9silier votre compte.<\/p>\n<p>Il est interdit d&#8217;utiliser tout service ou outil li\u00e9 \u00e0 ce site Web pour compromettre la s\u00e9curit\u00e9 ou manipuler les ressources du syst\u00e8me et\/ou les comptes. L&#8217;utilisation ou la distribution d&#8217;outils con\u00e7us pour compromettre la s\u00e9curit\u00e9 (par exemple, programmes de cassage de mots de passe, outils de d\u00e9cryptage ou outils de sondage de r\u00e9seau) est strictement interdite. Si vous \u00eates impliqu\u00e9 dans une violation de la s\u00e9curit\u00e9 du syst\u00e8me, l&#8217;Entreprise se r\u00e9serve le droit de fournir vos informations aux administrateurs de syst\u00e8mes d&#8217;autres sites pour les aider \u00e0 r\u00e9soudre les incidents de s\u00e9curit\u00e9. L&#8217;Entreprise se r\u00e9serve le droit d&#8217;enqu\u00eater sur les violations potentielles de ces Conditions d&#8217;Utilisation.<\/p>\n<p>L&#8217;Entreprise se r\u00e9serve le droit de coop\u00e9rer pleinement avec les autorit\u00e9s comp\u00e9tentes ou les ordonnances judiciaires pour que l&#8217;Entreprise r\u00e9v\u00e8le l&#8217;identit\u00e9 de toute personne qui publie un e-mail, un message ou met \u00e0 disposition tout mat\u00e9riel pouvant violer ces Conditions d&#8217;Utilisation.<\/p>\n<p>EN ACCEPTANT CE CONTRAT, VOUS D\u00c9GAGEZ L&#8217;ENTREPRISE DE TOUTES CONS\u00c9QUENCES R\u00c9SULTANT DE TOUTE ACTION DE L&#8217;ENTREPRISE DURANT OU \u00c0 LA SUITE DE SES ENQU\u00caTES ET\/OU ACTIONS ENTREPRISES EN R\u00c9SULTAT DES ENQU\u00caTES DE L&#8217;ENTREPRISE ET DES AUTORIT\u00c9S COMP\u00c9TENTES DE JUSTICE.<\/p>\n","protected":false},"excerpt":{"rendered":"<p>Termos de Uso para Ma\u00eetre des Boissons  &#8211; Estes termos de servi\u00e7o regulam o uso deste site. Ao acess\u00e1-lo voc\u00ea concorda com estes termos.<\/p>\n","protected":false},"author":5,"featured_media":91,"parent":0,"menu_order":0,"comment_status":"closed","ping_status":"closed","template":"","meta":{"ocean_post_layout":"","ocean_both_sidebars_style":"","ocean_both_sidebars_content_width":0,"ocean_both_sidebars_sidebars_width":0,"ocean_sidebar":"0","ocean_second_sidebar":"0","ocean_disable_margins":"enable","ocean_add_body_class":"","ocean_shortcode_before_top_bar":"","ocean_shortcode_after_top_bar":"","ocean_shortcode_before_header":"","ocean_shortcode_after_header":"","ocean_has_shortcode":"","ocean_shortcode_after_title":"","ocean_shortcode_before_footer_widgets":"","ocean_shortcode_after_footer_widgets":"","ocean_shortcode_before_footer_bottom":"","ocean_shortcode_after_footer_bottom":"","ocean_display_top_bar":"default","ocean_display_header":"default","ocean_header_style":"","ocean_center_header_left_menu":"0","ocean_custom_header_template":"0","ocean_custom_logo":0,"ocean_custom_retina_logo":0,"ocean_custom_logo_max_width":0,"ocean_custom_logo_tablet_max_width":0,"ocean_custom_logo_mobile_max_width":0,"ocean_custom_logo_max_height":0,"ocean_custom_logo_tablet_max_height":0,"ocean_custom_logo_mobile_max_height":0,"ocean_header_custom_menu":"0","ocean_menu_typo_font_family":"0","ocean_menu_typo_font_subset":"","ocean_menu_typo_font_size":0,"ocean_menu_typo_font_size_tablet":0,"ocean_menu_typo_font_size_mobile":0,"ocean_menu_typo_font_size_unit":"px","ocean_menu_typo_font_weight":"","ocean_menu_typo_font_weight_tablet":"","ocean_menu_typo_font_weight_mobile":"","ocean_menu_typo_transform":"","ocean_menu_typo_transform_tablet":"","ocean_menu_typo_transform_mobile":"","ocean_menu_typo_line_height":0,"ocean_menu_typo_line_height_tablet":0,"ocean_menu_typo_line_height_mobile":0,"ocean_menu_typo_line_height_unit":"","ocean_menu_typo_spacing":0,"ocean_menu_typo_spacing_tablet":0,"ocean_menu_typo_spacing_mobile":0,"ocean_menu_typo_spacing_unit":"","ocean_menu_link_color":"","ocean_menu_link_color_hover":"","ocean_menu_link_color_active":"","ocean_menu_link_background":"","ocean_menu_link_hover_background":"","ocean_menu_link_active_background":"","ocean_menu_social_links_bg":"","ocean_menu_social_hover_links_bg":"","ocean_menu_social_links_color":"","ocean_menu_social_hover_links_color":"","ocean_disable_title":"default","ocean_disable_heading":"default","ocean_post_title":"","ocean_post_subheading":"","ocean_post_title_style":"background-image","ocean_post_title_background_color":"","ocean_post_title_background":91,"ocean_post_title_bg_image_position":"","ocean_post_title_bg_image_attachment":"","ocean_post_title_bg_image_repeat":"no-repeat","ocean_post_title_bg_image_size":"cover","ocean_post_title_height":628,"ocean_post_title_bg_overlay":0.5,"ocean_post_title_bg_overlay_color":"","ocean_disable_breadcrumbs":"default","ocean_breadcrumbs_color":"","ocean_breadcrumbs_separator_color":"","ocean_breadcrumbs_links_color":"","ocean_breadcrumbs_links_hover_color":"","ocean_display_footer_widgets":"default","ocean_display_footer_bottom":"default","ocean_custom_footer_template":"0","footnotes":"","_links_to":"","_links_to_target":""},"class_list":["post-65","page","type-page","status-publish","has-post-thumbnail","hentry","entry","has-media"],"_links":{"self":[{"href":"https:\/\/mestredosdrinks.com\/fr\/wp-json\/wp\/v2\/pages\/65","targetHints":{"allow":["GET"]}}],"collection":[{"href":"https:\/\/mestredosdrinks.com\/fr\/wp-json\/wp\/v2\/pages"}],"about":[{"href":"https:\/\/mestredosdrinks.com\/fr\/wp-json\/wp\/v2\/types\/page"}],"author":[{"embeddable":true,"href":"https:\/\/mestredosdrinks.com\/fr\/wp-json\/wp\/v2\/users\/5"}],"replies":[{"embeddable":true,"href":"https:\/\/mestredosdrinks.com\/fr\/wp-json\/wp\/v2\/comments?post=65"}],"version-history":[{"count":0,"href":"https:\/\/mestredosdrinks.com\/fr\/wp-json\/wp\/v2\/pages\/65\/revisions"}],"wp:featuredmedia":[{"embeddable":true,"href":"https:\/\/mestredosdrinks.com\/fr\/wp-json\/wp\/v2\/media\/91"}],"wp:attachment":[{"href":"https:\/\/mestredosdrinks.com\/fr\/wp-json\/wp\/v2\/media?parent=65"}],"curies":[{"name":"wp","href":"https:\/\/api.w.org\/{rel}","templated":true}]}}