{"id":3,"date":"2021-08-14T18:32:54","date_gmt":"2021-08-14T18:32:54","guid":{"rendered":"https:\/\/mestredosdrinks.com\/fr\/?page_id=3"},"modified":"2024-07-19T11:18:40","modified_gmt":"2024-07-19T14:18:40","slug":"politique-de-confidentialite","status":"publish","type":"page","link":"https:\/\/mestredosdrinks.com\/fr\/politique-de-confidentialite\/","title":{"rendered":"Politique de Confidentialit\u00e9"},"content":{"rendered":"<h2>Blog <a href=\"\/\" rel=\"nofollow\">Ma\u00eetre des Boissons<\/a> politique de confidentialit\u00e9<\/h2>\n<p>Ce site utilise des cookies publicitaires, y compris Google, qui utilisent des cookies pour diffuser des annonces en fonction des visites pr\u00e9c\u00e9dentes de l&#8217;utilisateur sur ce site ou d&#8217;autres sites web.<\/p>\n<p>En utilisant des cookies publicitaires, Google et ses partenaires peuvent diffuser des annonces aux utilisateurs en fonction des visites sur leurs sites web et\/ou d&#8217;autres sites web sur Internet.<\/p>\n<p>Vous pouvez d\u00e9sactiver la publicit\u00e9 personnalis\u00e9e en acc\u00e9dant \u00e0 <a href=\"https:\/\/www.google.com\/settings\/ads\" target=\"_blank\" rel=\"noopener\">Param\u00e8tres des annonces<\/a>. Vous pouvez \u00e9galement visiter <a href=\"http:\/\/www.aboutads.info\/choices\/\" target=\"_blank\" rel=\"noopener\">www.aboutads.info<\/a> pour vous d\u00e9sinscrire de l&#8217;utilisation des cookies publicitaires personnalis\u00e9s de tiers.<\/p>\n<p>Toutes les informations personnelles collect\u00e9es seront utilis\u00e9es pour rendre votre visite sur notre site aussi productive et agr\u00e9able que possible.<\/p>\n<p>La garantie de la confidentialit\u00e9 des donn\u00e9es personnelles des utilisateurs de notre site est importante pour Ma\u00eetre des Boissons.<\/p>\n<p>Toutes les informations personnelles concernant les membres, abonn\u00e9s, clients ou visiteurs utilisant Ma\u00eetre des Boissons seront trait\u00e9es conform\u00e9ment \u00e0 la Loi sur la Protection des Donn\u00e9es Personnelles du 26 octobre 1998 (Loi n\u00b0 67\/98).<\/p>\n<p>Les informations personnelles collect\u00e9es peuvent inclure votre nom, e-mail, t\u00e9l\u00e9phone et\/ou num\u00e9ro mobile, adresse, date de naissance, et\/ou d&#8217;autres informations.<\/p>\n<p>L&#8217;utilisation\/de la navigation sur le blog Ma\u00eetre des Boissons implique l&#8217;acceptation de cet accord de confidentialit\u00e9. L&#8217;\u00e9quipe de Ma\u00eetre des Boissons se r\u00e9serve le droit de modifier cet accord sans pr\u00e9avis. Nous vous recommandons donc de consulter r\u00e9guli\u00e8rement notre politique de confidentialit\u00e9 pour rester inform\u00e9.<\/p>\n<h2>Les annonces<\/h2>\n<p>Comme d&#8217;autres sites web, nous collectons et utilisons les informations contenues dans les annonces. Les informations contenues dans les annonces incluent votre adresse IP (Internet Protocol), votre FAI (Fournisseur d&#8217;Acc\u00e8s Internet, comme Sapo, Clix, ou autre), le navigateur que vous avez utilis\u00e9 pour visiter notre site web (comme Internet Explorer ou Firefox), le temps de votre visite et les pages que vous avez visit\u00e9es sur notre site web.<\/p>\n<h2>Cookie DoubleClick Dart<\/h2>\n<p>Google, en tant que fournisseur tiers, utilise des cookies pour diffuser des annonces sur notre site web ;<\/p>\n<p>Avec le cookie DART, Google peut afficher des annonces en fonction des visites que le lecteur a faites sur d&#8217;autres sites web sur Internet ;<\/p>\n<p>Les utilisateurs peuvent d\u00e9sactiver le cookie DART en visitant la Politique de Confidentialit\u00e9 des Annonces Google et du R\u00e9seau de Contenu.<\/p>\n<h2>Cookies et Balises Web<\/h2>\n<p>Nous utilisons des cookies pour stocker des informations telles que vos pr\u00e9f\u00e9rences personnelles lorsque vous visitez notre site web. Cela peut inclure une simple fen\u00eatre contextuelle ou un lien vers divers services que nous fournissons, tels que des forums.<\/p>\n<p>De plus, nous utilisons \u00e9galement de la publicit\u00e9 tierce sur notre site web pour soutenir les co\u00fbts de maintenance. Certains de ces annonceurs peuvent utiliser des technologies telles que des cookies et\/ou des balises web lorsqu&#8217;ils annoncent sur notre site, ce qui permettra \u00e0 ces annonceurs (comme Google via Google AdSense) de recevoir \u00e9galement vos informations personnelles, telles que votre adresse IP, votre FAI, votre navigateur, etc. Cette fonction est g\u00e9n\u00e9ralement utilis\u00e9e pour le g\u00e9ociblage (affichage de publicit\u00e9s \u00e0 Lisbonne uniquement aux lecteurs de Lisbonne, par exemple) ou pour afficher des publicit\u00e9s cibl\u00e9es en fonction d&#8217;un type d&#8217;utilisateur (par exemple, afficher des publicit\u00e9s de restaurants \u00e0 un utilisateur qui visite r\u00e9guli\u00e8rement des sites de cuisine).<\/p>\n<p>Vous avez la possibilit\u00e9 de d\u00e9sactiver vos cookies dans les options de votre navigateur ou en effectuant des modifications dans les outils de programmes antivirus, tels que Norton Internet Security. Cependant, cela peut modifier la fa\u00e7on dont vous interagissez avec notre site web ou d&#8217;autres sites web. Cela peut ou non affecter votre capacit\u00e9 \u00e0 vous connecter \u00e0 des programmes, des sites ou des forums sur nos r\u00e9seaux et d&#8217;autres r\u00e9seaux.<\/p>\n<h2>Liens vers des Sites Tiers<\/h2>\n<p>Ma\u00eetre des Boissons a des liens vers d&#8217;autres sites qui, selon nous, peuvent contenir des informations \/ outils utiles pour nos visiteurs. Notre politique de confidentialit\u00e9 ne s&#8217;applique pas aux sites tiers, donc si vous visitez un autre site depuis le n\u00f4tre, vous devez lire sa politique de confidentialit\u00e9.<\/p>\n<p>Nous ne sommes pas responsables de la politique de confidentialit\u00e9 ou du contenu de ces sites.<\/p>\n<p>Le site Ma\u00eetre des Boissons d\u00e9clare ne pas utiliser les e-mails pour des politiques de SPAM ou l&#8217;envoi de messages non sollicit\u00e9s.<\/p>\n<h2>Annonces et AdSense<\/h2>\n<p>Le site Ma\u00eetre des Boissons n&#8217;est pas responsable du contenu, des promesses et de la v\u00e9racit\u00e9 des informations dans les annonces affich\u00e9es par ses sponsors, pr\u00e9cisant que toute la responsabilit\u00e9 des annonces affich\u00e9es sur le site web incombe aux annonceurs.<\/p>\n<p>Le site Ma\u00eetre des Boissons peut utiliser des cookies et\/ou des balises web lorsque l&#8217;utilisateur acc\u00e8de aux pages, les cookies qui peuvent \u00eatre utilis\u00e9s sont associ\u00e9s (le cas \u00e9ch\u00e9ant) uniquement au navigateur d&#8217;un certain ordinateur.<\/p>\n<p>Le site Ma\u00eetre des Boissons est mon\u00e9tis\u00e9 par des entreprises de publicit\u00e9 tierces pour afficher des annonces lors de votre visite sur notre site web, ces entreprises peuvent utiliser des informations sur vos visites \u00e0 ce site et \u00e0 d&#8217;autres sites web dans le but d&#8217;afficher des annonces li\u00e9es aux produits et services qui vous int\u00e9ressent, les informations sur vos visites ne comprennent pas votre nom, votre adresse, votre adresse e-mail ou votre num\u00e9ro de t\u00e9l\u00e9phone, pour plus d&#8217;informations sur cette pratique et pour savoir comment d\u00e9sactiver le cookie DART, consultez le contenu de la politique de confidentialit\u00e9 et des annonces Google et les questions fr\u00e9quentes sur la confidentialit\u00e9.<\/p>\n<p>Ma\u00eetre des Boissons ne capture ni ne g\u00e8re les donn\u00e9es des utilisateurs, les annonces peuvent utiliser des cookies et toutes les informations des annonceurs peuvent \u00eatre consult\u00e9es \u00e0 l&#8217;adresse <a href=\"https:\/\/www.google.com\/policies\/technologies\/partner-sites\/\" target=\"_blank\" rel=\"noopener\">https:\/\/www.google.com\/policies\/technologies\/partner-sites\/<\/a> o\u00f9 il est expliqu\u00e9 en d\u00e9tail comment Google g\u00e8re les donn\u00e9es dans ses produits publicitaires.<\/p>\n<p>Les cookies utilis\u00e9s sur ce site peuvent \u00eatre install\u00e9s par celui-ci, provenant des diff\u00e9rents serveurs op\u00e9r\u00e9s par ce site, ou des serveurs tiers fournissant des services et installant des cookies et\/ou des balises web. Par exemple, les cookies sont utilis\u00e9s pour fournir des services publicitaires permettant \u00e0 l&#8217;utilisateur de visualiser des publicit\u00e9s ou du contenu \u00e0 un moment pr\u00e9d\u00e9termin\u00e9, l&#8217;utilisateur peut rechercher le disque dur de son ordinateur selon les instructions du navigateur.<\/p>\n<p>L&#8217;utilisateur a la possibilit\u00e9 de configurer son navigateur pour \u00eatre averti sur l&#8217;\u00e9cran de l&#8217;ordinateur de la r\u00e9ception de cookies et pour emp\u00eacher leur installation sur le disque dur, les informations relatives \u00e0 cette configuration sont disponibles dans les instructions du navigateur lui-m\u00eame.<\/p>\n<p>Ce site utilise le remarketing avec Google Analytics pour faire de la publicit\u00e9 en ligne.<\/p>\n<h2>Fournisseurs tiers<\/h2>\n<p>Les fournisseurs tiers, y compris Google, diffusent leurs annonces sur les sites web \u00e0 travers Internet.<\/p>\n<p>Les fournisseurs, tels que les fournisseurs tiers, y compris Google, utilisent des cookies de premi\u00e8re partie (comme le cookie Google Analytics) et des cookies tiers (comme le cookie DoubleClick) ensemble pour informer, optimiser et diffuser des annonces en fonction des visites pass\u00e9es de quelqu&#8217;un sur votre site web.<\/p>\n<p>Les fournisseurs, tels que les fournisseurs tiers, y compris Google, utilisent des cookies de premi\u00e8re partie (comme le cookie Google Analytics) et des cookies tiers (comme le cookie DoubleClick) ensemble pour communiquer comment vos impressions publicitaires, autres utilisations des services publicitaires et interactions avec ces impressions publicitaires et services publicitaires sont li\u00e9es aux visites de votre site web.<\/p>\n<p>Comment vous utilisez les donn\u00e9es publicitaires bas\u00e9es sur les int\u00e9r\u00eats de Google ou les donn\u00e9es d&#8217;audience tierces (telles que l&#8217;\u00e2ge, le sexe et les int\u00e9r\u00eats) avec Google Analytics. Si vous avez besoin de plus d&#8217;informations, si vous avez des questions ou si vous souhaitez faire des demandes, veuillez utiliser le formulaire de contact.<\/p>\n","protected":false},"excerpt":{"rendered":"<p>Pol\u00edtica de privacidade para o Blog Ma\u00eetre des Boissons  &#8211; Este site utiliza cookies de publicidade incluindo o Google, usam cookies para veicular an\u00fancios com base em visitas anteriores do usu\u00e1rio ao seu website ou a outros websites.<\/p>\n","protected":false},"author":5,"featured_media":80,"parent":0,"menu_order":0,"comment_status":"closed","ping_status":"closed","template":"","meta":{"ocean_post_layout":"","ocean_both_sidebars_style":"","ocean_both_sidebars_content_width":0,"ocean_both_sidebars_sidebars_width":0,"ocean_sidebar":"0","ocean_second_sidebar":"0","ocean_disable_margins":"enable","ocean_add_body_class":"","ocean_shortcode_before_top_bar":"","ocean_shortcode_after_top_bar":"","ocean_shortcode_before_header":"","ocean_shortcode_after_header":"","ocean_has_shortcode":"","ocean_shortcode_after_title":"","ocean_shortcode_before_footer_widgets":"","ocean_shortcode_after_footer_widgets":"","ocean_shortcode_before_footer_bottom":"","ocean_shortcode_after_footer_bottom":"","ocean_display_top_bar":"default","ocean_display_header":"default","ocean_header_style":"","ocean_center_header_left_menu":"0","ocean_custom_header_template":"0","ocean_custom_logo":0,"ocean_custom_retina_logo":0,"ocean_custom_logo_max_width":0,"ocean_custom_logo_tablet_max_width":0,"ocean_custom_logo_mobile_max_width":0,"ocean_custom_logo_max_height":0,"ocean_custom_logo_tablet_max_height":0,"ocean_custom_logo_mobile_max_height":0,"ocean_header_custom_menu":"0","ocean_menu_typo_font_family":"0","ocean_menu_typo_font_subset":"","ocean_menu_typo_font_size":0,"ocean_menu_typo_font_size_tablet":0,"ocean_menu_typo_font_size_mobile":0,"ocean_menu_typo_font_size_unit":"px","ocean_menu_typo_font_weight":"","ocean_menu_typo_font_weight_tablet":"","ocean_menu_typo_font_weight_mobile":"","ocean_menu_typo_transform":"","ocean_menu_typo_transform_tablet":"","ocean_menu_typo_transform_mobile":"","ocean_menu_typo_line_height":0,"ocean_menu_typo_line_height_tablet":0,"ocean_menu_typo_line_height_mobile":0,"ocean_menu_typo_line_height_unit":"","ocean_menu_typo_spacing":0,"ocean_menu_typo_spacing_tablet":0,"ocean_menu_typo_spacing_mobile":0,"ocean_menu_typo_spacing_unit":"","ocean_menu_link_color":"","ocean_menu_link_color_hover":"","ocean_menu_link_color_active":"","ocean_menu_link_background":"","ocean_menu_link_hover_background":"","ocean_menu_link_active_background":"","ocean_menu_social_links_bg":"","ocean_menu_social_hover_links_bg":"","ocean_menu_social_links_color":"","ocean_menu_social_hover_links_color":"","ocean_disable_title":"default","ocean_disable_heading":"default","ocean_post_title":"","ocean_post_subheading":"","ocean_post_title_style":"background-image","ocean_post_title_background_color":"","ocean_post_title_background":80,"ocean_post_title_bg_image_position":"","ocean_post_title_bg_image_attachment":"","ocean_post_title_bg_image_repeat":"no-repeat","ocean_post_title_bg_image_size":"cover","ocean_post_title_height":628,"ocean_post_title_bg_overlay":0.5,"ocean_post_title_bg_overlay_color":"","ocean_disable_breadcrumbs":"default","ocean_breadcrumbs_color":"","ocean_breadcrumbs_separator_color":"","ocean_breadcrumbs_links_color":"","ocean_breadcrumbs_links_hover_color":"","ocean_display_footer_widgets":"default","ocean_display_footer_bottom":"default","ocean_custom_footer_template":"0","footnotes":"","_links_to":"","_links_to_target":""},"class_list":["post-3","page","type-page","status-publish","has-post-thumbnail","hentry","entry","has-media"],"_links":{"self":[{"href":"https:\/\/mestredosdrinks.com\/fr\/wp-json\/wp\/v2\/pages\/3","targetHints":{"allow":["GET"]}}],"collection":[{"href":"https:\/\/mestredosdrinks.com\/fr\/wp-json\/wp\/v2\/pages"}],"about":[{"href":"https:\/\/mestredosdrinks.com\/fr\/wp-json\/wp\/v2\/types\/page"}],"author":[{"embeddable":true,"href":"https:\/\/mestredosdrinks.com\/fr\/wp-json\/wp\/v2\/users\/5"}],"replies":[{"embeddable":true,"href":"https:\/\/mestredosdrinks.com\/fr\/wp-json\/wp\/v2\/comments?post=3"}],"version-history":[{"count":0,"href":"https:\/\/mestredosdrinks.com\/fr\/wp-json\/wp\/v2\/pages\/3\/revisions"}],"wp:featuredmedia":[{"embeddable":true,"href":"https:\/\/mestredosdrinks.com\/fr\/wp-json\/wp\/v2\/media\/80"}],"wp:attachment":[{"href":"https:\/\/mestredosdrinks.com\/fr\/wp-json\/wp\/v2\/media?parent=3"}],"curies":[{"name":"wp","href":"https:\/\/api.w.org\/{rel}","templated":true}]}}