{"id":13,"date":"2021-08-14T19:43:48","date_gmt":"2021-08-14T19:43:48","guid":{"rendered":"https:\/\/mestredosdrinks.com\/fr\/?page_id=13"},"modified":"2024-07-20T04:48:21","modified_gmt":"2024-07-20T07:48:21","slug":"contactez-nous","status":"publish","type":"page","link":"https:\/\/mestredosdrinks.com\/fr\/contactez-nous\/","title":{"rendered":"Contactez-nous"},"content":{"rendered":"<h2>Contacter le blog Ma\u00eetre des Boissons<\/h2>\n<p>Gr\u00e2ce \u00e0 ce formulaire de contact de notre blog Ma\u00eetre des Boissons, vous pouvez nous envoyer vos critiques, questions et suggestions. Nous r\u00e9pondrons \u00e0 tous les messages d\u00e8s que possible.<\/p>\n<div class=\"wpforms-container wpforms-container-full\" id=\"wpforms-2551\"><form id=\"wpforms-form-2551\" class=\"wpforms-validate wpforms-form wpforms-ajax-form\" data-formid=\"2551\" method=\"post\" enctype=\"multipart\/form-data\" action=\"\/fr\/wp-json\/wp\/v2\/pages\/13\" data-token=\"627d228c4dcc1e0fa80af3026cb58768\" data-token-time=\"1775263588\"><noscript class=\"wpforms-error-noscript\">Veuillez activer JavaScript dans votre navigateur pour remplir ce formulaire.<\/noscript><div class=\"wpforms-field-container\"><div id=\"wpforms-2551-field_0-container\" class=\"wpforms-field wpforms-field-name\" data-field-id=\"0\"><label class=\"wpforms-field-label\" for=\"wpforms-2551-field_0\">Votre nom <span class=\"wpforms-required-label\">*<\/span><\/label><div class=\"wpforms-field-row wpforms-field-medium\"><div class=\"wpforms-field-row-block wpforms-first wpforms-one-half\"><input type=\"text\" id=\"wpforms-2551-field_0\" class=\"wpforms-field-name-first wpforms-field-required\" name=\"wpforms[fields][0][first]\" required><label for=\"wpforms-2551-field_0\" class=\"wpforms-field-sublabel after\">Pr\u00e9nom<\/label><\/div><div class=\"wpforms-field-row-block wpforms-one-half\"><input type=\"text\" id=\"wpforms-2551-field_0-last\" class=\"wpforms-field-name-last wpforms-field-required\" name=\"wpforms[fields][0][last]\" required><label for=\"wpforms-2551-field_0-last\" class=\"wpforms-field-sublabel after\">Nom<\/label><\/div><\/div><\/div><div id=\"wpforms-2551-field_1-container\" class=\"wpforms-field wpforms-field-email\" data-field-id=\"1\"><label class=\"wpforms-field-label\" for=\"wpforms-2551-field_1\">Votre e-mail <span class=\"wpforms-required-label\">*<\/span><\/label><input type=\"email\" id=\"wpforms-2551-field_1\" class=\"wpforms-field-medium wpforms-field-required\" name=\"wpforms[fields][1]\" spellcheck=\"false\" required><\/div><div id=\"wpforms-2551-field_2-container\" class=\"wpforms-field wpforms-field-textarea\" data-field-id=\"2\"><label class=\"wpforms-field-label\" for=\"wpforms-2551-field_2\">Message <span class=\"wpforms-required-label\">*<\/span><\/label><textarea id=\"wpforms-2551-field_2\" class=\"wpforms-field-medium wpforms-field-required\" name=\"wpforms[fields][2]\" required><\/textarea><\/div><\/div><!-- .wpforms-field-container --><div class=\"wpforms-submit-container\" ><input type=\"hidden\" name=\"wpforms[id]\" value=\"2551\"><input type=\"hidden\" name=\"page_title\" value=\"\"><input type=\"hidden\" name=\"page_url\" value=\"https:\/\/mestredosdrinks.com\/fr\/wp-json\/wp\/v2\/pages\/13\"><button type=\"submit\" name=\"wpforms[submit]\" id=\"wpforms-submit-2551\" class=\"wpforms-submit\" data-alt-text=\"Envoi en cours ...\" data-submit-text=\"Envoyer\" aria-live=\"assertive\" value=\"wpforms-submit\">Envoyer<\/button><img loading=\"lazy\" decoding=\"async\" src=\"https:\/\/mestredosdrinks.com\/fr\/wp-content\/plugins\/wpforms\/assets\/images\/submit-spin.svg\" class=\"wpforms-submit-spinner\" style=\"display: none;\" width=\"26\" height=\"26\" alt=\"Chargement en cours\" title=\"\"><\/div><\/form><\/div>  <!-- .wpforms-container -->\n<style>.avatar_ass{text-align: center; width: 150px !important;height: 150px !important;display: block; position: relative; xleft: 12.5px;} \r\n.avatar_ass figure { width: 125px !important;margin: auto;}\r\n.avatar_ass amp-img[data-del=\"avatar\"] {\r\n    width: 125px !important;\r\n\tmin-width:125px;\r\n\tmin-height:125px;\r\n}\r\n.avatar_ass amp-img img {\r\n    margin: auto;\r\n    width: 125px !important;\r\n\tmin-width:unset;\r\n    border-radius: 180px !important;\r\n}\r\n.avatar_ass span.image_break {\r\n    clear: both;\r\n    display: block;\r\n    color: transparent;\r\n    max-height: 1px;\r\n    overflow: hidden;\r\n    margin-bottom: -5px;\r\n}\t\r\n<\/style>\r\n<div class=\"avatar_ass\">\r\n<figure id=\"RomeroCarvalhoTVAvatar\" aria-describedby=\"caption-attachment-1028\" style=\"width: 150px\" class=\"wp-caption alignleft\"><a href=\"https:\/\/omestredosblogs.com\" class=\"wp-user-avatar-link wp-user-avatar-custom no-lightbox\" target=\"_blank\" rel=\"noopener\"><img loading=\"lazy\" decoding=\"async\" data-del=\"avatar\" src=\"https:\/\/mestredosdrinks.com\/fr\/wp-content\/uploads\/2022\/03\/O-Mestre-dos-Blogs-Photo-de-Perfil-1024x1024-1.jpg\" class=\"avatar pp-user-avatar avatar-150wp-user-avatar wp-user-avatar-150 photo \" height=\"150\" width=\"150\" alt=\"- Best Blog Brasil - Os Blogs mais Incr\u00edveis da Web\" title=\"\"><\/a><figcaption id=\"caption-attachment-1028\" class=\"wp-caption-text\"><a href=\"https:\/\/omestredosblogs.com\/\" target=\"_blank\" style=\"font-size: 12px;\" rel=\"noopener\">Le Ma\u00eetre des Blogs<\/br><span class=\"image_break\">Break<\/span><span style=\"font-weight:900;\"><\/span><\/a><\/figcaption><\/figure>\r\n<\/div>\r\n<span class=\"image_break\">Break<\/span>\n","protected":false},"excerpt":{"rendered":"<p>Entre em Contato Ma\u00eetre des Boissons , \u00e9 atrav\u00e9s deste formul\u00e1rio de contato do nosso blog Ma\u00eetre des Boissons , voc\u00ea poder\u00e1 nos enviar, cr\u00edticas, d\u00favidas e sugest\u00f5es. responderemos todas as mensagens o mais r\u00e1pido poss\u00edvel.<\/p>\n","protected":false},"author":5,"featured_media":100,"parent":0,"menu_order":0,"comment_status":"closed","ping_status":"closed","template":"","meta":{"ocean_post_layout":"","ocean_both_sidebars_style":"","ocean_both_sidebars_content_width":0,"ocean_both_sidebars_sidebars_width":0,"ocean_sidebar":"0","ocean_second_sidebar":"0","ocean_disable_margins":"enable","ocean_add_body_class":"","ocean_shortcode_before_top_bar":"","ocean_shortcode_after_top_bar":"","ocean_shortcode_before_header":"","ocean_shortcode_after_header":"","ocean_has_shortcode":"","ocean_shortcode_after_title":"","ocean_shortcode_before_footer_widgets":"","ocean_shortcode_after_footer_widgets":"","ocean_shortcode_before_footer_bottom":"","ocean_shortcode_after_footer_bottom":"","ocean_display_top_bar":"default","ocean_display_header":"default","ocean_header_style":"","ocean_center_header_left_menu":"0","ocean_custom_header_template":"0","ocean_custom_logo":0,"ocean_custom_retina_logo":0,"ocean_custom_logo_max_width":0,"ocean_custom_logo_tablet_max_width":0,"ocean_custom_logo_mobile_max_width":0,"ocean_custom_logo_max_height":0,"ocean_custom_logo_tablet_max_height":0,"ocean_custom_logo_mobile_max_height":0,"ocean_header_custom_menu":"0","ocean_menu_typo_font_family":"0","ocean_menu_typo_font_subset":"","ocean_menu_typo_font_size":0,"ocean_menu_typo_font_size_tablet":0,"ocean_menu_typo_font_size_mobile":0,"ocean_menu_typo_font_size_unit":"px","ocean_menu_typo_font_weight":"","ocean_menu_typo_font_weight_tablet":"","ocean_menu_typo_font_weight_mobile":"","ocean_menu_typo_transform":"","ocean_menu_typo_transform_tablet":"","ocean_menu_typo_transform_mobile":"","ocean_menu_typo_line_height":0,"ocean_menu_typo_line_height_tablet":0,"ocean_menu_typo_line_height_mobile":0,"ocean_menu_typo_line_height_unit":"","ocean_menu_typo_spacing":0,"ocean_menu_typo_spacing_tablet":0,"ocean_menu_typo_spacing_mobile":0,"ocean_menu_typo_spacing_unit":"","ocean_menu_link_color":"","ocean_menu_link_color_hover":"","ocean_menu_link_color_active":"","ocean_menu_link_background":"","ocean_menu_link_hover_background":"","ocean_menu_link_active_background":"","ocean_menu_social_links_bg":"","ocean_menu_social_hover_links_bg":"","ocean_menu_social_links_color":"","ocean_menu_social_hover_links_color":"","ocean_disable_title":"default","ocean_disable_heading":"default","ocean_post_title":"","ocean_post_subheading":"","ocean_post_title_style":"background-image","ocean_post_title_background_color":"","ocean_post_title_background":100,"ocean_post_title_bg_image_position":"","ocean_post_title_bg_image_attachment":"","ocean_post_title_bg_image_repeat":"","ocean_post_title_bg_image_size":"","ocean_post_title_height":0,"ocean_post_title_bg_overlay":0.5,"ocean_post_title_bg_overlay_color":"","ocean_disable_breadcrumbs":"default","ocean_breadcrumbs_color":"","ocean_breadcrumbs_separator_color":"","ocean_breadcrumbs_links_color":"","ocean_breadcrumbs_links_hover_color":"","ocean_display_footer_widgets":"default","ocean_display_footer_bottom":"default","ocean_custom_footer_template":"0","footnotes":"","_links_to":"","_links_to_target":""},"class_list":["post-13","page","type-page","status-publish","has-post-thumbnail","hentry","entry","has-media"],"_links":{"self":[{"href":"https:\/\/mestredosdrinks.com\/fr\/wp-json\/wp\/v2\/pages\/13","targetHints":{"allow":["GET"]}}],"collection":[{"href":"https:\/\/mestredosdrinks.com\/fr\/wp-json\/wp\/v2\/pages"}],"about":[{"href":"https:\/\/mestredosdrinks.com\/fr\/wp-json\/wp\/v2\/types\/page"}],"author":[{"embeddable":true,"href":"https:\/\/mestredosdrinks.com\/fr\/wp-json\/wp\/v2\/users\/5"}],"replies":[{"embeddable":true,"href":"https:\/\/mestredosdrinks.com\/fr\/wp-json\/wp\/v2\/comments?post=13"}],"version-history":[{"count":0,"href":"https:\/\/mestredosdrinks.com\/fr\/wp-json\/wp\/v2\/pages\/13\/revisions"}],"wp:featuredmedia":[{"embeddable":true,"href":"https:\/\/mestredosdrinks.com\/fr\/wp-json\/wp\/v2\/media\/100"}],"wp:attachment":[{"href":"https:\/\/mestredosdrinks.com\/fr\/wp-json\/wp\/v2\/media?parent=13"}],"curies":[{"name":"wp","href":"https:\/\/api.w.org\/{rel}","templated":true}]}}