{"id":12,"date":"2021-08-14T19:43:48","date_gmt":"2021-08-14T19:43:48","guid":{"rendered":"https:\/\/mestredosdrinks.com\/fr\/?page_id=12"},"modified":"2024-07-19T16:39:52","modified_gmt":"2024-07-19T19:39:52","slug":"a-propos-de-nous","status":"publish","type":"page","link":"https:\/\/mestredosdrinks.com\/fr\/a-propos-de-nous\/","title":{"rendered":"\u00c0 propos de nous"},"content":{"rendered":"<h2>\u00c0 propos de nous &#8211; Ma\u00eetre des Boissons &#8211; #1 en Recettes de Boissons<\/h2>\n<p>Bienvenue sur le blog <a href=\"https:\/\/mestredosdrinks.com\/fr\/\">Ma\u00eetre des Boissons<\/a>. Je suis <a href=\"https:\/\/en.omestredosblogs.com\" target=\"_blank\" rel=\"noopener\">Le Ma\u00eetre des Blogs<\/a>, en tant que blogueur passionn\u00e9 par les boissons, j&#8217;ai longtemps voulu cr\u00e9er un blog comme celui-ci.<\/p>\n<p>Ici, je partagerai des recettes incroyables pour les boissons les plus savoureuses et raffin\u00e9es que vous pouvez pr\u00e9parer lors de vos rassemblements entre amis et famille. Pr\u00e9parez-vous \u00e0 devenir le centre de l&#8217;attention lorsque vous deviendrez un Ma\u00eetre des Boissons.<\/p>\n<p>Chaque utilisateur de notre blog pourra voter pour ses boissons pr\u00e9f\u00e9r\u00e9es, laisser des commentaires, des critiques et m\u00eame sugg\u00e9rer des modifications aux recettes qu&#8217;il a test\u00e9es.<\/p>\n<p>Encore une fois, vous \u00eates les bienvenus et n&#8217;oubliez pas de nous envoyer vos id\u00e9es et suggestions pour am\u00e9liorer notre blog. Bient\u00f4t, nous aurons notre propre formulaire pour cela, mais pour l&#8217;instant, envoyez-les via notre <a href=\"https:\/\/mestredosdrinks.com\/fr\/contat-us\/\">formulaire de contact<\/a>.<\/p>\n<p>Et ne perdez pas de temps, suivez-nous sur nos R\u00e9seaux Sociaux et devenez fan du <a href=\"https:\/\/mestredosdrinks.com\/fr\/\">blog Ma\u00eetre des Boissons &#8211; #1 en Recettes de Boissons<\/a>.<\/p>\n<p>Des bisous \u00e0 tous&#8230;<\/p>\n<style>.avatar_ass{text-align: center; width: 150px !important;height: 150px !important;display: block; position: relative; xleft: 12.5px;} \r\n.avatar_ass figure { width: 125px !important;margin: auto;}\r\n.avatar_ass amp-img[data-del=\"avatar\"] {\r\n    width: 125px !important;\r\n\tmin-width:125px;\r\n\tmin-height:125px;\r\n}\r\n.avatar_ass amp-img img {\r\n    margin: auto;\r\n    width: 125px !important;\r\n\tmin-width:unset;\r\n    border-radius: 180px !important;\r\n}\r\n.avatar_ass span.image_break {\r\n    clear: both;\r\n    display: block;\r\n    color: transparent;\r\n    max-height: 1px;\r\n    overflow: hidden;\r\n    margin-bottom: -5px;\r\n}\t\r\n<\/style>\r\n<div class=\"avatar_ass\">\r\n<figure id=\"RomeroCarvalhoTVAvatar\" aria-describedby=\"caption-attachment-1028\" style=\"width: 150px\" class=\"wp-caption alignleft\"><a href=\"https:\/\/omestredosblogs.com\" class=\"wp-user-avatar-link wp-user-avatar-custom no-lightbox\" target=\"_blank\" rel=\"noopener\"><img loading=\"lazy\" decoding=\"async\" data-del=\"avatar\" src=\"https:\/\/mestredosdrinks.com\/fr\/wp-content\/uploads\/2022\/03\/O-Mestre-dos-Blogs-Photo-de-Perfil-1024x1024-1.jpg\" class=\"avatar pp-user-avatar avatar-150wp-user-avatar wp-user-avatar-150 photo \" height=\"150\" width=\"150\" alt=\"- Best Blog Brasil - Os Blogs mais Incr\u00edveis da Web\" title=\"\"><\/a><figcaption id=\"caption-attachment-1028\" class=\"wp-caption-text\"><a href=\"https:\/\/omestredosblogs.com\/\" target=\"_blank\" style=\"font-size: 12px;\" rel=\"noopener\">Le Ma\u00eetre des Blogs<\/br><span class=\"image_break\">Break<\/span><span style=\"font-weight:900;\"><\/span><\/a><\/figcaption><\/figure>\r\n<\/div>\r\n<span class=\"image_break\">Break<\/span>\n<h2>O\u00f9 nous trouver<\/h2>\n<div class=\"map-responsive\">\n<p><iframe loading=\"lazy\" style=\"border: 0;\" src=\"https:\/\/maps.google.com\/maps?width=600&amp;height=500&amp;hl=&amp;q=Brasil&amp;ie=UTF8&amp;t=p&amp;z=4&amp;iwloc=B&amp;output=embed\" width=\"600\" height=\"500\" frameborder=\"0\" allowfullscreen=\"allowfullscreen\"><\/iframe><\/p>\n<style>\n.map-responsive {<br \/>  overflow: hidden;<br \/>  padding-bottom: 56.25%;<br \/>  position: relative;<br \/>  height: 0;<br \/>}<br \/>#powerbyiframe {<br \/>  position: absolute;<br \/>  z-index: -1000;<br \/>  top: 0px;<br \/>  left: 0px;<br \/>  height: 0px;<br \/>}<br \/>#powerby {<br \/>  font-size: 10px;<br \/>  color: cadetblue !important;<br \/>}<br \/>#powerby a {<br \/>  font-size: 10px;<br \/>  color: #60b044 !important;<br \/>}<br \/>.map-responsive iframe {<br \/>  left: 0;<br \/>  top: 0;<br \/>  height: 100%;<br \/>  width: 100%;<br \/>  position: absolute;<br \/>}<br \/><\/style>\n<div id=\"powerbyiframe\" style=\"max-height: 0px !important; overflow: hidden;\"><a href=\"https:\/\/drinkscomcerveja.com.br\" target=\"_blank\" rel=\"noopener\">drinks com cerveja<\/a><br \/>\n<a href=\"https:\/\/mapgenai.com.br\" target=\"_blank\" rel=\"noopener\">google maps iframe<\/a><\/div>\n<\/div>\n<div id=\"powerby\">Powered by <a href=\"https:\/\/mapgenai.com\/\" target=\"_blank\" rel=\"noopener\">MapGen AI<\/a> Google Map sur votre site web gratuitement<\/div>\n","protected":false},"excerpt":{"rendered":"<p>Sobre n\u00f3s &#8211; Ma\u00eetre des Boissons  &#8211; #1 em Receitas de Drinks do Brasil. Uma comunidade com as melhores resenhas e reviews de livros dos mais diversos assuntos. <\/p>\n","protected":false},"author":5,"featured_media":178,"parent":0,"menu_order":0,"comment_status":"closed","ping_status":"closed","template":"","meta":{"ocean_post_layout":"","ocean_both_sidebars_style":"","ocean_both_sidebars_content_width":0,"ocean_both_sidebars_sidebars_width":0,"ocean_sidebar":"0","ocean_second_sidebar":"0","ocean_disable_margins":"enable","ocean_add_body_class":"","ocean_shortcode_before_top_bar":"","ocean_shortcode_after_top_bar":"","ocean_shortcode_before_header":"","ocean_shortcode_after_header":"","ocean_has_shortcode":"","ocean_shortcode_after_title":"","ocean_shortcode_before_footer_widgets":"","ocean_shortcode_after_footer_widgets":"","ocean_shortcode_before_footer_bottom":"","ocean_shortcode_after_footer_bottom":"","ocean_display_top_bar":"default","ocean_display_header":"default","ocean_header_style":"","ocean_center_header_left_menu":"0","ocean_custom_header_template":"0","ocean_custom_logo":0,"ocean_custom_retina_logo":0,"ocean_custom_logo_max_width":0,"ocean_custom_logo_tablet_max_width":0,"ocean_custom_logo_mobile_max_width":0,"ocean_custom_logo_max_height":0,"ocean_custom_logo_tablet_max_height":0,"ocean_custom_logo_mobile_max_height":0,"ocean_header_custom_menu":"0","ocean_menu_typo_font_family":"0","ocean_menu_typo_font_subset":"","ocean_menu_typo_font_size":0,"ocean_menu_typo_font_size_tablet":0,"ocean_menu_typo_font_size_mobile":0,"ocean_menu_typo_font_size_unit":"px","ocean_menu_typo_font_weight":"","ocean_menu_typo_font_weight_tablet":"","ocean_menu_typo_font_weight_mobile":"","ocean_menu_typo_transform":"","ocean_menu_typo_transform_tablet":"","ocean_menu_typo_transform_mobile":"","ocean_menu_typo_line_height":0,"ocean_menu_typo_line_height_tablet":0,"ocean_menu_typo_line_height_mobile":0,"ocean_menu_typo_line_height_unit":"","ocean_menu_typo_spacing":0,"ocean_menu_typo_spacing_tablet":0,"ocean_menu_typo_spacing_mobile":0,"ocean_menu_typo_spacing_unit":"","ocean_menu_link_color":"","ocean_menu_link_color_hover":"","ocean_menu_link_color_active":"","ocean_menu_link_background":"","ocean_menu_link_hover_background":"","ocean_menu_link_active_background":"","ocean_menu_social_links_bg":"","ocean_menu_social_hover_links_bg":"","ocean_menu_social_links_color":"","ocean_menu_social_hover_links_color":"","ocean_disable_title":"default","ocean_disable_heading":"default","ocean_post_title":"","ocean_post_subheading":"","ocean_post_title_style":"background-image","ocean_post_title_background_color":"","ocean_post_title_background":178,"ocean_post_title_bg_image_position":"","ocean_post_title_bg_image_attachment":"","ocean_post_title_bg_image_repeat":"no-repeat","ocean_post_title_bg_image_size":"cover","ocean_post_title_height":0,"ocean_post_title_bg_overlay":0.5,"ocean_post_title_bg_overlay_color":"","ocean_disable_breadcrumbs":"default","ocean_breadcrumbs_color":"","ocean_breadcrumbs_separator_color":"","ocean_breadcrumbs_links_color":"","ocean_breadcrumbs_links_hover_color":"","ocean_display_footer_widgets":"default","ocean_display_footer_bottom":"default","ocean_custom_footer_template":"0","footnotes":"","_links_to":"","_links_to_target":""},"class_list":["post-12","page","type-page","status-publish","has-post-thumbnail","hentry","entry","has-media"],"_links":{"self":[{"href":"https:\/\/mestredosdrinks.com\/fr\/wp-json\/wp\/v2\/pages\/12","targetHints":{"allow":["GET"]}}],"collection":[{"href":"https:\/\/mestredosdrinks.com\/fr\/wp-json\/wp\/v2\/pages"}],"about":[{"href":"https:\/\/mestredosdrinks.com\/fr\/wp-json\/wp\/v2\/types\/page"}],"author":[{"embeddable":true,"href":"https:\/\/mestredosdrinks.com\/fr\/wp-json\/wp\/v2\/users\/5"}],"replies":[{"embeddable":true,"href":"https:\/\/mestredosdrinks.com\/fr\/wp-json\/wp\/v2\/comments?post=12"}],"version-history":[{"count":0,"href":"https:\/\/mestredosdrinks.com\/fr\/wp-json\/wp\/v2\/pages\/12\/revisions"}],"wp:featuredmedia":[{"embeddable":true,"href":"https:\/\/mestredosdrinks.com\/fr\/wp-json\/wp\/v2\/media\/178"}],"wp:attachment":[{"href":"https:\/\/mestredosdrinks.com\/fr\/wp-json\/wp\/v2\/media?parent=12"}],"curies":[{"name":"wp","href":"https:\/\/api.w.org\/{rel}","templated":true}]}}