{"id":65,"date":"2021-08-14T22:02:08","date_gmt":"2021-08-15T01:02:08","guid":{"rendered":"https:\/\/mestredosdrinks.com\/es\/?page_id=65"},"modified":"2025-03-21T09:44:34","modified_gmt":"2025-03-21T12:44:34","slug":"terminos-de-uso","status":"publish","type":"page","link":"https:\/\/mestredosdrinks.com\/es\/terminos-de-uso\/","title":{"rendered":"T\u00e9rminos de Uso"},"content":{"rendered":"<h2>T\u00e9rminos de Uso <a href=\"https:\/\/mestredosdrinks.com\/es\/\">Maestro de los C\u00f3cteles &#8211; #1 en Recetas de C\u00f3cteles en Brasil<\/a><\/h2>\n<p>Estos t\u00e9rminos de servicio regulan el uso de este sitio web. Al acceder a \u00e9l, aceptas estos t\u00e9rminos. Por favor, consulta regularmente nuestros t\u00e9rminos de servicio.<\/p>\n<p><strong>\u00a1IMPORTANTE! ESTOS T\u00c9RMINOS DE SERVICIO REGULAN EL USO DE ESTE BLOG. AL ACCEDER A ESTE SITIO, ATTESTAS TU CONOCIMIENTO Y ACEPTACI\u00d3N DE ESTOS T\u00c9RMINOS DE USO. ESTOS T\u00c9RMINOS DE USO PUEDEN CAMBIAR EN CUALQUIER MOMENTO Y SIN PREVIO AVISO. EL USO DE ESTE SITIO DESPU\u00c9S DE QUE TALES CAMBIOS ENTRAR\u00c1N EN VIGOR CONSTITUYE TU CONOCIMIENTO Y ACEPTACI\u00d3N DE LAS MODIFICACIONES. POR FAVOR, CONSULTA LOS T\u00c9RMINOS DE USO ANTES DE CADA USO PARA VERIFICAR LAS MODIFICACIONES.<\/strong><\/p>\n<h2>Acceso al sitio<\/h2>\n<p>Para acceder al contenido de este sitio, se pueden solicitar al usuario cierta informaci\u00f3n personal, como nombre, correo electr\u00f3nico y otros. Si consideramos que la informaci\u00f3n no es correcta o verdadera, tendremos el derecho de rechazar y\/o cancelar el acceso en cualquier momento, sin previo aviso.<\/p>\n<h2>Restricciones de uso<\/h2>\n<p>Solo podr\u00e1s usar este sitio para fines permitidos por nosotros. No podr\u00e1s utilizarlo para ning\u00fan otro prop\u00f3sito, especialmente comercial, sin nuestro consentimiento previo. No asocies nuestras marcas con ninguna otra. No expongas indebidamente nuestro nombre, logotipo, marca registrada y otros, de manera que cause confusi\u00f3n.<\/p>\n<h2>Propiedad de la informaci\u00f3n<\/h2>\n<p>El contenido del sitio no puede ser copiado, distribuido, publicado, cargado, publicado o transmitido por ning\u00fan otro medio sin nuestro consentimiento previo, a menos que sea con el prop\u00f3sito de divulgaci\u00f3n.<\/p>\n<h2>Enlaces<\/h2>\n<p>Este sitio puede contener enlaces a otros sitios web que no son mantenidos o relacionados con nuestra empresa. No somos responsables del contenido de estos enlaces. El usuario asume completamente el riesgo al acceder a estos enlaces.<\/p>\n<h2>Comentarios<\/h2>\n<p>Al publicar alg\u00fan comentario o testimonio en nuestro sitio, autorizas su publicaci\u00f3n en cualquier lugar que deseemos, con el fin de colaborar en la divulgaci\u00f3n de nuestros productos.<\/p>\n<h2>Descargo de responsabilidad<\/h2>\n<p>La informaci\u00f3n obtenida al usar este sitio no es completa y no cubre todos los asuntos, temas o hechos que pueden ser relevantes para tus objetivos. El uso de este sitio es de tu total responsabilidad. El contenido se ofrece tal cual y sin garant\u00edas de ning\u00fan tipo, expresas o impl\u00edcitas. El contenido de este sitio no es definitivo en ning\u00fan asunto, y podemos realizar mejoras en cualquier momento.<\/p>\n<p>T\u00fa, y no nuestra empresa, asumes el costo de cualquier servicio, reparaci\u00f3n o correcci\u00f3n necesarios en caso de cualquier p\u00e9rdida o da\u00f1o consecuente del uso de este sitio o su contenido.<\/p>\n<p>Comprendes que nuestra empresa no puede y no garantiza que los archivos disponibles para descargar desde Internet est\u00e9n libres de virus, gusanos, troyanos u otro c\u00f3digo que pueda manifestar propiedades contaminantes o destructivas.<\/p>\n<h2>Limitaci\u00f3n de responsabilidad<\/h2>\n<p><strong>LA EMPRESA, SUS FILIALES, AFILIADOS, LICENCIATARIOS, PROVEEDORES DE SERVICIOS, PROVEEDORES DE CONTENIDO, EMPLEADOS, AGENTES, ADMINISTRADORES Y DIRECTORES NO SER\u00c1N RESPONSABLES DE NING\u00daN DA\u00d1O INDIRECTO, DIRECTO, PUNITIVO, REAL, CONSECUENTE, ESPECIAL, EJEMPLAR U OTRO TIPO, INCLUYENDO LA P\u00c9RDIDA DE INGRESOS O GANANCIAS, EL DOLOR Y EL SUFRIMIENTO, EL ESTR\u00c9S EMOCIONAL O SIMILARES, INCLUSO SI LA EMPRESA HA ADVERTIDO SOBRE LA POSIBILIDAD DE DICHOS DA\u00d1OS. EN NING\u00daN CASO LA RESPONSABILIDAD COLECTIVA DE LA EMPRESA Y SUS FILIALES, AFILIADOS, LICENCIATARIOS, PROVEEDORES DE SERVICIOS, PROVEEDORES DE CONTENIDO, EMPLEADOS, AGENTES, ADMINISTRADORES Y DIRECTORES EN RELACI\u00d3N CON TERCEROS (INDEPENDIENTEMENTE DEL TIPO DE ACCI\u00d3N, YA SEA CONTRACTUAL U OTRO) SUPERAR\u00c1 LA CANTIDAD DE R$100 O EL VALOR PAGADO A LA EMPRESA POR DICHO CONTENIDO, PRODUCTO O SERVICIO DEL CUAL SE HA PLANTEADO LA CUESTI\u00d3N.<\/strong><\/p>\n<h2>Indemnizaci\u00f3n<\/h2>\n<p>Indemnizar\u00e1s y eximir\u00e1s a la Empresa, sus filiales, afiliados, licenciatarios, proveedores de servicios, proveedores de contenido, empleados, agentes, administradores y directores (referidos ahora como Partes Liberadas) de cualquier violaci\u00f3n de estos T\u00e9rminos de Uso por tu parte, incluido el uso del Contenido de manera diferente a lo expresado aqu\u00ed. Aceptas que las Partes Liberadas no tienen responsabilidad ni conexi\u00f3n con ninguna violaci\u00f3n o uso no autorizado, y te comprometes a remediar cualquier p\u00e9rdida, da\u00f1o, fallo, premio, costo, gasto y honorarios legales de las Partes Liberadas relacionados con la violaci\u00f3n. Tambi\u00e9n indemnizar\u00e1s y eximir\u00e1s a las Partes Liberadas de cualquier reclamo de terceros resultante del uso de la informaci\u00f3n contenida en este sitio.<\/p>\n<h2>Marcas registradas<\/h2>\n<p>Las marcas y logotipos presentes en este sitio son propiedad de la empresa o de la parte que las proporcion\u00f3 a la empresa. La empresa y las partes que proporcionaron la marca y el logotipo retienen todos los derechos sobre los mismos.<\/p>\n<h2>Informaci\u00f3n proporcionada por el usuario<\/h2>\n<p>No puedes publicar, enviar, presentar o vincular a trav\u00e9s de este sitio cualquier material que:<\/p>\n<ul>\n<li>No tengas el derecho de publicar, incluido el material de propiedad de terceros.<\/li>\n<li>Promueva actividad ilegal o discuta la intenci\u00f3n de cometer actos ilegales.<\/li>\n<li>Sea vulgar, obsceno, pornogr\u00e1fico o indecente.<\/li>\n<li>No est\u00e9 relacionado directamente con este sitio.<\/li>\n<li>Amenace u ofenda a otros, difame, calumnie, invada la privacidad, acose, sea obsceno, pornogr\u00e1fico, racista o cause molestias.<\/li>\n<li>Busque explotar o da\u00f1ar a ni\u00f1os exponi\u00e9ndolos a contenido inapropiado, solicitando informaci\u00f3n personal o cualquier otro tipo de explotaci\u00f3n.<\/li>\n<li>Infrinja cualquier propiedad intelectual u otro derecho de una persona o entidad, incluidas las violaciones de derechos de autor, marcas registradas o derechos de publicidad.<\/li>\n<li>Infrinja cualquier ley o pueda considerarse que infringe la ley.<\/li>\n<li>Suplante o tergiverse tu conexi\u00f3n con cualquier entidad o persona.<\/li>\n<li>Manipule t\u00edtulos o identificadores para ocultar el origen del contenido.<\/li>\n<li>Promueva cualquier empresa comercial (por ejemplo, ofrecer productos o servicios en promoci\u00f3n) o participe de alguna manera en actividades comerciales (por ejemplo, realizar sorteos o concursos, mostrar banners de patrocinadores y\/o solicitar bienes y servicios) a menos que est\u00e9 espec\u00edficamente autorizado en este sitio.<\/li>\n<li>Solicite fondos, divulgaciones o patrocinadores.<\/li>\n<li>Incluya programas con virus, gusanos y\/o troyanos u otro c\u00f3digo, archivo o programa de computadora destinado a interrumpir, destruir o limitar la funcionalidad de cualquier software o hardware de computadora o telecomunicaciones.<\/li>\n<li>Interrumpa el flujo normal de la conversaci\u00f3n, haga que la pantalla \u00abruede\u00bb m\u00e1s r\u00e1pido de lo que los dem\u00e1s usuarios pueden seguir o de cualquier manera afecte la capacidad de otras personas para participar en actividades en tiempo real en este sitio.<\/li>\n<li>Incluya archivos en formato MP3.<\/li>\n<li>Desobedezca cualquier pol\u00edtica o regla establecida de vez en cuando para el uso de este sitio o cualquier red conectada a \u00e9l.<\/li>\n<li>Contenga hiperenlaces a sitios que contengan contenido que se ajuste a las descripciones anteriores.<\/li>\n<\/ul>\n<p>Sin embargo, sin la obligaci\u00f3n de hacerlo, nuestra Empresa se reserva el derecho de monitorear el uso de este sitio para determinar el cumplimiento de estos T\u00e9rminos de Uso, as\u00ed como de eliminar o vetar cualquier informaci\u00f3n por cualquier raz\u00f3n. En cualquier caso, usted es completamente responsable del contenido de sus env\u00edos. Usted sabe y acepta que ni la Empresa ni ning\u00fan tercero que proporcione contenido a la Empresa asumir\u00e1 ninguna responsabilidad por ninguna acci\u00f3n u omisi\u00f3n de la Empresa o dicho tercero con respecto a cualquier env\u00edo.<\/p>\n<h2>Seguridad<\/h2>\n<p>Cualquier contrase\u00f1a utilizada en este sitio es exclusivamente para uso individual. Usted es responsable de la seguridad de su contrase\u00f1a (si corresponde). La Empresa tiene el derecho de monitorear la seguridad de su contrase\u00f1a y, a su discreci\u00f3n, puede solicitar que la cambie. Si utiliza una contrase\u00f1a que la Empresa considere insegura, la Empresa tiene el derecho de solicitar que se modifique la contrase\u00f1a y\/o cancelar su cuenta.<\/p>\n<p>Est\u00e1 prohibido utilizar cualquier servicio o herramienta conectada a este sitio para comprometer la seguridad o manipular los recursos del sistema y\/o las cuentas. El uso o la distribuci\u00f3n de herramientas destinadas a comprometer la seguridad (por ejemplo, programas para descubrir contrase\u00f1as, herramientas de crack o de sondeo de la red) est\u00e1n estrictamente prohibidos. Si est\u00e1 involucrado en cualquier violaci\u00f3n de la seguridad del sistema, la Empresa se reserva el derecho de proporcionar su informaci\u00f3n a los administradores del sistema de otros sitios para ayudarlos a resolver incidentes de seguridad. La Empresa se reserva el derecho de investigar posibles violaciones de estos T\u00e9rminos de Uso.<\/p>\n<p>La Empresa se reserva el derecho de cooperar plenamente con las autoridades competentes o las solicitudes judiciales para que la Empresa revele la identidad de cualquier persona que publique correos electr\u00f3nicos, mensajes o proporcione cualquier material que pueda violar estos T\u00e9rminos de Uso.<\/p>\n<p>AL ACEPTAR ESTE ACUERDO, USTED EXIME A LA EMPRESA DE CUALQUIER CONSECUENCIA RESULTANTE DE CUALQUIER ACCI\u00d3N DE LA EMPRESA DURANTE O COMO RESULTADO DE SUS INVESTIGACIONES Y\/O ACCIONES TOMADAS COMO RESULTADO DE INVESTIGACIONES, TANTO DE LA EMPRESA COMO DE LAS AUTORIDADES JUDICIALES COMPETENTES.<\/p>\n<hr \/>\n<h3>Tambi\u00e9n puedes visitar:<\/h3>\n<ul>\n<li>\ud83d\udd12 <a href=\"\/es\/politica-de-cookies\/\" target=\"_blank\" rel=\"noopener\">Pol\u00edtica de Cookies<\/a><\/li>\n<li>\ud83d\udcdc <a href=\"\/politica-de-privacidad\/\" target=\"_blank\" rel=\"noopener\">Pol\u00edtica de Privacidad<\/a><\/li>\n<li>\u2696\ufe0f <a href=\"\/terminos-de-uso\/\" target=\"_blank\" rel=\"noopener\">T\u00e9rminos de Uso<\/a><\/li>\n<li>\ud83e\uddfd <a href=\"\/eliminacion-de-datos\/\" target=\"_blank\" rel=\"noopener\">Solicitar Eliminaci\u00f3n de Datos<\/a><\/li>\n<li>\ud83e\udde0 <a href=\"\/gestion-del-consentimiento-de-cookies\/\">Gesti\u00f3n del Consentimiento de Cookies<\/a><\/li>\n<\/ul>\n<p>Si tienes alguna pregunta, contacta con nuestro equipo a trav\u00e9s de la <a href=\"\/contacto\/\" target=\"_blank\" rel=\"noopener\">p\u00e1gina de contacto<\/a>. Estamos aqu\u00ed para garantizar tu seguridad y total transparencia en el uso de tu informaci\u00f3n.<\/p>\n","protected":false},"excerpt":{"rendered":"<p>Termos de Uso para Maestro de los C\u00f3cteles &#8211; Estes termos de servi\u00e7o regulam o uso deste site. Ao acess\u00e1-lo voc\u00ea concorda com estes termos.<\/p>\n","protected":false},"author":5,"featured_media":91,"parent":0,"menu_order":0,"comment_status":"closed","ping_status":"closed","template":"","meta":{"ocean_post_layout":"","ocean_both_sidebars_style":"","ocean_both_sidebars_content_width":0,"ocean_both_sidebars_sidebars_width":0,"ocean_sidebar":"0","ocean_second_sidebar":"0","ocean_disable_margins":"enable","ocean_add_body_class":"","ocean_shortcode_before_top_bar":"","ocean_shortcode_after_top_bar":"","ocean_shortcode_before_header":"","ocean_shortcode_after_header":"","ocean_has_shortcode":"","ocean_shortcode_after_title":"","ocean_shortcode_before_footer_widgets":"","ocean_shortcode_after_footer_widgets":"","ocean_shortcode_before_footer_bottom":"","ocean_shortcode_after_footer_bottom":"","ocean_display_top_bar":"default","ocean_display_header":"default","ocean_header_style":"","ocean_center_header_left_menu":"0","ocean_custom_header_template":"0","ocean_custom_logo":0,"ocean_custom_retina_logo":0,"ocean_custom_logo_max_width":0,"ocean_custom_logo_tablet_max_width":0,"ocean_custom_logo_mobile_max_width":0,"ocean_custom_logo_max_height":0,"ocean_custom_logo_tablet_max_height":0,"ocean_custom_logo_mobile_max_height":0,"ocean_header_custom_menu":"0","ocean_menu_typo_font_family":"0","ocean_menu_typo_font_subset":"","ocean_menu_typo_font_size":0,"ocean_menu_typo_font_size_tablet":0,"ocean_menu_typo_font_size_mobile":0,"ocean_menu_typo_font_size_unit":"px","ocean_menu_typo_font_weight":"","ocean_menu_typo_font_weight_tablet":"","ocean_menu_typo_font_weight_mobile":"","ocean_menu_typo_transform":"","ocean_menu_typo_transform_tablet":"","ocean_menu_typo_transform_mobile":"","ocean_menu_typo_line_height":0,"ocean_menu_typo_line_height_tablet":0,"ocean_menu_typo_line_height_mobile":0,"ocean_menu_typo_line_height_unit":"","ocean_menu_typo_spacing":0,"ocean_menu_typo_spacing_tablet":0,"ocean_menu_typo_spacing_mobile":0,"ocean_menu_typo_spacing_unit":"","ocean_menu_link_color":"","ocean_menu_link_color_hover":"","ocean_menu_link_color_active":"","ocean_menu_link_background":"","ocean_menu_link_hover_background":"","ocean_menu_link_active_background":"","ocean_menu_social_links_bg":"","ocean_menu_social_hover_links_bg":"","ocean_menu_social_links_color":"","ocean_menu_social_hover_links_color":"","ocean_disable_title":"default","ocean_disable_heading":"default","ocean_post_title":"","ocean_post_subheading":"","ocean_post_title_style":"background-image","ocean_post_title_background_color":"","ocean_post_title_background":91,"ocean_post_title_bg_image_position":"","ocean_post_title_bg_image_attachment":"","ocean_post_title_bg_image_repeat":"no-repeat","ocean_post_title_bg_image_size":"cover","ocean_post_title_height":628,"ocean_post_title_bg_overlay":0.5,"ocean_post_title_bg_overlay_color":"","ocean_disable_breadcrumbs":"default","ocean_breadcrumbs_color":"","ocean_breadcrumbs_separator_color":"","ocean_breadcrumbs_links_color":"","ocean_breadcrumbs_links_hover_color":"","ocean_display_footer_widgets":"default","ocean_display_footer_bottom":"default","ocean_custom_footer_template":"0","footnotes":"","_links_to":"","_links_to_target":""},"class_list":["post-65","page","type-page","status-publish","has-post-thumbnail","hentry","entry","has-media"],"_links":{"self":[{"href":"https:\/\/mestredosdrinks.com\/es\/wp-json\/wp\/v2\/pages\/65","targetHints":{"allow":["GET"]}}],"collection":[{"href":"https:\/\/mestredosdrinks.com\/es\/wp-json\/wp\/v2\/pages"}],"about":[{"href":"https:\/\/mestredosdrinks.com\/es\/wp-json\/wp\/v2\/types\/page"}],"author":[{"embeddable":true,"href":"https:\/\/mestredosdrinks.com\/es\/wp-json\/wp\/v2\/users\/5"}],"replies":[{"embeddable":true,"href":"https:\/\/mestredosdrinks.com\/es\/wp-json\/wp\/v2\/comments?post=65"}],"version-history":[{"count":0,"href":"https:\/\/mestredosdrinks.com\/es\/wp-json\/wp\/v2\/pages\/65\/revisions"}],"wp:featuredmedia":[{"embeddable":true,"href":"https:\/\/mestredosdrinks.com\/es\/wp-json\/wp\/v2\/media\/91"}],"wp:attachment":[{"href":"https:\/\/mestredosdrinks.com\/es\/wp-json\/wp\/v2\/media?parent=65"}],"curies":[{"name":"wp","href":"https:\/\/api.w.org\/{rel}","templated":true}]}}