{"id":39643,"date":"2025-03-21T09:33:26","date_gmt":"2025-03-21T12:33:26","guid":{"rendered":"https:\/\/mestredosdrinks.com\/es\/?page_id=39643"},"modified":"2025-03-21T09:33:26","modified_gmt":"2025-03-21T12:33:26","slug":"politica-de-cookies","status":"publish","type":"page","link":"https:\/\/mestredosdrinks.com\/es\/politica-de-cookies\/","title":{"rendered":"Pol\u00edtica de Cookies"},"content":{"rendered":"<h2>Pol\u00edtica de Cookies<\/h2>\n<div id=\"cmplz-document\" class=\"cmplz-document cookie-statement cmplz-document-es\">\n<p><i>Esta Pol\u00edtica de Cookies fue actualizada por \u00faltima vez el 12 de febrero de 2025 y se aplica a ciudadanos y residentes legales permanentes de Brasil.<\/i><\/p>\n<h2>1. Introducci\u00f3n<\/h2>\n<p>Nuestro sitio web, <a href=\"https:\/\/mestredosdrinks.com\/\">https:\/\/mestredosdrinks.com<\/a> (en adelante: \u201cel sitio web\u201d), utiliza cookies y otras tecnolog\u00edas relacionadas (por conveniencia, todas las tecnolog\u00edas se denominan \u00abcookies\u00bb). Las cookies tambi\u00e9n son colocadas por terceros que contratamos. En el documento a continuaci\u00f3n, le informamos sobre el uso de cookies en nuestro sitio web.<\/p>\n<h2>2. \u00bfQu\u00e9 son las cookies?<\/h2>\n<p>Una cookie es un peque\u00f1o archivo simple que se env\u00eda junto con las p\u00e1ginas de este sitio web y que su navegador almacena en el disco duro de su ordenador u otro dispositivo. La informaci\u00f3n almacenada puede ser devuelta a nuestros servidores o a los servidores de los terceros relevantes durante una visita posterior.<\/p>\n<h2>3. \u00bfQu\u00e9 son los scripts?<\/h2>\n<p>Un script es un fragmento de c\u00f3digo de programa que se utiliza para que nuestro sitio web funcione correctamente e interactivamente. Este c\u00f3digo se ejecuta en nuestro servidor o en su dispositivo.<\/p>\n<h2>4. \u00bfQu\u00e9 es un web beacon?<\/h2>\n<p>Un web beacon (o etiqueta de p\u00edxel) es un peque\u00f1o fragmento de texto o imagen invisible en un sitio web que se utiliza para monitorear el tr\u00e1fico. Para ello, se almacenan varios datos sobre usted mediante web beacons.<\/p>\n<h2>5. Cookies<\/h2>\n<p class=\"cmplz-subtitle\">5.1 Cookies t\u00e9cnicas o funcionales<\/p>\n<p>Algunas cookies garantizan que ciertas partes del sitio funcionen correctamente y que se recuerden sus preferencias como usuario. Al colocar cookies funcionales, le facilitamos la visita a nuestro sitio web. De esta manera, no necesita introducir repetidamente la misma informaci\u00f3n y, por ejemplo, los art\u00edculos permanecen en su carrito de compras hasta que finalice el pedido. Podemos colocar estas cookies sin su consentimiento.<\/p>\n<p class=\"cmplz-subtitle\">5.2 Cookies anal\u00edticas<\/p>\n<p>Utilizamos cookies anal\u00edticas para optimizar la experiencia del sitio para nuestros usuarios. Con estas cookies obtenemos informaci\u00f3n sobre el uso de nuestro sitio. Le pedimos su permiso para colocar cookies anal\u00edticas.<\/p>\n<p class=\"cmplz-subtitle\">5.3 Cookies de publicidad<\/p>\n<p>En este sitio utilizamos cookies de publicidad, que nos brindan informaci\u00f3n sobre los resultados de nuestras campa\u00f1as. Esto se hace en base a un perfil de su comportamiento en <a href=\"https:\/\/mestredosdrinks.com\/\">https:\/\/mestredosdrinks.com<\/a>. Estas cookies lo vinculan a usted como visitante del sitio a un ID \u00fanico, pero no se utilizar\u00e1n para mostrar anuncios personalizados seg\u00fan su comportamiento e intereses.<\/p>\n<p class=\"cmplz-subtitle\">5.4 Cookies de marketing\/seguimiento<\/p>\n<p>Las cookies de marketing o seguimiento son cookies, o cualquier otra forma de almacenamiento local, utilizadas para crear perfiles de usuario para mostrar publicidad o para rastrear al usuario en este sitio web o en varios sitios web con fines de marketing similares.<\/p>\n<p>Dado que estas cookies se marcan como cookies de seguimiento, solicitamos su permiso para colocarlas.<\/p>\n<h2>6. Activar\/desactivar y eliminar cookies<\/h2>\n<p>Puede usar su navegador para eliminar cookies de forma autom\u00e1tica o manual. Tambi\u00e9n puede especificar que ciertas cookies no se coloquen. Otra opci\u00f3n es cambiar la configuraci\u00f3n de su navegador para recibir una notificaci\u00f3n cada vez que se coloque una cookie. Para obtener m\u00e1s informaci\u00f3n sobre estas opciones, consulte la secci\u00f3n de ayuda de su navegador.<\/p>\n<p>Tenga en cuenta que nuestro sitio web puede no funcionar correctamente si todas las cookies est\u00e1n desactivadas. Si elimina las cookies de su navegador, se le volver\u00e1n a solicitar cuando visite nuestros sitios nuevamente.<\/p>\n<h2>7. Sus derechos con respecto a los datos personales<\/h2>\n<p>Usted tiene los siguientes derechos en relaci\u00f3n con sus datos personales:<\/p>\n<ul>\n<li>Confirmaci\u00f3n de la existencia del tratamiento;<\/li>\n<li>Acceso a los datos;<\/li>\n<li>Correcci\u00f3n de datos incompletos, inexactos o desactualizados;<\/li>\n<li>Anonimizaci\u00f3n, bloqueo o eliminaci\u00f3n de datos innecesarios, excesivos o tratados en desacuerdo con la Ley General de Protecci\u00f3n de Datos Personales (LGPD);<\/li>\n<li>Portabilidad de los datos a otro proveedor de servicios o productos, previa solicitud expresa, conforme a la regulaci\u00f3n de la autoridad nacional, respetando los secretos comerciales e industriales;<\/li>\n<li>Eliminaci\u00f3n de los datos personales tratados con el consentimiento del titular, salvo en los casos previstos en el art\u00edculo 16 de la LGPD;<\/li>\n<li>Informaci\u00f3n sobre las entidades p\u00fablicas y privadas con las que el controlador comparti\u00f3 datos;<\/li>\n<li>Informaci\u00f3n sobre la posibilidad de no otorgar el consentimiento y sobre las consecuencias de la negativa.<\/li>\n<\/ul>\n<h2>9. Datos de contacto<\/h2>\n<p>Si tiene preguntas y\/o comentarios sobre nuestra Pol\u00edtica de Cookies y esta declaraci\u00f3n, comun\u00edquese con nosotros utilizando los siguientes datos de contacto:<\/p>\n<p><span class=\"cmplz-contact-organisation\"><a class=\"google-anno\" href=\"https:\/\/mestredosdrinks.com\/politica-de-cookies-br\/#\" data-google-vignette=\"false\" data-google-interstitial=\"false\"><span class=\"google-anno-t\">Mestre dos Drinks<\/span><\/a><\/span><br \/>\n<span class=\"cmplz-contact-address\">R. Marajoara, 28 &#8211; APT 101<br \/>\nGl\u00f3ria<br \/>\nVila Velha &#8211; ES<br \/>\nCEP: 29122-240<\/span><br \/>\n<span class=\"cmplz-contact-country\">Brasil<\/span><br \/>\nSitio web: <span class=\"cmplz-contact-domain\"><a href=\"https:\/\/mestredosdrinks.com\/\">https:\/\/mestredosdrinks.com<\/a><\/span><br \/>\nCorreo electr\u00f3nico: <span class=\"cmplz-contact-email\"><span class=\"cmplz-obfuscate\">romero.carvalho.tv@gmail.com<\/span><\/span><\/p>\n<p>Esta Pol\u00edtica de Cookies fue sincronizada con <a href=\"https:\/\/cookiedatabase.org\/\" target=\"_blank\" rel=\"noopener\">cookiedatabase.org<\/a> el 15 de febrero de 2025.<\/p>\n<\/div>\n","protected":false},"excerpt":{"rendered":"<p>Pol\u00edtica de Cookies Esta Pol\u00edtica de Cookies fue actualizada por \u00faltima vez el 12 de febrero de 2025 y se aplica a ciudadanos y residentes legales permanentes de Brasil. 1. Introducci\u00f3n Nuestro sitio web, https:\/\/mestredosdrinks.com (en adelante: \u201cel sitio web\u201d), utiliza cookies y otras tecnolog\u00edas relacionadas (por conveniencia, todas las tecnolog\u00edas se denominan \u00abcookies\u00bb). Las [&hellip;]<\/p>\n","protected":false},"author":1,"featured_media":0,"parent":0,"menu_order":0,"comment_status":"closed","ping_status":"closed","template":"","meta":{"ocean_post_layout":"","ocean_both_sidebars_style":"","ocean_both_sidebars_content_width":0,"ocean_both_sidebars_sidebars_width":0,"ocean_sidebar":"0","ocean_second_sidebar":"0","ocean_disable_margins":"enable","ocean_add_body_class":"","ocean_shortcode_before_top_bar":"","ocean_shortcode_after_top_bar":"","ocean_shortcode_before_header":"","ocean_shortcode_after_header":"","ocean_has_shortcode":"","ocean_shortcode_after_title":"","ocean_shortcode_before_footer_widgets":"","ocean_shortcode_after_footer_widgets":"","ocean_shortcode_before_footer_bottom":"","ocean_shortcode_after_footer_bottom":"","ocean_display_top_bar":"default","ocean_display_header":"default","ocean_header_style":"","ocean_center_header_left_menu":"0","ocean_custom_header_template":"0","ocean_custom_logo":0,"ocean_custom_retina_logo":0,"ocean_custom_logo_max_width":0,"ocean_custom_logo_tablet_max_width":0,"ocean_custom_logo_mobile_max_width":0,"ocean_custom_logo_max_height":0,"ocean_custom_logo_tablet_max_height":0,"ocean_custom_logo_mobile_max_height":0,"ocean_header_custom_menu":"0","ocean_menu_typo_font_family":"0","ocean_menu_typo_font_subset":"","ocean_menu_typo_font_size":0,"ocean_menu_typo_font_size_tablet":0,"ocean_menu_typo_font_size_mobile":0,"ocean_menu_typo_font_size_unit":"px","ocean_menu_typo_font_weight":"","ocean_menu_typo_font_weight_tablet":"","ocean_menu_typo_font_weight_mobile":"","ocean_menu_typo_transform":"","ocean_menu_typo_transform_tablet":"","ocean_menu_typo_transform_mobile":"","ocean_menu_typo_line_height":0,"ocean_menu_typo_line_height_tablet":0,"ocean_menu_typo_line_height_mobile":0,"ocean_menu_typo_line_height_unit":"","ocean_menu_typo_spacing":0,"ocean_menu_typo_spacing_tablet":0,"ocean_menu_typo_spacing_mobile":0,"ocean_menu_typo_spacing_unit":"","ocean_menu_link_color":"","ocean_menu_link_color_hover":"","ocean_menu_link_color_active":"","ocean_menu_link_background":"","ocean_menu_link_hover_background":"","ocean_menu_link_active_background":"","ocean_menu_social_links_bg":"","ocean_menu_social_hover_links_bg":"","ocean_menu_social_links_color":"","ocean_menu_social_hover_links_color":"","ocean_disable_title":"default","ocean_disable_heading":"default","ocean_post_title":"","ocean_post_subheading":"","ocean_post_title_style":"","ocean_post_title_background_color":"","ocean_post_title_background":0,"ocean_post_title_bg_image_position":"","ocean_post_title_bg_image_attachment":"","ocean_post_title_bg_image_repeat":"","ocean_post_title_bg_image_size":"","ocean_post_title_height":0,"ocean_post_title_bg_overlay":0.5,"ocean_post_title_bg_overlay_color":"","ocean_disable_breadcrumbs":"default","ocean_breadcrumbs_color":"","ocean_breadcrumbs_separator_color":"","ocean_breadcrumbs_links_color":"","ocean_breadcrumbs_links_hover_color":"","ocean_display_footer_widgets":"default","ocean_display_footer_bottom":"default","ocean_custom_footer_template":"0","footnotes":"","_links_to":"","_links_to_target":""},"class_list":["post-39643","page","type-page","status-publish","hentry","entry"],"_links":{"self":[{"href":"https:\/\/mestredosdrinks.com\/es\/wp-json\/wp\/v2\/pages\/39643","targetHints":{"allow":["GET"]}}],"collection":[{"href":"https:\/\/mestredosdrinks.com\/es\/wp-json\/wp\/v2\/pages"}],"about":[{"href":"https:\/\/mestredosdrinks.com\/es\/wp-json\/wp\/v2\/types\/page"}],"author":[{"embeddable":true,"href":"https:\/\/mestredosdrinks.com\/es\/wp-json\/wp\/v2\/users\/1"}],"replies":[{"embeddable":true,"href":"https:\/\/mestredosdrinks.com\/es\/wp-json\/wp\/v2\/comments?post=39643"}],"version-history":[{"count":0,"href":"https:\/\/mestredosdrinks.com\/es\/wp-json\/wp\/v2\/pages\/39643\/revisions"}],"wp:attachment":[{"href":"https:\/\/mestredosdrinks.com\/es\/wp-json\/wp\/v2\/media?parent=39643"}],"curies":[{"name":"wp","href":"https:\/\/api.w.org\/{rel}","templated":true}]}}