{"id":39639,"date":"2025-03-21T09:24:41","date_gmt":"2025-03-21T12:24:41","guid":{"rendered":"https:\/\/mestredosdrinks.com\/es\/?page_id=39639"},"modified":"2025-03-21T09:36:53","modified_gmt":"2025-03-21T12:36:53","slug":"gestion-del-consentimiento-de-cookies","status":"publish","type":"page","link":"https:\/\/mestredosdrinks.com\/es\/gestion-del-consentimiento-de-cookies\/","title":{"rendered":"Gesti\u00f3n del Consentimiento de Cookies"},"content":{"rendered":"<h2>Gesti\u00f3n del Consentimiento de Cookies<\/h2>\n<p>En esta p\u00e1gina, puedes ver los datos relacionados con tu elecci\u00f3n de consentimiento sobre el uso de cookies en nuestro sitio web.<\/p>\n<h2>\u00bfQu\u00e9 encontrar\u00e1s aqu\u00ed?<\/h2>\n<ul>\n<li>La fecha y hora en que aceptaste o rechazaste el uso de cookies;<\/li>\n<li>Tu direcci\u00f3n IP p\u00fablica (almacenada localmente en tu navegador);<\/li>\n<li>El estado actual de tu consentimiento (permitido o rechazado).<\/li>\n<\/ul>\n<p>Esta informaci\u00f3n se almacena exclusivamente en tu navegador mediante cookies y no se comparte con terceros.<\/p>\n<h2>Tu informaci\u00f3n de consentimiento:<\/h2>\n<p>Si lo deseas, puedes <strong>cambiar tu elecci\u00f3n de consentimiento<\/strong> en cualquier momento haciendo clic en el bot\u00f3n de abajo. Si no ves el cuadro con la informaci\u00f3n de consentimiento, es probable que a\u00fan no hayas hecho tu elecci\u00f3n o que las cookies hayan sido borradas o bloqueadas.<\/p>\n\n<h2>\u00bfC\u00f3mo se almacena la informaci\u00f3n de consentimiento?<\/h2>\n<p>La informaci\u00f3n de consentimiento se almacena en cookies. Si tu navegador est\u00e1 configurado para bloquear cookies, o si borras las cookies o cambias de dispositivo, esta informaci\u00f3n ya no estar\u00e1 disponible y deber\u00e1s aceptar o rechazar las cookies nuevamente.<\/p>\n<hr \/>\n<h3>Tambi\u00e9n puedes visitar:<\/h3>\n<ul>\n<li>\ud83d\udd12 <a href=\"\/es\/politica-de-cookies\/\" target=\"_blank\" rel=\"noopener\">Pol\u00edtica de Cookies<\/a><\/li>\n<li>\ud83d\udcdc <a href=\"\/politica-de-privacidad\/\" target=\"_blank\" rel=\"noopener\">Pol\u00edtica de Privacidad<\/a><\/li>\n<li>\u2696\ufe0f <a href=\"\/terminos-de-uso\/\" target=\"_blank\" rel=\"noopener\">T\u00e9rminos de Uso<\/a><\/li>\n<li>\ud83e\uddfd <a href=\"\/eliminacion-de-datos\/\" target=\"_blank\" rel=\"noopener\">Solicitar Eliminaci\u00f3n de Datos<\/a><\/li>\n<li>\ud83e\udde0 <a href=\"\/gestion-del-consentimiento-de-cookies\/\">Gesti\u00f3n del Consentimiento de Cookies<\/a><\/li>\n<\/ul>\n<p>Si tienes alguna pregunta, contacta con nuestro equipo a trav\u00e9s de la <a href=\"\/contacto\/\" target=\"_blank\" rel=\"noopener\">p\u00e1gina de contacto<\/a>. Estamos aqu\u00ed para garantizar tu seguridad y total transparencia en el uso de tu informaci\u00f3n.<\/p>\n","protected":false},"excerpt":{"rendered":"<p>Gesti\u00f3n del Consentimiento de Cookies En esta p\u00e1gina, puedes ver los datos relacionados con tu elecci\u00f3n de consentimiento sobre el uso de cookies en nuestro sitio web. \u00bfQu\u00e9 encontrar\u00e1s aqu\u00ed? La fecha y hora en que aceptaste o rechazaste el uso de cookies; Tu direcci\u00f3n IP p\u00fablica (almacenada localmente en tu navegador); El estado actual [&hellip;]<\/p>\n","protected":false},"author":1,"featured_media":0,"parent":0,"menu_order":0,"comment_status":"closed","ping_status":"closed","template":"","meta":{"ocean_post_layout":"","ocean_both_sidebars_style":"","ocean_both_sidebars_content_width":0,"ocean_both_sidebars_sidebars_width":0,"ocean_sidebar":"0","ocean_second_sidebar":"0","ocean_disable_margins":"enable","ocean_add_body_class":"","ocean_shortcode_before_top_bar":"","ocean_shortcode_after_top_bar":"","ocean_shortcode_before_header":"","ocean_shortcode_after_header":"","ocean_has_shortcode":"","ocean_shortcode_after_title":"","ocean_shortcode_before_footer_widgets":"","ocean_shortcode_after_footer_widgets":"","ocean_shortcode_before_footer_bottom":"","ocean_shortcode_after_footer_bottom":"","ocean_display_top_bar":"default","ocean_display_header":"default","ocean_header_style":"","ocean_center_header_left_menu":"0","ocean_custom_header_template":"0","ocean_custom_logo":0,"ocean_custom_retina_logo":0,"ocean_custom_logo_max_width":0,"ocean_custom_logo_tablet_max_width":0,"ocean_custom_logo_mobile_max_width":0,"ocean_custom_logo_max_height":0,"ocean_custom_logo_tablet_max_height":0,"ocean_custom_logo_mobile_max_height":0,"ocean_header_custom_menu":"0","ocean_menu_typo_font_family":"0","ocean_menu_typo_font_subset":"","ocean_menu_typo_font_size":0,"ocean_menu_typo_font_size_tablet":0,"ocean_menu_typo_font_size_mobile":0,"ocean_menu_typo_font_size_unit":"px","ocean_menu_typo_font_weight":"","ocean_menu_typo_font_weight_tablet":"","ocean_menu_typo_font_weight_mobile":"","ocean_menu_typo_transform":"","ocean_menu_typo_transform_tablet":"","ocean_menu_typo_transform_mobile":"","ocean_menu_typo_line_height":0,"ocean_menu_typo_line_height_tablet":0,"ocean_menu_typo_line_height_mobile":0,"ocean_menu_typo_line_height_unit":"","ocean_menu_typo_spacing":0,"ocean_menu_typo_spacing_tablet":0,"ocean_menu_typo_spacing_mobile":0,"ocean_menu_typo_spacing_unit":"","ocean_menu_link_color":"","ocean_menu_link_color_hover":"","ocean_menu_link_color_active":"","ocean_menu_link_background":"","ocean_menu_link_hover_background":"","ocean_menu_link_active_background":"","ocean_menu_social_links_bg":"","ocean_menu_social_hover_links_bg":"","ocean_menu_social_links_color":"","ocean_menu_social_hover_links_color":"","ocean_disable_title":"default","ocean_disable_heading":"default","ocean_post_title":"","ocean_post_subheading":"","ocean_post_title_style":"","ocean_post_title_background_color":"","ocean_post_title_background":0,"ocean_post_title_bg_image_position":"","ocean_post_title_bg_image_attachment":"","ocean_post_title_bg_image_repeat":"","ocean_post_title_bg_image_size":"","ocean_post_title_height":0,"ocean_post_title_bg_overlay":0.5,"ocean_post_title_bg_overlay_color":"","ocean_disable_breadcrumbs":"default","ocean_breadcrumbs_color":"","ocean_breadcrumbs_separator_color":"","ocean_breadcrumbs_links_color":"","ocean_breadcrumbs_links_hover_color":"","ocean_display_footer_widgets":"default","ocean_display_footer_bottom":"default","ocean_custom_footer_template":"0","footnotes":"","_links_to":"","_links_to_target":""},"class_list":["post-39639","page","type-page","status-publish","hentry","entry"],"_links":{"self":[{"href":"https:\/\/mestredosdrinks.com\/es\/wp-json\/wp\/v2\/pages\/39639","targetHints":{"allow":["GET"]}}],"collection":[{"href":"https:\/\/mestredosdrinks.com\/es\/wp-json\/wp\/v2\/pages"}],"about":[{"href":"https:\/\/mestredosdrinks.com\/es\/wp-json\/wp\/v2\/types\/page"}],"author":[{"embeddable":true,"href":"https:\/\/mestredosdrinks.com\/es\/wp-json\/wp\/v2\/users\/1"}],"replies":[{"embeddable":true,"href":"https:\/\/mestredosdrinks.com\/es\/wp-json\/wp\/v2\/comments?post=39639"}],"version-history":[{"count":0,"href":"https:\/\/mestredosdrinks.com\/es\/wp-json\/wp\/v2\/pages\/39639\/revisions"}],"wp:attachment":[{"href":"https:\/\/mestredosdrinks.com\/es\/wp-json\/wp\/v2\/media?parent=39639"}],"curies":[{"name":"wp","href":"https:\/\/api.w.org\/{rel}","templated":true}]}}