{"id":3,"date":"2021-08-14T18:32:54","date_gmt":"2021-08-14T18:32:54","guid":{"rendered":"https:\/\/mestredosdrinks.com\/es\/?page_id=3"},"modified":"2025-03-21T09:44:15","modified_gmt":"2025-03-21T12:44:15","slug":"politica-de-privacidad","status":"publish","type":"page","link":"https:\/\/mestredosdrinks.com\/es\/politica-de-privacidad\/","title":{"rendered":"Pol\u00edtica de privacidad"},"content":{"rendered":"<h2>Pol\u00edtica de Privacidad para el Blog <a href=\"https:\/\/mestredosdrinks.com\/es\/\" rel=\"nofollow\">Maestro de los C\u00f3cteles<\/a><\/h2>\n<p>Este sitio web utiliza cookies de publicidad, incluyendo Google, que utilizan cookies para mostrar anuncios basados en las visitas previas del usuario a su sitio web u otros sitios web.<\/p>\n<p>Mediante el uso de cookies de publicidad, Google y sus socios pueden mostrar anuncios a los usuarios basados en las visitas que han realizado a sus sitios web y\/o a otros sitios en Internet.<\/p>\n<p>Puede desactivar la publicidad personalizada visitando las <a href=\"https:\/\/www.google.com\/settings\/ads\" target=\"_blank\" rel=\"noopener nofollow\">Configuraciones de anuncios<\/a>. Como alternativa, puede visitar el sitio <a href=\"http:\/\/www.aboutads.info\/choices\/\" rel=\"nofollow noopener\" target=\"_blank\">www.aboutads.info<\/a> para deshabilitar el uso de cookies de publicidad personalizada de terceros.<\/p>\n<p>Toda la informaci\u00f3n personal recopilada se utilizar\u00e1 para ayudar a que su visita a nuestro sitio web sea lo m\u00e1s productiva y agradable posible.<\/p>\n<p>La confidencialidad de los datos personales de los usuarios de nuestro sitio web es importante para Maestro de los C\u00f3cteles.<\/p>\n<p>Toda la informaci\u00f3n personal relacionada con miembros, suscriptores, clientes o visitantes que utilicen Maestro de los C\u00f3cteles ser\u00e1 tratada de acuerdo con la Ley de Protecci\u00f3n de Datos Personales del 26 de octubre de 1998 (Ley n.\u00ba 67\/98).<\/p>\n<p>La informaci\u00f3n personal recopilada puede incluir su nombre, correo electr\u00f3nico, n\u00famero de tel\u00e9fono y\/o m\u00f3vil, direcci\u00f3n, fecha de nacimiento y\/o otros datos.<\/p>\n<p>El uso\/navegaci\u00f3n en el blog Maestro de los C\u00f3cteles implica la aceptaci\u00f3n de este acuerdo de privacidad. El equipo de Maestro de los C\u00f3cteles se reserva el derecho de modificar este acuerdo sin previo aviso. Por lo tanto, recomendamos que consulte nuestra pol\u00edtica de privacidad con regularidad para estar siempre actualizado.<\/p>\n<h2>Los anuncios<\/h2>\n<p>Al igual que otros sitios web, recopilamos y utilizamos informaci\u00f3n contenida en los anuncios. La informaci\u00f3n contenida en los anuncios incluye su direcci\u00f3n IP (Protocolo de Internet), su ISP (Proveedor de Servicios de Internet, como Sapo, Clix, u otros), el navegador que utiliz\u00f3 al visitar nuestro sitio web (como Internet Explorer o Firefox), la duraci\u00f3n de su visita y las p\u00e1ginas que visit\u00f3 dentro de nuestro sitio web.<\/p>\n<h2>Cookie DoubleClick Dart<\/h2>\n<p>Google, como proveedor de terceros, utiliza cookies para mostrar anuncios en nuestro sitio web;<\/p>\n<p>Con la cookie DART, Google puede mostrar anuncios basados en las visitas que el lector ha realizado a otros sitios web en Internet;<\/p>\n<p>Los usuarios pueden desactivar la cookie DART visitando la <a href=\"http:\/\/www.google.com\/privacy_ads.html\" target=\"_blank\" rel=\"noopener nofollow\">Pol\u00edtica de Privacidad de la Red de Contenido y Anuncios de Google<\/a>.<\/p>\n<h2>Cookies y Web Beacons<\/h2>\n<p>Utilizamos cookies para almacenar informaci\u00f3n, como sus preferencias personales cuando visita nuestro sitio web. Esto puede incluir un simple aviso emergente o un enlace a varios servicios que proporcionamos, como foros.<\/p>\n<p>Adem\u00e1s, tambi\u00e9n utilizamos publicidad de terceros en nuestro sitio web para cubrir los costos de mantenimiento. Algunos de estos anunciantes pueden utilizar tecnolog\u00edas como cookies y\/o web beacons al publicitar en nuestro sitio web, lo que permite que estos anunciantes (como Google a trav\u00e9s de Google AdSense) tambi\u00e9n reciban su informaci\u00f3n personal, como su direcci\u00f3n IP, su ISP, su navegador, etc. Esta funci\u00f3n se utiliza generalmente para la geolocalizaci\u00f3n (mostrar publicidad de Lisboa solo a lectores que provienen de Lisboa, por ejemplo) o para mostrar publicidad dirigida a un tipo de usuario (como mostrar publicidad de restaurantes a un usuario que visita sitios de cocina regularmente, por ejemplo).<\/p>\n<p>Usted tiene el poder de desactivar sus cookies en la configuraci\u00f3n de su navegador o realizando cambios en las herramientas de programas antivirus, como Norton Internet Security. Sin embargo, esto puede cambiar la forma en que interact\u00faa con nuestro sitio web u otros sitios web. Esto puede afectar o no permitir que inicie sesi\u00f3n en programas, sitios web o foros de nuestra y otras redes.<\/p>\n<h2>Enlaces a Sitios de Terceros<\/h2>\n<p>Maestro de los C\u00f3cteles tiene enlaces a otros sitios web que, en nuestra opini\u00f3n, pueden contener informaci\u00f3n\/herramientas \u00fatiles para nuestros visitantes. Nuestra pol\u00edtica de privacidad no se aplica a sitios web de terceros, por lo que si visita otro sitio web desde el nuestro, debe leer su pol\u00edtica de privacidad.<\/p>\n<p>No nos hacemos responsables de la pol\u00edtica de privacidad o el contenido presente en estos mismos sitios.<\/p>\n<p>El sitio web Maestro de los C\u00f3cteles declara que no utiliza correos electr\u00f3nicos para el env\u00edo de SPAM o mensajes no deseados.<\/p>\n<h2>Anuncios y AdSense<\/h2>\n<p>El sitio web Maestro de los C\u00f3cteles no se hace responsable del contenido, las promesas y la veracidad de la informaci\u00f3n de los anuncios mostrados por sus patrocinadores, dejando claro que toda la responsabilidad de los anuncios mostrados en el sitio web recae en los anunciantes.<\/p>\n<p>El sitio web Maestro de los C\u00f3cteles puede utilizar cookies y\/o web beacons cuando un usuario accede a las p\u00e1ginas, y las cookies que se pueden utilizar est\u00e1n asociadas (si es el caso) solo con el navegador de una computadora en particular.<\/p>\n<p>El sitio web Maestro de los C\u00f3cteles se rentabiliza a trav\u00e9s de empresas de publicidad de terceros para mostrar anuncios durante su visita a nuestro sitio web. Estas empresas pueden utilizar informaci\u00f3n sobre sus visitas a este y otros sitios web con el fin de mostrar anuncios relacionados con productos y servicios de su inter\u00e9s. La informaci\u00f3n sobre sus visitas no incluye su nombre, direcci\u00f3n de correo electr\u00f3nico o n\u00famero de tel\u00e9fono. Para obtener m\u00e1s informaci\u00f3n sobre esta pr\u00e1ctica y saber c\u00f3mo desactivar la cookie DART, consulte la <a href=\"http:\/\/www.google.com\/privacy_ads.html\" target=\"_blank\" rel=\"noopener nofollow\">pol\u00edtica de privacidad de la red de contenido y anuncios de Google<\/a> y las <a href=\"http:\/\/emea.doubleclick.com\/PT-BR\/privacy\/faq.aspx\" target=\"_blank\" rel=\"noopener nofollow\">preguntas frecuentes sobre privacidad<\/a>.<\/p>\n<h2>Proveedores de Terceros<\/h2>\n<p>Los proveedores de terceros, incluido Google, muestran sus anuncios en sitios web de Internet.<\/p>\n<p>Utilizamos, al igual que los proveedores de terceros, incluido Google, cookies originales (como la cookie de Google Analytics) y cookies de terceros (como la cookie de DoubleClick) en conjunto para informar, optimizar y publicar anuncios basados en las visitas anteriores de alguien a su sitio web.<\/p>\n<p>Utilizamos, al igual que los proveedores de terceros, incluido Google, cookies originales (como la cookie de Google Analytics) y cookies de terceros (como la cookie de DoubleClick) en conjunto para comunicar c\u00f3mo las impresiones de anuncios, otras utilizaciones de servicios de anuncios y interacciones con estas impresiones de anuncios y servicios de anuncios est\u00e1n relacionadas con visitas a su sitio.<\/p>\n<p>El modo en que utiliza datos de la publicidad basada en intereses de Google o datos de p\u00fablico objetivo de terceros (como edad, sexo e intereses) con Google Analytics. Si se requiere m\u00e1s informaci\u00f3n, si tiene preguntas o desea hacer alguna solicitud, utilice el formulario de contacto.<\/p>\n<hr \/>\n<h3>Tambi\u00e9n puedes visitar:<\/h3>\n<ul>\n<li>\ud83d\udd12 <a href=\"\/es\/politica-de-cookies\/\" target=\"_blank\" rel=\"noopener\">Pol\u00edtica de Cookies<\/a><\/li>\n<li>\ud83d\udcdc <a href=\"\/politica-de-privacidad\/\" target=\"_blank\" rel=\"noopener\">Pol\u00edtica de Privacidad<\/a><\/li>\n<li>\u2696\ufe0f <a href=\"\/terminos-de-uso\/\" target=\"_blank\" rel=\"noopener\">T\u00e9rminos de Uso<\/a><\/li>\n<li>\ud83e\uddfd <a href=\"\/eliminacion-de-datos\/\" target=\"_blank\" rel=\"noopener\">Solicitar Eliminaci\u00f3n de Datos<\/a><\/li>\n<li>\ud83e\udde0 <a href=\"\/gestion-del-consentimiento-de-cookies\/\">Gesti\u00f3n del Consentimiento de Cookies<\/a><\/li>\n<\/ul>\n<p>Si tienes alguna pregunta, contacta con nuestro equipo a trav\u00e9s de la <a href=\"\/contacto\/\" target=\"_blank\" rel=\"noopener\">p\u00e1gina de contacto<\/a>. Estamos aqu\u00ed para garantizar tu seguridad y total transparencia en el uso de tu informaci\u00f3n.<\/p>\n","protected":false},"excerpt":{"rendered":"<p>Pol\u00edtica de privacidade para o Blog Maestro de los C\u00f3cteles &#8211; Este site utiliza cookies de publicidade incluindo o Google, usam cookies para veicular an\u00fancios com base em visitas anteriores do usu\u00e1rio ao seu website ou a outros websites.<\/p>\n","protected":false},"author":5,"featured_media":80,"parent":0,"menu_order":0,"comment_status":"closed","ping_status":"closed","template":"","meta":{"ocean_post_layout":"","ocean_both_sidebars_style":"","ocean_both_sidebars_content_width":0,"ocean_both_sidebars_sidebars_width":0,"ocean_sidebar":"0","ocean_second_sidebar":"0","ocean_disable_margins":"enable","ocean_add_body_class":"","ocean_shortcode_before_top_bar":"","ocean_shortcode_after_top_bar":"","ocean_shortcode_before_header":"","ocean_shortcode_after_header":"","ocean_has_shortcode":"","ocean_shortcode_after_title":"","ocean_shortcode_before_footer_widgets":"","ocean_shortcode_after_footer_widgets":"","ocean_shortcode_before_footer_bottom":"","ocean_shortcode_after_footer_bottom":"","ocean_display_top_bar":"default","ocean_display_header":"default","ocean_header_style":"","ocean_center_header_left_menu":"0","ocean_custom_header_template":"0","ocean_custom_logo":0,"ocean_custom_retina_logo":0,"ocean_custom_logo_max_width":0,"ocean_custom_logo_tablet_max_width":0,"ocean_custom_logo_mobile_max_width":0,"ocean_custom_logo_max_height":0,"ocean_custom_logo_tablet_max_height":0,"ocean_custom_logo_mobile_max_height":0,"ocean_header_custom_menu":"0","ocean_menu_typo_font_family":"0","ocean_menu_typo_font_subset":"","ocean_menu_typo_font_size":0,"ocean_menu_typo_font_size_tablet":0,"ocean_menu_typo_font_size_mobile":0,"ocean_menu_typo_font_size_unit":"px","ocean_menu_typo_font_weight":"","ocean_menu_typo_font_weight_tablet":"","ocean_menu_typo_font_weight_mobile":"","ocean_menu_typo_transform":"","ocean_menu_typo_transform_tablet":"","ocean_menu_typo_transform_mobile":"","ocean_menu_typo_line_height":0,"ocean_menu_typo_line_height_tablet":0,"ocean_menu_typo_line_height_mobile":0,"ocean_menu_typo_line_height_unit":"","ocean_menu_typo_spacing":0,"ocean_menu_typo_spacing_tablet":0,"ocean_menu_typo_spacing_mobile":0,"ocean_menu_typo_spacing_unit":"","ocean_menu_link_color":"","ocean_menu_link_color_hover":"","ocean_menu_link_color_active":"","ocean_menu_link_background":"","ocean_menu_link_hover_background":"","ocean_menu_link_active_background":"","ocean_menu_social_links_bg":"","ocean_menu_social_hover_links_bg":"","ocean_menu_social_links_color":"","ocean_menu_social_hover_links_color":"","ocean_disable_title":"default","ocean_disable_heading":"default","ocean_post_title":"","ocean_post_subheading":"","ocean_post_title_style":"background-image","ocean_post_title_background_color":"","ocean_post_title_background":80,"ocean_post_title_bg_image_position":"","ocean_post_title_bg_image_attachment":"","ocean_post_title_bg_image_repeat":"no-repeat","ocean_post_title_bg_image_size":"cover","ocean_post_title_height":628,"ocean_post_title_bg_overlay":0.5,"ocean_post_title_bg_overlay_color":"","ocean_disable_breadcrumbs":"default","ocean_breadcrumbs_color":"","ocean_breadcrumbs_separator_color":"","ocean_breadcrumbs_links_color":"","ocean_breadcrumbs_links_hover_color":"","ocean_display_footer_widgets":"default","ocean_display_footer_bottom":"default","ocean_custom_footer_template":"0","footnotes":"","_links_to":"","_links_to_target":""},"class_list":["post-3","page","type-page","status-publish","has-post-thumbnail","hentry","entry","has-media"],"_links":{"self":[{"href":"https:\/\/mestredosdrinks.com\/es\/wp-json\/wp\/v2\/pages\/3","targetHints":{"allow":["GET"]}}],"collection":[{"href":"https:\/\/mestredosdrinks.com\/es\/wp-json\/wp\/v2\/pages"}],"about":[{"href":"https:\/\/mestredosdrinks.com\/es\/wp-json\/wp\/v2\/types\/page"}],"author":[{"embeddable":true,"href":"https:\/\/mestredosdrinks.com\/es\/wp-json\/wp\/v2\/users\/5"}],"replies":[{"embeddable":true,"href":"https:\/\/mestredosdrinks.com\/es\/wp-json\/wp\/v2\/comments?post=3"}],"version-history":[{"count":0,"href":"https:\/\/mestredosdrinks.com\/es\/wp-json\/wp\/v2\/pages\/3\/revisions"}],"wp:featuredmedia":[{"embeddable":true,"href":"https:\/\/mestredosdrinks.com\/es\/wp-json\/wp\/v2\/media\/80"}],"wp:attachment":[{"href":"https:\/\/mestredosdrinks.com\/es\/wp-json\/wp\/v2\/media?parent=3"}],"curies":[{"name":"wp","href":"https:\/\/api.w.org\/{rel}","templated":true}]}}