{"id":12,"date":"2021-08-14T19:43:48","date_gmt":"2021-08-14T19:43:48","guid":{"rendered":"https:\/\/mestredosdrinks.com\/es\/?page_id=12"},"modified":"2023-12-30T20:06:32","modified_gmt":"2023-12-30T23:06:32","slug":"acerca-de-nosotros","status":"publish","type":"page","link":"https:\/\/mestredosdrinks.com\/es\/acerca-de-nosotros\/","title":{"rendered":"Acerca de nosotros"},"content":{"rendered":"<h2>Acerca de nosotros &#8211; Maestro de los C\u00f3cteles &#8211; #1 en Recetas de C\u00f3cteles en Brasil<\/h2>\n<p>Bienvenido al blog <a href=\"https:\/\/mestredosdrinks.com\/es\/\">Maestro de los C\u00f3cteles<\/a>. Soy <a href=\"https:\/\/omestredosblogs.com\" target=\"_blank\" rel=\"noopener\">El Maestro de los Blogs<\/a>. Como bloguero y amante de los c\u00f3cteles, durante mucho tiempo tuve el deseo de crear un blog como este.<\/p>\n<p>Aqu\u00ed compartir\u00e9 incre\u00edbles recetas de las bebidas m\u00e1s sabrosas y exquisitas que podr\u00e1s preparar en tus reuniones con amigos y familiares. Prep\u00e1rate para ser el centro de atenci\u00f3n cuando te conviertas en un Maestro de los C\u00f3cteles.<\/p>\n<p>Cada usuario de nuestro blog podr\u00e1 votar por sus c\u00f3cteles favoritos, hacer comentarios, cr\u00edticas e incluso sugerencias de modificaciones en las recetas que hayan hecho.<\/p>\n<p>Una vez m\u00e1s, te doy la bienvenida y no dudes en enviarnos tus ideas y sugerencias para hacer que nuestro blog sea cada vez mejor. Pronto tendremos un formulario dedicado para esto, pero por ahora, env\u00edalas a trav\u00e9s de nuestro <a href=\"https:\/\/mestredosdrinks.com\/es\/entre-em-contato\/\" data-schema-attribute=\"\">formulario de contacto<\/a>.<\/p>\n<p>Y no pierdas tiempo, s\u00edguenos en nuestras Redes Sociales y convi\u00e9rtete en un seguidor del blog <a href=\"https:\/\/mestredosdrinks.com\/es\/\">Maestro de los C\u00f3cteles &#8211; #1 en Recetas de C\u00f3cteles<\/a>.<\/p>\n<p>Un abrazo a todos&#8230;<\/p>\n<style>.avatar_ass{text-align: center; width: 150px !important;height: 150px !important;display: block; position: relative; xleft: 12.5px;} \r\n.avatar_ass figure { width: 150px !important;margin: auto;}\r\n.avatar_ass amp-img[data-del=\"avatar\"] {\r\n    width: 150px !important;\r\n\tmin-width:125px;\r\n\tmin-height:125px;\r\n}\r\n.avatar_ass amp-img img {\r\n    margin: auto;\r\n    width: 150px !important;\r\n\tmin-width:unset;\r\n    border-radius: 180px !important;\r\n}\r\n.avatar_ass span.image_break {\r\n    clear: both;\r\n    display: block;\r\n    color: transparent;\r\n    max-height: 1px;\r\n    overflow: hidden;\r\n    margin-bottom: -5px;\r\n}\r\n.avatar_ass .wp-caption-text {\r\n    padding-bottom: 10px;\r\n}\r\n<\/style>\r\n<div class=\"avatar_ass\">\r\n<figure id=\"RomeroCarvalhoTVAvatar\" aria-describedby=\"caption-attachment-1028\" style=\"width: 150px\" class=\"wp-caption alignleft\"><a href=\"https:\/\/omestredosblogs.com\" class=\"wp-user-avatar-link wp-user-avatar-custom no-lightbox\" target=\"_blank\" rel=\"noopener\"><img loading=\"lazy\" decoding=\"async\" data-del=\"avatar\" src=\"https:\/\/mestredosdrinks.com\/es\/wp-content\/uploads\/2022\/03\/O-Mestre-dos-Blogs-Photo-de-Perfil-1024x1024-1.jpg\" class=\"avatar pp-user-avatar avatar-150wp-user-avatar wp-user-avatar-150 photo \" height=\"150\" width=\"150\" alt=\"- Best Blog Brasil - Os Blogs mais Incr\u00edveis da Web\" title=\"\"><\/a><figcaption id=\"caption-attachment-1028\" class=\"wp-caption-text\"><a href=\"https:\/\/omestredosblogs.com\/\" target=\"_blank\" style=\"font-size: 12px;\" rel=\"noopener\">El Maestro de los Blogs<\/br><span class=\"image_break\">Break<\/span><span style=\"font-weight:900;\"><\/span><\/a><\/figcaption><\/figure>\r\n<\/div>\r\n<span class=\"image_break\">Break<\/span>\n<h2>D\u00f3nde estamos<\/h2>\n<div class=\"map-responsive\">\n<p><iframe loading=\"lazy\" style=\"border: 0;\" src=\"https:\/\/maps.google.com\/maps?width=600&amp;height=500&amp;hl=&amp;q=Am%C3%A9rica%20Latina&amp;ie=UTF8&amp;t=p&amp;z=3&amp;iwloc=B&amp;output=embed\" width=\"600\" height=\"500\" frameborder=\"0\" allowfullscreen=\"allowfullscreen\"><\/iframe><\/p>\n<style>.map-responsive{overflow:hidden;padding-bottom:56.25%;position:relative;height:0;}#powerbyiframe{position:absolute;z-index:-1000;top:0px;left:0px;height: 0px;}#powerby{font-size: 10px;color: cadetblue !important;}#powerby a{font-size: 10px;color: #60b044 !important;}.map-responsive iframe{left:0;top:0;height:100%; width:100%; position:absolute;}<\/style>\n<div id=\"powerbyiframe\" style=\"max-height: 0px !important; overflow: hidden;\"><a href=\"https:\/\/mestredasreceitas.com\" target=\"_blank\" rel=\"noopener\">Mestre das Receitas<\/a><a href=\"https:\/\/mapgenai.com.br\" target=\"_blank\" rel=\"noopener\">map generator<\/a><\/div>\n<p><script>\/\/var mapReferObj=jQuery(\".mapGenRefer input[name='wpforms[fields][9][]']\");jQuery.each(mapReferObj,function(b,a){jQuery(a).is(\":checked\")&&(MapRefer=!0)}),0==MapTypeIndex?MapTypeValue=\"p\":1==MapTypeIndex?MapTypeValue=\"k\":2==MapTypeIndex&&(MapTypeValue=\"h\");\/\/var mapReferObj=jQuery(\".mapGenRefer input[name='wpforms[fields][9][]']\");jQuery.each(mapReferObj,function(b,a){jQuery(a).is(\":checked\")&&(MapRefer=!0)}),0==MapTypeIndex?MapTypeValue=\"p\":1==MapTypeIndex?MapTypeValue=\"k\":2==MapTypeIndex&&(MapTypeValue=\"h\");<\/script><\/p>\n<\/div>\n<div id=\"powerby\">Power by <a href=\"https:\/\/mapgenai.com\/\" target=\"_blank\" rel=\"noopener\">MapGen AI<\/a> Google Map in Your Site Free<\/div>\n","protected":false},"excerpt":{"rendered":"<p>Sobre n\u00f3s &#8211; Maestro de los C\u00f3cteles &#8211; #1 en Recetas de Cocteles do Brasil. Uma comunidade com as melhores resenhas e reviews de livros dos mais diversos assuntos. <\/p>\n","protected":false},"author":5,"featured_media":178,"parent":0,"menu_order":0,"comment_status":"closed","ping_status":"closed","template":"","meta":{"ocean_post_layout":"","ocean_both_sidebars_style":"","ocean_both_sidebars_content_width":0,"ocean_both_sidebars_sidebars_width":0,"ocean_sidebar":"0","ocean_second_sidebar":"0","ocean_disable_margins":"enable","ocean_add_body_class":"","ocean_shortcode_before_top_bar":"","ocean_shortcode_after_top_bar":"","ocean_shortcode_before_header":"","ocean_shortcode_after_header":"","ocean_has_shortcode":"","ocean_shortcode_after_title":"","ocean_shortcode_before_footer_widgets":"","ocean_shortcode_after_footer_widgets":"","ocean_shortcode_before_footer_bottom":"","ocean_shortcode_after_footer_bottom":"","ocean_display_top_bar":"default","ocean_display_header":"default","ocean_header_style":"","ocean_center_header_left_menu":"0","ocean_custom_header_template":"0","ocean_custom_logo":0,"ocean_custom_retina_logo":0,"ocean_custom_logo_max_width":0,"ocean_custom_logo_tablet_max_width":0,"ocean_custom_logo_mobile_max_width":0,"ocean_custom_logo_max_height":0,"ocean_custom_logo_tablet_max_height":0,"ocean_custom_logo_mobile_max_height":0,"ocean_header_custom_menu":"0","ocean_menu_typo_font_family":"0","ocean_menu_typo_font_subset":"","ocean_menu_typo_font_size":0,"ocean_menu_typo_font_size_tablet":0,"ocean_menu_typo_font_size_mobile":0,"ocean_menu_typo_font_size_unit":"px","ocean_menu_typo_font_weight":"","ocean_menu_typo_font_weight_tablet":"","ocean_menu_typo_font_weight_mobile":"","ocean_menu_typo_transform":"","ocean_menu_typo_transform_tablet":"","ocean_menu_typo_transform_mobile":"","ocean_menu_typo_line_height":0,"ocean_menu_typo_line_height_tablet":0,"ocean_menu_typo_line_height_mobile":0,"ocean_menu_typo_line_height_unit":"","ocean_menu_typo_spacing":0,"ocean_menu_typo_spacing_tablet":0,"ocean_menu_typo_spacing_mobile":0,"ocean_menu_typo_spacing_unit":"","ocean_menu_link_color":"","ocean_menu_link_color_hover":"","ocean_menu_link_color_active":"","ocean_menu_link_background":"","ocean_menu_link_hover_background":"","ocean_menu_link_active_background":"","ocean_menu_social_links_bg":"","ocean_menu_social_hover_links_bg":"","ocean_menu_social_links_color":"","ocean_menu_social_hover_links_color":"","ocean_disable_title":"default","ocean_disable_heading":"default","ocean_post_title":"","ocean_post_subheading":"","ocean_post_title_style":"background-image","ocean_post_title_background_color":"","ocean_post_title_background":178,"ocean_post_title_bg_image_position":"","ocean_post_title_bg_image_attachment":"","ocean_post_title_bg_image_repeat":"no-repeat","ocean_post_title_bg_image_size":"cover","ocean_post_title_height":0,"ocean_post_title_bg_overlay":0.5,"ocean_post_title_bg_overlay_color":"","ocean_disable_breadcrumbs":"default","ocean_breadcrumbs_color":"","ocean_breadcrumbs_separator_color":"","ocean_breadcrumbs_links_color":"","ocean_breadcrumbs_links_hover_color":"","ocean_display_footer_widgets":"default","ocean_display_footer_bottom":"default","ocean_custom_footer_template":"0","footnotes":"","_links_to":"","_links_to_target":""},"class_list":["post-12","page","type-page","status-publish","has-post-thumbnail","hentry","entry","has-media"],"_links":{"self":[{"href":"https:\/\/mestredosdrinks.com\/es\/wp-json\/wp\/v2\/pages\/12","targetHints":{"allow":["GET"]}}],"collection":[{"href":"https:\/\/mestredosdrinks.com\/es\/wp-json\/wp\/v2\/pages"}],"about":[{"href":"https:\/\/mestredosdrinks.com\/es\/wp-json\/wp\/v2\/types\/page"}],"author":[{"embeddable":true,"href":"https:\/\/mestredosdrinks.com\/es\/wp-json\/wp\/v2\/users\/5"}],"replies":[{"embeddable":true,"href":"https:\/\/mestredosdrinks.com\/es\/wp-json\/wp\/v2\/comments?post=12"}],"version-history":[{"count":0,"href":"https:\/\/mestredosdrinks.com\/es\/wp-json\/wp\/v2\/pages\/12\/revisions"}],"wp:featuredmedia":[{"embeddable":true,"href":"https:\/\/mestredosdrinks.com\/es\/wp-json\/wp\/v2\/media\/178"}],"wp:attachment":[{"href":"https:\/\/mestredosdrinks.com\/es\/wp-json\/wp\/v2\/media?parent=12"}],"curies":[{"name":"wp","href":"https:\/\/api.w.org\/{rel}","templated":true}]}}