{"id":228,"date":"2021-08-24T01:03:14","date_gmt":"2021-08-24T04:03:14","guid":{"rendered":"https:\/\/mestredosdrinks.com\/en\/?page_id=228"},"modified":"2025-03-21T09:42:20","modified_gmt":"2025-03-21T12:42:20","slug":"data-deletion","status":"publish","type":"page","link":"https:\/\/mestredosdrinks.com\/en\/data-deletion\/","title":{"rendered":"Data Deletion"},"content":{"rendered":"<h2>Deletion of donors from the Master of Drinks blog<\/h2>\n<p>Our Blog does not store any information from visitors (users), if you would like to know more about data deletion how we use cookies and how you can clear this information read our <a href=\"https:\/\/mestredosdrinks.com\/en\/privacy-policy\/\">privacy policy<\/a>.<\/p>\n<p>If you have any questions, you can contact us using our <a href=\"https:\/\/mestredosdrinks.com\/en\/contat-us\/\">contact form<\/a>.<\/p>\n<p style=\"text-align: center;\"><img loading=\"lazy\" decoding=\"async\" class=\"wp-image-100 size-medium aligncenter\" src=\"https:\/\/mestredosdrinks.com\/en\/wp-content\/uploads\/2021\/08\/Entre-em-Contato-Best-Blogs-Brasil-300x157.jpg\" alt=\"Entre em Contato com Master of Drinks - #1 em Receitas de Drinks do Brasil\" width=\"300\" height=\"157\" \/><br \/>\n<a href=\"https:\/\/mestredosdrinks.com\/en\/contat-us\/\" rel=\"nofollow\">Contact us<\/a><\/p>\n<hr \/>\n<h3>Also visit:<\/h3>\n<ul>\n<li>\ud83d\udd12 <a href=\"\/cookie-policy\/\" target=\"_blank\" rel=\"noopener\">Cookie Policy<\/a><\/li>\n<li>\ud83d\udcdc <a href=\"\/privacy-policy\/\" target=\"_blank\" rel=\"noopener\">Privacy Policy<\/a><\/li>\n<li>\u2696\ufe0f <a href=\"\/terms-of-use\/\" target=\"_blank\" rel=\"noopener\">Terms of Use<\/a><\/li>\n<li>\ud83e\uddfd <a href=\"\/data-deletion\/\" target=\"_blank\" rel=\"noopener\">Request Data Deletion<\/a><\/li>\n<li>\ud83e\udde0 <a href=\"\/cookie-consent-management\/\">Cookie Consent Management<\/a><\/li>\n<\/ul>\n<p>If you have any questions, please contact our team through the <a href=\"https:\/\/mestredosdrinks.com\/en\/contat-us\/\" target=\"_blank\" rel=\"noopener\">contact page<\/a>. We are here to ensure your safety and full transparency in the use of your information.<\/p>\n","protected":false},"excerpt":{"rendered":"<p>Falando de Livro &#8211; Exclus\u00e3o de Dados &#8211; Nosso blog respeita estatalmente sua privacidade, n\u00e3o armazenamos dados dos usu\u00e1rios, se desejar mais informa\u00e7\u00f5es, entre em contato.<\/p>\n","protected":false},"author":5,"featured_media":538,"parent":0,"menu_order":0,"comment_status":"closed","ping_status":"closed","template":"","meta":{"ocean_post_layout":"","ocean_both_sidebars_style":"","ocean_both_sidebars_content_width":0,"ocean_both_sidebars_sidebars_width":0,"ocean_sidebar":"0","ocean_second_sidebar":"0","ocean_disable_margins":"enable","ocean_add_body_class":"","ocean_shortcode_before_top_bar":"","ocean_shortcode_after_top_bar":"","ocean_shortcode_before_header":"","ocean_shortcode_after_header":"","ocean_has_shortcode":"","ocean_shortcode_after_title":"","ocean_shortcode_before_footer_widgets":"","ocean_shortcode_after_footer_widgets":"","ocean_shortcode_before_footer_bottom":"","ocean_shortcode_after_footer_bottom":"","ocean_display_top_bar":"default","ocean_display_header":"default","ocean_header_style":"","ocean_center_header_left_menu":"0","ocean_custom_header_template":"0","ocean_custom_logo":0,"ocean_custom_retina_logo":0,"ocean_custom_logo_max_width":0,"ocean_custom_logo_tablet_max_width":0,"ocean_custom_logo_mobile_max_width":0,"ocean_custom_logo_max_height":0,"ocean_custom_logo_tablet_max_height":0,"ocean_custom_logo_mobile_max_height":0,"ocean_header_custom_menu":"0","ocean_menu_typo_font_family":"0","ocean_menu_typo_font_subset":"","ocean_menu_typo_font_size":0,"ocean_menu_typo_font_size_tablet":0,"ocean_menu_typo_font_size_mobile":0,"ocean_menu_typo_font_size_unit":"px","ocean_menu_typo_font_weight":"","ocean_menu_typo_font_weight_tablet":"","ocean_menu_typo_font_weight_mobile":"","ocean_menu_typo_transform":"","ocean_menu_typo_transform_tablet":"","ocean_menu_typo_transform_mobile":"","ocean_menu_typo_line_height":0,"ocean_menu_typo_line_height_tablet":0,"ocean_menu_typo_line_height_mobile":0,"ocean_menu_typo_line_height_unit":"","ocean_menu_typo_spacing":0,"ocean_menu_typo_spacing_tablet":0,"ocean_menu_typo_spacing_mobile":0,"ocean_menu_typo_spacing_unit":"","ocean_menu_link_color":"","ocean_menu_link_color_hover":"","ocean_menu_link_color_active":"","ocean_menu_link_background":"","ocean_menu_link_hover_background":"","ocean_menu_link_active_background":"","ocean_menu_social_links_bg":"","ocean_menu_social_hover_links_bg":"","ocean_menu_social_links_color":"","ocean_menu_social_hover_links_color":"","ocean_disable_title":"default","ocean_disable_heading":"default","ocean_post_title":"","ocean_post_subheading":"","ocean_post_title_style":"","ocean_post_title_background_color":"","ocean_post_title_background":0,"ocean_post_title_bg_image_position":"","ocean_post_title_bg_image_attachment":"","ocean_post_title_bg_image_repeat":"","ocean_post_title_bg_image_size":"","ocean_post_title_height":0,"ocean_post_title_bg_overlay":0.5,"ocean_post_title_bg_overlay_color":"","ocean_disable_breadcrumbs":"default","ocean_breadcrumbs_color":"","ocean_breadcrumbs_separator_color":"","ocean_breadcrumbs_links_color":"","ocean_breadcrumbs_links_hover_color":"","ocean_display_footer_widgets":"default","ocean_display_footer_bottom":"default","ocean_custom_footer_template":"0","footnotes":"","_links_to":"","_links_to_target":""},"class_list":["post-228","page","type-page","status-publish","has-post-thumbnail","hentry","entry","has-media"],"_links":{"self":[{"href":"https:\/\/mestredosdrinks.com\/en\/wp-json\/wp\/v2\/pages\/228","targetHints":{"allow":["GET"]}}],"collection":[{"href":"https:\/\/mestredosdrinks.com\/en\/wp-json\/wp\/v2\/pages"}],"about":[{"href":"https:\/\/mestredosdrinks.com\/en\/wp-json\/wp\/v2\/types\/page"}],"author":[{"embeddable":true,"href":"https:\/\/mestredosdrinks.com\/en\/wp-json\/wp\/v2\/users\/5"}],"replies":[{"embeddable":true,"href":"https:\/\/mestredosdrinks.com\/en\/wp-json\/wp\/v2\/comments?post=228"}],"version-history":[{"count":0,"href":"https:\/\/mestredosdrinks.com\/en\/wp-json\/wp\/v2\/pages\/228\/revisions"}],"wp:featuredmedia":[{"embeddable":true,"href":"https:\/\/mestredosdrinks.com\/en\/wp-json\/wp\/v2\/media\/538"}],"wp:attachment":[{"href":"https:\/\/mestredosdrinks.com\/en\/wp-json\/wp\/v2\/media?parent=228"}],"curies":[{"name":"wp","href":"https:\/\/api.w.org\/{rel}","templated":true}]}}