{"id":65,"date":"2021-08-14T22:02:08","date_gmt":"2021-08-15T01:02:08","guid":{"rendered":"https:\/\/mestredosdrinks.com\/de\/?page_id=65"},"modified":"2024-07-19T08:34:16","modified_gmt":"2024-07-19T11:34:16","slug":"nutzungsbedingungen","status":"publish","type":"page","link":"https:\/\/mestredosdrinks.com\/de\/nutzungsbedingungen\/","title":{"rendered":"Nutzungsbedingungen"},"content":{"rendered":"<h2>Allgemeine Gesch\u00e4ftsbedingungen <a href=\"https:\/\/mestredosdrinks.com\/de\/\">Meister der Drinks &#8211; #1 in Drink-Rezepten<\/a><\/h2>\n<p>Diese Nutzungsbedingungen regeln Ihre Nutzung dieser Website. Durch den Zugriff auf diese Website stimmen Sie diesen Bedingungen zu. Bitte \u00fcberpr\u00fcfen Sie regelm\u00e4\u00dfig unsere Nutzungsbedingungen.<\/p>\n<p>WICHTIG! DIESE NUTZUNGSBEDINGUNGEN REGELN IHRE NUTZUNG DIESEN BLOGS. DURCH DEN ZUGRIFF AUF DIESE SEITE BEST\u00c4TIGEN SIE, DASS SIE DIESE NUTZUNGSBEDINGUNGEN ANERKENNEN UND AKZEPTIEREN. DIESE NUTZUNGSBEDINGUNGEN K\u00d6NNEN JEDERZEIT UND OHNE VORABANK\u00dcNDIGUNG GE\u00c4NDERT WERDEN. IHRE NUTZUNG DIESER SEITE NACH SOLCHEN \u00c4NDERUNGEN BEDEUTET, DASS SIE DIE \u00c4NDERUNGEN ANERKENNEN UND AKZEPTIEREN. BITTE \u00dcBERPR\u00dcFEN SIE DIE NUTZUNGSBEDINGUNGEN BEVOR JEDER NUTZUNG AUF \u00c4NDERUNGEN.<\/p>\n<h2>Zugriff auf die Website<\/h2>\n<p>Um auf die Inhalte dieser Seite zuzugreifen, kann der Benutzer nach einigen pers\u00f6nlichen Informationen wie Name, E-Mail und anderen gefragt werden. Wenn wir der Meinung sind, dass die Informationen nicht korrekt oder wahr sind, behalten wir uns das Recht vor, den Zugriff jederzeit ohne vorherige Ank\u00fcndigung zu verweigern und\/oder zu k\u00fcndigen.<\/p>\n<h2>Verwendungsbeschr\u00e4nkungen<\/h2>\n<p>Sie d\u00fcrfen diese Seite nur f\u00fcr die von uns erlaubten Zwecke nutzen. Sie d\u00fcrfen sie nicht f\u00fcr andere Zwecke, insbesondere kommerzielle, ohne unsere vorherige Zustimmung nutzen. Vermeiden Sie es, unsere Marken mit anderen zu verkn\u00fcpfen. Setzen Sie unseren Namen, unser Logo und andere Elemente nicht unangemessen oder auf eine Weise ein, die Verwirrung stiften k\u00f6nnte.<\/p>\n<h2>Eigentum der Informationen<\/h2>\n<p>Der Inhalt der Website darf nicht ohne unsere vorherige Zustimmung kopiert, verteilt, ver\u00f6ffentlicht, hochgeladen, gepostet oder auf andere Weise \u00fcbertragen werden, es sei denn, der Zweck besteht nur in der Offenlegung.<\/p>\n<h2>Hyperlinks<\/h2>\n<p>Diese Website kann Links zu anderen Websites enthalten, die nicht von oder mit unserem Unternehmen verbunden sind. Wir sind nicht verantwortlich f\u00fcr die Inhalte dieser Links. Der Benutzer tr\u00e4gt das gesamte Risiko beim Zugriff auf diese Hyperlinks.<\/p>\n<h2>Kommentare<\/h2>\n<p>Durch das Posten von Kommentaren oder Bewertungen auf unserer Website erteilen Sie die Genehmigung zur Ver\u00f6ffentlichung derselben \u00fcberall, wo wir es w\u00fcnschen, um die Verbreitung unserer Produkte zu unterst\u00fctzen.<\/p>\n<h2>Rechtlicher Hinweis<\/h2>\n<p>Die Informationen, die beim Nutzen dieser Seite erhalten werden, sind nicht vollst\u00e4ndig und decken nicht alle Fragen, Themen oder Fakten ab, die f\u00fcr Ihre Zwecke relevant sein k\u00f6nnten. Die Nutzung dieser Website erfolgt auf eigenes Risiko. Der Inhalt wird &#8220;wie er ist&#8221; und ohne jegliche Garantien bereitgestellt, weder ausdr\u00fccklich noch stillschweigend. Der Inhalt dieser Website stellt nicht das endg\u00fcltige Wort zu irgendeiner Angelegenheit dar, und wir k\u00f6nnen jederzeit Verbesserungen vornehmen.<\/p>\n<p>Sie und nicht unser Unternehmen \u00fcbernehmen die Kosten f\u00fcr alle notwendigen Dienstleistungen, Reparaturen oder Korrekturen im Falle eines Verlusts oder Schadens, der sich aus der Nutzung dieser Website oder ihrer Inhalte ergibt.<\/p>\n<p>Sie verstehen, dass unser Unternehmen nicht garantieren kann, dass Dateien, die aus dem Internet heruntergeladen werden, frei von Viren, W\u00fcrmern, Trojanern oder anderem Code sind, der kontaminierende oder destruktive Eigenschaften aufweisen kann.<\/p>\n<h2>Haftungsbeschr\u00e4nkung<\/h2>\n<p><strong>Das UNTERNEHMEN, SEINE TOCHTERGESELLSCHAFTEN, VERBUNDENEN UNTERNEHMEN, LIZENZGEBER, DIENSTLEISTER, INHALTSANBIETER, MITARBEITER, BEAUFTRAGTE, LEITUNGSPERSONEN UND DIREKTOREN HAFTEN NICHT F\u00dcR IRGENDEINEN DIREKTEN, INDIREKTEN, STRAFSCHADENERSATZ, REALEN, FOLGESCHADEN, BESONDEREN, EXEMPLARISCHEN ODER ANDEREN SCHADEN, EINSCHLIESSLICH VERLUST VON EINNAHMEN ODER EINKOMMEN, SCHMERZEN UND LEIDEN, EMOTIONALEM STRESS ODER \u00c4HNLICHEN SCH\u00c4DEN, SELBST WENN DAS UNTERNEHMEN AUF DIE M\u00d6GLICHKEIT SOLCHER SCH\u00c4DEN HINGEWIESEN WURDE. DIE HAFTUNG DES UNTERNEHMENS UND SEINER TOCHTERGESELLSCHAFTEN, VERBUNDENEN UNTERNEHMEN, LIZENZGEBER, DIENSTLEISTER, INHALTSANBIETER, MITARBEITER, BEAUFTRAGTEN, LEITUNGSPERSONEN UND DIREKTOREN GEGEN\u00dcBER DRITTEN (UNABH\u00c4NGIG VOM ART DER HANDLUNG, OB VERTRAGLICH ODER ANDERS) \u00dcBERSTEIGT NICHT DEN BETRAG VON 100 \u20ac ODER DEN BETRAG, DER F\u00dcR DAS IN FRAGE STEHENDE INHALT, PRODUKT ODER DIENSTLEISTUNG BEZAHLT WURDE.<\/strong><\/p>\n<h2>Schadensersatz<\/h2>\n<p>Sie verpflichten sich, das Unternehmen, seine Tochtergesellschaften, verbundenen Unternehmen, Lizenzgeber, Dienstleister, Inhaltsanbieter, Mitarbeiter, Vertreter, Offiziere und Direktoren (nachfolgend die Freigestellten Parteien) schadlos zu halten f\u00fcr jede Verletzung dieser Nutzungsbedingungen durch Sie, einschlie\u00dflich Ihrer Nutzung von Inhalten, die hier nicht ausdr\u00fccklich erlaubt sind. Sie erkl\u00e4ren sich damit einverstanden, dass die Freigestellten Parteien keine Verantwortung oder Verbindung mit solchen Verst\u00f6\u00dfen oder unbefugter Nutzung haben und Sie sich verpflichten, alle Verluste, Sch\u00e4den, Urteile, Auszeichnungen, Kosten, Ausgaben und Anwaltsgeb\u00fchren der Freigestellten Parteien im Zusammenhang mit dem Versto\u00df zu ersetzen. Sie verpflichten sich auch, die Freigestellten Parteien von allen Anspr\u00fcchen Dritter freizustellen, die aus der Nutzung der auf dieser Website enthaltenen Informationen entstehen.<\/p>\n<h2>Marken<\/h2>\n<p>Marken und Logos auf dieser Website sind Eigentum des Unternehmens oder der Partei, die sie dem Unternehmen zur Verf\u00fcgung gestellt hat. Das Unternehmen und die Parteien, die die Marke und das Logo bereitgestellt haben, halten alle Rechte daran.<\/p>\n<h2>Von Nutzern bereitgestellte Informationen<\/h2>\n<p>Sie d\u00fcrfen keine Materialien auf dieser Website posten, einreichen oder verlinken, die:<\/p>\n<p>&#8211; Sie nicht das Recht haben zu posten, einschlie\u00dflich Materialien von Dritten,<br \/>\n&#8211; Illegale Aktivit\u00e4ten f\u00f6rdern oder die Absicht diskutieren, etwas Illegales zu tun,<br \/>\n&#8211; Vulgar, obsz\u00f6n, pornografisch oder unanst\u00e4ndig sind,<br \/>\n&#8211; Nicht direkt diese Website betreffen,<br \/>\n&#8211; Andere bedrohen oder beleidigen, diffamieren, verleumden, in die Privatsph\u00e4re eindringen, bel\u00e4stigen, obsz\u00f6n, pornografisch, rassistisch sind oder auf andere Weise beleidigen,<br \/>\n&#8211; Kinder ausbeuten oder sch\u00e4digen, indem sie ihnen unangemessene Inhalte zeigen, nach pers\u00f6nlichen Informationen fragen oder anderweitig,<br \/>\n&#8211; Geistige Eigentumsrechte oder andere Rechte einer Person oder Einheit verletzen, einschlie\u00dflich Urheberrechts-, Marken- oder Pers\u00f6nlichkeitsrechte,<br \/>\n&#8211; Gesetze verletzen oder als gesetzeswidrig betrachtet werden k\u00f6nnen,<br \/>\n&#8211; Sich als eine andere Person oder Entit\u00e4t ausgeben oder Ihre Verbindung zu einer Entit\u00e4t oder Person falsch darstellen,<br \/>\n&#8211; Titel oder Kennungen manipulieren, um die Herkunft des Inhalts zu verschleiern, kommerzielle Unternehmen f\u00f6rdern (z.B. Produkte oder Dienstleistungen zum Verkauf anbieten) oder in irgendeiner Weise kommerzielle Aktivit\u00e4ten durchf\u00fchren (z.B. Wettbewerbe oder Verlosungen veranstalten, Sponsoring-Banner anzeigen und\/oder Waren und Dienstleistungen bestellen), es sei denn, dies ist ausdr\u00fccklich auf dieser Website autorisiert,<br \/>\n&#8211; Gelder, Offenlegungen oder Sponsoren anfordern,<br \/>\n&#8211; Programme enthalten, die Viren, W\u00fcrmer und\/oder Trojaner oder anderen Code, Dateien oder Programme enthalten, die dazu bestimmt sind, die Funktionalit\u00e4t eines Computers oder Telekommunikationssoftware oder -hardware zu unterbrechen, zu zerst\u00f6ren oder einzuschr\u00e4nken,<br \/>\n&#8211; Den normalen Gespr\u00e4chsfluss st\u00f6ren, den Bildschirm schneller \u201cscrollen\u201d lassen, als andere Benutzer folgen k\u00f6nnen, oder in einer Weise handeln, die die F\u00e4higkeit anderer beeintr\u00e4chtigt, in Echtzeit-Aktivit\u00e4ten auf dieser Website teilzunehmen,<br \/>\n&#8211; MP3-Dateien enthalten,<br \/>\n&#8211; Jeglicher Politik oder Regel versto\u00dfen, die von Zeit zu Zeit f\u00fcr die Nutzung dieser Website oder eines damit verbundenen Netzwerks festgelegt ist, oder<br \/>\n&#8211; Hyperlinks zu Seiten enthalten, die Inhalte enthalten, die die oben genannten Beschreibungen erf\u00fcllen.<\/p>\n<p>Auch ohne dazu verpflichtet zu sein, beh\u00e4lt sich unser Unternehmen das Recht vor, die Nutzung dieser Seite zu \u00fcberwachen, um die Einhaltung dieser Nutzungsbedingungen zu \u00fcberpr\u00fcfen, sowie Informationen aus irgendeinem Grund zu entfernen oder zu sperren. In jedem Fall sind Sie voll verantwortlich f\u00fcr den Inhalt Ihrer Beitr\u00e4ge. Sie erkennen an und stimmen zu, dass weder das Unternehmen noch Dritte, die dem Unternehmen Inhalte zur Verf\u00fcgung stellen, Verantwortung f\u00fcr Ma\u00dfnahmen oder Unterlassungen des Unternehmens oder eines solchen Dritten in Bezug auf Beitr\u00e4ge \u00fcbernehmen.<\/p>\n<h2>Sicherheit<\/h2>\n<p>Jedes Passwort, das f\u00fcr diese Website verwendet wird, ist nur f\u00fcr den individuellen Gebrauch bestimmt. Sie sind f\u00fcr die Sicherheit Ihres Passworts (falls vorhanden) verantwortlich. Das Unternehmen hat das Recht, die Sicherheit Ihres Passworts zu \u00fcberwachen und kann nach eigenem Ermessen verlangen, dass Sie es \u00e4ndern. Wenn Sie ein Passwort verwenden, das das Unternehmen als unsicher erachtet, hat das Unternehmen das Recht, die \u00c4nderung des Passworts zu verlangen und\/oder Ihr Konto zu k\u00fcndigen.<\/p>\n<p>Es ist untersagt, jegliche Dienste oder Tools, die mit dieser Website verbunden sind, zu nutzen, um die Sicherheit zu gef\u00e4hrden oder Systemressourcen und\/oder Konten zu manipulieren. Die Nutzung oder Verbreitung von Tools, die zur Sicherheitskompromittierung entwickelt wurden (z.B. Passwort-Cracking-Programme, Crack-Tools oder Netzwerk-\u00dcberpr\u00fcfungstools), ist strengstens untersagt. Wenn Sie in irgendeine Sicherheitsverletzung verwickelt sind, beh\u00e4lt sich das Unternehmen das Recht vor, Ihre Informationen an die Systemadministratoren anderer Websites weiterzugeben, um ihnen bei der L\u00f6sung von Sicherheitsvorf\u00e4llen zu helfen. Das Unternehmen beh\u00e4lt sich das Recht vor, potenzielle Verst\u00f6\u00dfe gegen diese Nutzungsbedingungen zu untersuchen.<\/p>\n<p>Das Unternehmen beh\u00e4lt sich das Recht vor, vollst\u00e4ndig mit den zust\u00e4ndigen Beh\u00f6rden oder Gerichtsbeschl\u00fcssen zusammenzuarbeiten, um die Identit\u00e4t jeder Person offen zu legen, die eine E-Mail, Nachricht oder anderes Material postet, das diese Nutzungsbedingungen verletzen k\u00f6nnte.<\/p>\n<p>DURCH DIE AKZEPTANKEIT DIESES VERTRAGS BEFREIEN SIE DAS UNTERNEHMEN VON JEGLEN FOLGEN, DIE AUS HANDLUNGEN DES UNTERNEHMENS W\u00c4HREND ODER ALS ERGEBNIS SEINER UNTERSUCHUNGEN UND\/Oder HANDLUNGEN RESULTIEREN, DIE AUS UNTERSUCHUNGEN DES UNTERNEHMENS UND DEN ZUST\u00c4NDIGEN BEH\u00d6RDEN DER JUSTIZ RESULTIEREN.<\/p>\n","protected":false},"excerpt":{"rendered":"<p>Termos de Uso para Meister der Drinks  &#8211; Estes termos de servi\u00e7o regulam o uso deste site. Ao acess\u00e1-lo voc\u00ea concorda com estes termos.<\/p>\n","protected":false},"author":5,"featured_media":91,"parent":0,"menu_order":0,"comment_status":"closed","ping_status":"closed","template":"","meta":{"footnotes":"","_links_to":"","_links_to_target":""},"class_list":["post-65","page","type-page","status-publish","has-post-thumbnail","hentry","entry","has-media"],"_links":{"self":[{"href":"https:\/\/mestredosdrinks.com\/de\/wp-json\/wp\/v2\/pages\/65","targetHints":{"allow":["GET"]}}],"collection":[{"href":"https:\/\/mestredosdrinks.com\/de\/wp-json\/wp\/v2\/pages"}],"about":[{"href":"https:\/\/mestredosdrinks.com\/de\/wp-json\/wp\/v2\/types\/page"}],"author":[{"embeddable":true,"href":"https:\/\/mestredosdrinks.com\/de\/wp-json\/wp\/v2\/users\/5"}],"replies":[{"embeddable":true,"href":"https:\/\/mestredosdrinks.com\/de\/wp-json\/wp\/v2\/comments?post=65"}],"version-history":[{"count":0,"href":"https:\/\/mestredosdrinks.com\/de\/wp-json\/wp\/v2\/pages\/65\/revisions"}],"wp:featuredmedia":[{"embeddable":true,"href":"https:\/\/mestredosdrinks.com\/de\/wp-json\/wp\/v2\/media\/91"}],"wp:attachment":[{"href":"https:\/\/mestredosdrinks.com\/de\/wp-json\/wp\/v2\/media?parent=65"}],"curies":[{"name":"wp","href":"https:\/\/api.w.org\/{rel}","templated":true}]}}