{"id":3,"date":"2021-08-14T18:32:54","date_gmt":"2021-08-14T18:32:54","guid":{"rendered":"https:\/\/mestredosdrinks.com\/de\/?page_id=3"},"modified":"2024-07-19T08:31:32","modified_gmt":"2024-07-19T11:31:32","slug":"datenschutzrichtlinie","status":"publish","type":"page","link":"https:\/\/mestredosdrinks.com\/de\/datenschutzrichtlinie\/","title":{"rendered":"Datenschutzrichtlinie"},"content":{"rendered":"<h2>Blog <a href=\"\/\">Meister der Drinks<\/a> Datenschutzrichtlinie<\/h2>\n<p>Diese Website verwendet Werbe-Cookies, einschlie\u00dflich Google. Cookies werden verwendet, um Anzeigen basierend auf den vorherigen Besuchen des Nutzers auf dieser Website oder anderen Websites zu schalten.<\/p>\n<p>Durch die Verwendung von Werbe-Cookies k\u00f6nnen Google und seine Partner Anzeigen basierend auf Besuchen auf ihren Websites und\/oder anderen Websites im Internet schalten.<\/p>\n<p>Sie k\u00f6nnen personalisierte Werbung deaktivieren, indem Sie zu <a href=\"https:\/\/www.google.com\/settings\/ads\" target=\"_blank\" rel=\"noopener\">Werbeeinstellungen<\/a> gehen. Alternativ k\u00f6nnen Sie <a href=\"http:\/\/www.aboutads.info\/choices\/\" target=\"_blank\" rel=\"noopener\">www.aboutads.info<\/a> besuchen, um die Nutzung von Cookies f\u00fcr personalisierte Werbung durch Dritte abzulehnen.<\/p>\n<p>Alle gesammelten pers\u00f6nlichen Informationen werden verwendet, um Ihren Besuch auf unserer Seite so produktiv und angenehm wie m\u00f6glich zu gestalten.<\/p>\n<p>Die Garantie der Vertraulichkeit der pers\u00f6nlichen Daten der Nutzer unserer Website ist f\u00fcr Meister der Drinks wichtig.<\/p>\n<p>Alle pers\u00f6nlichen Informationen, die Mitglieder, Abonnenten, Kunden oder Besucher betreffen, die Meister der Drinks nutzen, werden gem\u00e4\u00df dem Datenschutzgesetz vom 26. Oktober 1998 (Gesetz Nr. 67\/98) behandelt.<\/p>\n<p>Zu den gesammelten pers\u00f6nlichen Informationen k\u00f6nnen Ihr Name, Ihre E-Mail-Adresse, Telefonnummer und\/oder Mobilnummer, Adresse, Geburtsdatum und\/oder andere Angaben geh\u00f6ren.<\/p>\n<p>Die Nutzung\/Besichtigung des Meister der Drinks Blogs setzt die Akzeptanz dieser Datenschutzvereinbarung voraus. Das Team von Meister der Drinks beh\u00e4lt sich das Recht vor, diese Vereinbarung ohne vorherige Ank\u00fcndigung zu \u00e4ndern. Daher empfehlen wir Ihnen, regelm\u00e4\u00dfig unsere Datenschutzrichtlinie zu konsultieren, um stets auf dem Laufenden zu bleiben.<\/p>\n<h2>Die Werbung<\/h2>\n<p>Wie andere Websites sammeln und verwenden wir Informationen, die in den Anzeigen enthalten sind. Die Informationen in den Anzeigen umfassen Ihre IP-Adresse (Internet Protocol), Ihren ISP (Internet Service Provider, wie Sapo, Clix oder andere), den Browser, den Sie beim Besuch unserer Website verwendet haben (wie Internet Explorer oder Firefox), die Dauer Ihres Besuchs und die Seiten, die Sie innerhalb unserer Website besucht haben.<\/p>\n<h2>Cookie DoubleClick Dart<\/h2>\n<p>Google, als Drittanbieter, verwendet Cookies, um Anzeigen auf unserer Website anzuzeigen;<\/p>\n<p>Mit dem DART-Cookie kann Google Anzeigen basierend auf Besuchen des Lesers auf anderen Websites im Internet anzeigen;<\/p>\n<p>Nutzer k\u00f6nnen das DART-Cookie deaktivieren, indem sie die Datenschutzrichtlinie des Google Ads- und Content-Netzwerks besuchen.<\/p>\n<h2>Cookies und Web Beacons<\/h2>\n<p>Wir verwenden Cookies, um Informationen wie Ihre pers\u00f6nlichen Pr\u00e4ferenzen zu speichern, wenn Sie unsere Website besuchen. Dies kann ein einfaches Popup oder ein Link zu verschiedenen von uns bereitgestellten Diensten wie Foren umfassen.<\/p>\n<p>Dar\u00fcber hinaus verwenden wir auch Werbung von Drittanbietern auf unserer Website, um die Wartungskosten zu unterst\u00fctzen. Einige dieser Werbetreibenden k\u00f6nnen Technologien wie Cookies und\/oder Web Beacons verwenden, wenn sie auf unserer Website werben, was dazu f\u00fchren kann, dass diese Werbetreibenden (wie Google durch Google AdSense) ebenfalls Ihre pers\u00f6nlichen Informationen erhalten, wie Ihre IP-Adresse, Ihren ISP, Ihren Browser usw. Diese Funktion wird allgemein f\u00fcr Geotargeting (Anzeigen von Werbung nur f\u00fcr Leser aus Lissabon zum Beispiel) oder f\u00fcr Werbung, die auf einen bestimmten Nutzertyp abzielt (wie Anzeigen von Restaurants f\u00fcr einen Nutzer, der regelm\u00e4\u00dfig Kochseiten besucht), verwendet.<\/p>\n<p>Sie haben die M\u00f6glichkeit, Cookies in Ihren Browsereinstellungen zu deaktivieren oder durch \u00c4nderungen an Anti-Virus-Programmen wie Norton Internet Security. Dies kann jedoch die Art und Weise \u00e4ndern, wie Sie mit unserer Website oder anderen Websites interagieren. Dies kann Ihre F\u00e4higkeit beeintr\u00e4chtigen, sich bei Programmen, Websites oder Foren auf unseren und anderen Netzwerken anzumelden.<\/p>\n<h2>Links zu Websites Dritter<\/h2>\n<p>Meister der Drinks enth\u00e4lt Links zu anderen Websites, die aus unserer Sicht n\u00fctzliche Informationen \/ Werkzeuge f\u00fcr unsere Besucher enthalten k\u00f6nnen. Unsere Datenschutzrichtlinie gilt nicht f\u00fcr Websites Dritter, daher sollten Sie, wenn Sie eine andere Website besuchen, deren Datenschutzrichtlinie lesen.<\/p>\n<p>Wir sind nicht verantwortlich f\u00fcr die Datenschutzrichtlinie oder den Inhalt dieser Websites.<\/p>\n<p>Die Website von Meister der Drinks erkl\u00e4rt, dass sie keine E-Mails f\u00fcr SPAM-Richtlinien oder das Versenden unerw\u00fcnschter Nachrichten verwendet.<\/p>\n<h2>Anzeigen und AdSense<\/h2>\n<p>Die Website von Meister der Drinks ist nicht verantwortlich f\u00fcr den Inhalt, die Versprechen und die Richtigkeit der Informationen in den von unseren Sponsoren angezeigten Anzeigen und macht klar, dass die gesamte Verantwortung f\u00fcr die auf der Website angezeigten Anzeigen bei den Werbetreibenden liegt.<\/p>\n<p>Die Website von Meister der Drinks kann Cookies und\/oder Web Beacons verwenden, wenn ein Nutzer auf die Seiten zugreift; die verwendeten Cookies sind (sofern zutreffend) nur mit dem Browser eines bestimmten Computers verkn\u00fcpft.<\/p>\n<p>Die Website von Meister der Drinks wird durch Werbung von Drittanbietern monetarisiert, um w\u00e4hrend Ihres Besuchs auf unserer Website Anzeigen anzuzeigen. Diese Unternehmen k\u00f6nnen Informationen \u00fcber Ihre Besuche auf dieser und anderen Websites verwenden, um Anzeigen zu Produkten und Dienstleistungen von Interesse anzuzeigen. Informationen \u00fcber Ihre Besuche beinhalten nicht Ihren Namen, Ihre Adresse, Ihre E-Mail-Adresse oder Ihre Telefonnummer. Weitere Informationen zu dieser Praxis und zur Deaktivierung des DART-Cookies finden Sie in der Datenschutzrichtlinie des Content-Netzwerks und von Google Ads sowie in den h\u00e4ufig gestellten Fragen zum Datenschutz.<\/p>\n<p>Meister der Drinks erfasst oder verwaltet keine Nutzerdaten. Anzeigen k\u00f6nnen Cookies verwenden, und alle Werbetreibenden k\u00f6nnen ihre Informationen unter dem Link <a href=\"https:\/\/www.google.com\/policies\/technologies\/partner-sites\/\" target=\"_blank\" rel=\"noopener\">https:\/\/www.google.com\/policies\/technologies\/partner-sites\/<\/a> einsehen, wo detailliert erkl\u00e4rt wird, wie Google Daten in seinen Werbeprodukten verwaltet.<\/p>\n<p>Die auf dieser Website verwendeten Cookies k\u00f6nnen von dieser Website selbst installiert werden, die von verschiedenen Servern dieser Website betrieben werden, oder von den Servern Dritter, die Dienste bereitstellen und Cookies und\/oder Web Beacons installieren. Zum Beispiel werden Cookies verwendet, um Werbedienste bereitzustellen, bei denen der Nutzer Werbung oder Inhalte zu einem festgelegten Zeitpunkt sieht. Der Nutzer kann die Festplatte seines Computers gem\u00e4\u00df den Anweisungen des Browsers durchsuchen.<\/p>\n<p>Der Nutzer hat die M\u00f6glichkeit, seinen Browser so zu konfigurieren, dass er bei der Annahme von Cookies auf dem Bildschirm des Computers gewarnt wird und deren Installation auf der Festplatte verhindert wird. Informationen zu dieser Konfiguration sind in den Anweisungen des Browsers selbst verf\u00fcgbar.<\/p>\n<p>Diese Website verwendet Remarketing mit Google Analytics, um online zu werben.<\/p>\n<h2>Drittanbieter<\/h2>\n<p>Drittanbieter, einschlie\u00dflich Google, zeigen ihre Anzeigen auf Websites im Internet an.<\/p>\n<p>Nutzer, einschlie\u00dflich Drittanbieter wie Google, verwenden Erstanbieter-Cookies (wie das Google Analytics-Cookie) und Drittanbieter-Cookies (wie das DoubleClick-Cookie) zusammen, um Anzeigen zu informieren, zu optimieren und bereitzustellen, die auf den fr\u00fcheren Besuchen auf Ihrer Website basieren.<\/p>\n<p>Nutzer, einschlie\u00dflich Drittanbieter wie Google, verwenden Erstanbieter-Cookies (wie das Google Analytics-Cookie) und Drittanbieter-Cookies (wie das DoubleClick-Cookie) zusammen, um zu kommunizieren, wie Ihre Anzeigenimpressionen, andere Verwendungen von Werbediensten und Interaktionen mit diesen Anzeigenimpressionen und Werbediensten mit Besuchen auf Ihrer Website zusammenh\u00e4ngen.<\/p>\n<p>Wie Sie Google-Werbung basierend auf Interessen oder Drittanbieter-Zielgruppendaten (wie Alter, Geschlecht und Interessen) mit Google Analytics nutzen. Wenn Sie weitere Informationen ben\u00f6tigen, Fragen haben oder Anfragen stellen m\u00f6chten, verwenden Sie bitte das Kontaktformular.<\/p>\n","protected":false},"excerpt":{"rendered":"<p>Pol\u00edtica de privacidade para o Blog Meister der Drinks  &#8211; Este site utiliza cookies de publicidade incluindo o Google, usam cookies para veicular an\u00fancios com base em visitas anteriores do usu\u00e1rio ao seu website ou a outros websites.<\/p>\n","protected":false},"author":5,"featured_media":80,"parent":0,"menu_order":0,"comment_status":"closed","ping_status":"closed","template":"","meta":{"footnotes":"","_links_to":"","_links_to_target":""},"class_list":["post-3","page","type-page","status-publish","has-post-thumbnail","hentry","entry","has-media"],"_links":{"self":[{"href":"https:\/\/mestredosdrinks.com\/de\/wp-json\/wp\/v2\/pages\/3","targetHints":{"allow":["GET"]}}],"collection":[{"href":"https:\/\/mestredosdrinks.com\/de\/wp-json\/wp\/v2\/pages"}],"about":[{"href":"https:\/\/mestredosdrinks.com\/de\/wp-json\/wp\/v2\/types\/page"}],"author":[{"embeddable":true,"href":"https:\/\/mestredosdrinks.com\/de\/wp-json\/wp\/v2\/users\/5"}],"replies":[{"embeddable":true,"href":"https:\/\/mestredosdrinks.com\/de\/wp-json\/wp\/v2\/comments?post=3"}],"version-history":[{"count":0,"href":"https:\/\/mestredosdrinks.com\/de\/wp-json\/wp\/v2\/pages\/3\/revisions"}],"wp:featuredmedia":[{"embeddable":true,"href":"https:\/\/mestredosdrinks.com\/de\/wp-json\/wp\/v2\/media\/80"}],"wp:attachment":[{"href":"https:\/\/mestredosdrinks.com\/de\/wp-json\/wp\/v2\/media?parent=3"}],"curies":[{"name":"wp","href":"https:\/\/api.w.org\/{rel}","templated":true}]}}