{"id":228,"date":"2021-08-24T01:03:14","date_gmt":"2021-08-24T04:03:14","guid":{"rendered":"https:\/\/mestredosdrinks.com\/de\/?page_id=228"},"modified":"2024-07-19T08:33:44","modified_gmt":"2024-07-19T11:33:44","slug":"datenloeschung","status":"publish","type":"page","link":"https:\/\/mestredosdrinks.com\/de\/datenloeschung\/","title":{"rendered":"Datenl\u00f6schung"},"content":{"rendered":"<h2>L\u00f6schung von Spendern aus dem Meister der Drinks Blog<\/h2>\n<p>Unser Blog speichert keine Informationen von Besuchern (Nutzern). Wenn Sie mehr \u00fcber die Datenl\u00f6schung erfahren m\u00f6chten, wie wir Cookies verwenden und wie Sie diese Informationen l\u00f6schen k\u00f6nnen, lesen Sie unsere <a href=\"https:\/\/mestredosdrinks.com\/de\/privacy-policy\/\">Datenschutzrichtlinie<\/a>.<\/p>\n<p>Wenn Sie Fragen haben, k\u00f6nnen Sie uns \u00fcber unser <a href=\"https:\/\/mestredosdrinks.com\/de\/contat-us\/\">Kontaktformular<\/a> erreichen.<\/p>\n<p style=\"text-align: center;\"><img loading=\"lazy\" decoding=\"async\" class=\"wp-image-100 size-medium aligncenter\" src=\"https:\/\/mestredosdrinks.com\/de\/wp-content\/uploads\/2021\/08\/Entre-em-Contato-Best-Blogs-Brasil-300x157.jpg\" alt=\"Kontaktieren Sie Meister der Drinks - #1 in Drink-Rezepten in Brasilien\" width=\"300\" height=\"157\" title=\"\"><br \/>\n<a href=\"https:\/\/mestredosdrinks.com\/de\/contat-us\/\" rel=\"nofollow\">Kontaktieren Sie uns<\/a><\/p>\n\n","protected":false},"excerpt":{"rendered":"<p>Falando de Livro &#8211; Exclus\u00e3o de Dados &#8211; Nosso blog respeita estatalmente sua privacidade, n\u00e3o armazenamos dados dos usu\u00e1rios, se desejar mais informa\u00e7\u00f5es, entre em contato.<\/p>\n","protected":false},"author":5,"featured_media":538,"parent":0,"menu_order":0,"comment_status":"closed","ping_status":"closed","template":"","meta":{"footnotes":"","_links_to":"","_links_to_target":""},"class_list":["post-228","page","type-page","status-publish","has-post-thumbnail","hentry","entry","has-media"],"_links":{"self":[{"href":"https:\/\/mestredosdrinks.com\/de\/wp-json\/wp\/v2\/pages\/228","targetHints":{"allow":["GET"]}}],"collection":[{"href":"https:\/\/mestredosdrinks.com\/de\/wp-json\/wp\/v2\/pages"}],"about":[{"href":"https:\/\/mestredosdrinks.com\/de\/wp-json\/wp\/v2\/types\/page"}],"author":[{"embeddable":true,"href":"https:\/\/mestredosdrinks.com\/de\/wp-json\/wp\/v2\/users\/5"}],"replies":[{"embeddable":true,"href":"https:\/\/mestredosdrinks.com\/de\/wp-json\/wp\/v2\/comments?post=228"}],"version-history":[{"count":0,"href":"https:\/\/mestredosdrinks.com\/de\/wp-json\/wp\/v2\/pages\/228\/revisions"}],"wp:featuredmedia":[{"embeddable":true,"href":"https:\/\/mestredosdrinks.com\/de\/wp-json\/wp\/v2\/media\/538"}],"wp:attachment":[{"href":"https:\/\/mestredosdrinks.com\/de\/wp-json\/wp\/v2\/media?parent=228"}],"curies":[{"name":"wp","href":"https:\/\/api.w.org\/{rel}","templated":true}]}}