{"id":13,"date":"2021-08-14T19:43:48","date_gmt":"2021-08-14T19:43:48","guid":{"rendered":"https:\/\/mestredosdrinks.com\/de\/?page_id=13"},"modified":"2024-07-19T14:47:53","modified_gmt":"2024-07-19T17:47:53","slug":"kontakt","status":"publish","type":"page","link":"https:\/\/mestredosdrinks.com\/de\/kontakt\/","title":{"rendered":"KONTAKT"},"content":{"rendered":"<div class=\"flex-shrink-0 flex flex-col relative items-end\">\n<div>\n<div class=\"pt-0\">\n<div class=\"gizmo-bot-avatar flex h-8 w-8 items-center justify-center overflow-hidden rounded-full\">\n<div class=\"relative p-1 rounded-sm flex items-center justify-center bg-token-main-surface-primary text-token-text-primary h-8 w-8\"><\/div>\n<\/div>\n<\/div>\n<\/div>\n<\/div>\n<div class=\"group\/conversation-turn relative flex w-full min-w-0 flex-col agent-turn\">\n<div class=\"flex-col gap-1 md:gap-3\">\n<div class=\"flex flex-grow flex-col max-w-full\">\n<div class=\"min-h-[20px] text-message flex w-full flex-col items-end gap-2 whitespace-pre-wrap break-words [.text-message+&amp;]:mt-5 overflow-x-auto\" dir=\"auto\" data-message-author-role=\"assistant\" data-message-id=\"57269d4a-92e9-4d9b-a5ce-ff2f32490034\">\n<div class=\"flex w-full flex-col gap-1 empty:hidden first:pt-[3px]\">\n<div class=\"markdown prose w-full break-words dark:prose-invert dark\">\n<p>Kontaktieren Sie den Meister der Drinks Blog<\/p>\n<p>\u00dcber dieses Kontaktformular auf unserem Meister der Drinks Blog k\u00f6nnen Sie uns Kritik, Fragen und Vorschl\u00e4ge senden. Wir werden alle Nachrichten so schnell wie m\u00f6glich beantworten.<\/p>\n<\/div>\n<\/div>\n<\/div>\n<\/div>\n<\/div>\n<\/div>\n<div class=\"wpforms-container wpforms-container-full\" id=\"wpforms-2551\"><form id=\"wpforms-form-2551\" class=\"wpforms-validate wpforms-form wpforms-ajax-form\" data-formid=\"2551\" method=\"post\" enctype=\"multipart\/form-data\" action=\"\/de\/wp-json\/wp\/v2\/pages\/13\" data-token=\"e8c0fd93c4e3dff11a3755e548a4311b\" data-token-time=\"1777543544\"><noscript class=\"wpforms-error-noscript\">Bitte aktiviere JavaScript in deinem Browser, um dieses Formular fertigzustellen.<\/noscript><div class=\"wpforms-field-container\"><div id=\"wpforms-2551-field_0-container\" class=\"wpforms-field wpforms-field-name\" data-field-id=\"0\"><label class=\"wpforms-field-label\" for=\"wpforms-2551-field_0\">Ihr Name <span class=\"wpforms-required-label\">*<\/span><\/label><div class=\"wpforms-field-row wpforms-field-medium\"><div class=\"wpforms-field-row-block wpforms-first wpforms-one-half\"><input type=\"text\" id=\"wpforms-2551-field_0\" class=\"wpforms-field-name-first wpforms-field-required\" name=\"wpforms[fields][0][first]\" required><label for=\"wpforms-2551-field_0\" class=\"wpforms-field-sublabel after\">Vorname<\/label><\/div><div class=\"wpforms-field-row-block wpforms-one-half\"><input type=\"text\" id=\"wpforms-2551-field_0-last\" class=\"wpforms-field-name-last wpforms-field-required\" name=\"wpforms[fields][0][last]\" required><label for=\"wpforms-2551-field_0-last\" class=\"wpforms-field-sublabel after\">Nachname<\/label><\/div><\/div><\/div><div id=\"wpforms-2551-field_1-container\" class=\"wpforms-field wpforms-field-email\" data-field-id=\"1\"><label class=\"wpforms-field-label\" for=\"wpforms-2551-field_1\">Ihre E-Mail <span class=\"wpforms-required-label\">*<\/span><\/label><input type=\"email\" id=\"wpforms-2551-field_1\" class=\"wpforms-field-medium wpforms-field-required\" name=\"wpforms[fields][1]\" spellcheck=\"false\" required><\/div><div id=\"wpforms-2551-field_2-container\" class=\"wpforms-field wpforms-field-textarea\" data-field-id=\"2\"><label class=\"wpforms-field-label\" for=\"wpforms-2551-field_2\">Nachricht <span class=\"wpforms-required-label\">*<\/span><\/label><textarea id=\"wpforms-2551-field_2\" class=\"wpforms-field-medium wpforms-field-required\" name=\"wpforms[fields][2]\" required><\/textarea><\/div><\/div><!-- .wpforms-field-container --><div class=\"wpforms-submit-container\" ><input type=\"hidden\" name=\"wpforms[id]\" value=\"2551\"><input type=\"hidden\" name=\"page_title\" value=\"\"><input type=\"hidden\" name=\"page_url\" value=\"https:\/\/mestredosdrinks.com\/de\/wp-json\/wp\/v2\/pages\/13\"><button type=\"submit\" name=\"wpforms[submit]\" id=\"wpforms-submit-2551\" class=\"wpforms-submit\" data-alt-text=\"Wird gesendet ...\" data-submit-text=\"Nachricht\" aria-live=\"assertive\" value=\"wpforms-submit\">Nachricht<\/button><img loading=\"lazy\" decoding=\"async\" src=\"https:\/\/mestredosdrinks.com\/de\/wp-content\/plugins\/wpforms\/assets\/images\/submit-spin.svg\" class=\"wpforms-submit-spinner\" style=\"display: none;\" width=\"26\" height=\"26\" alt=\"Wird geladen\" title=\"\"><\/div><\/form><\/div>  <!-- .wpforms-container -->\n<style>.avatar_ass{text-align: center; width: 150px !important;height: 150px !important;display: block; position: relative; xleft: 12.5px;} \r\n.avatar_ass figure { width: 125px !important;margin: auto;}\r\n.avatar_ass amp-img[data-del=\"avatar\"] {\r\n    width: 125px !important;\r\n\tmin-width:125px;\r\n\tmin-height:125px;\r\n}\r\n.avatar_ass amp-img img {\r\n    margin: auto;\r\n    width: 125px !important;\r\n\tmin-width:unset;\r\n    border-radius: 180px !important;\r\n}\r\n.avatar_ass span.image_break {\r\n    clear: both;\r\n    display: block;\r\n    color: transparent;\r\n    max-height: 1px;\r\n    overflow: hidden;\r\n    margin-bottom: -5px;\r\n}\t\r\n<\/style>\r\n<div class=\"avatar_ass\">\r\n<figure id=\"RomeroCarvalhoTVAvatar\" aria-describedby=\"caption-attachment-1028\" style=\"width: 150px\" class=\"wp-caption alignleft\"><a href=\"https:\/\/omestredosblogs.com\" class=\"wp-user-avatar-link wp-user-avatar-custom no-lightbox\" target=\"_blank\" rel=\"noopener\"><img loading=\"lazy\" decoding=\"async\" data-del=\"avatar\" src=\"https:\/\/mestredosdrinks.com\/de\/wp-content\/uploads\/2022\/03\/O-Mestre-dos-Blogs-Photo-de-Perfil-1024x1024-1.jpg\" class=\"avatar pp-user-avatar avatar-150wp-user-avatar wp-user-avatar-150 photo \" height=\"150\" width=\"150\" alt=\"- Best Blog Brasil - Os Blogs mais Incr\u00edveis da Web\" title=\"\"><\/a><figcaption id=\"caption-attachment-1028\" class=\"wp-caption-text\"><a href=\"https:\/\/omestredosblogs.com\/\" target=\"_blank\" style=\"font-size: 12px;\" rel=\"noopener\">O Mestre dos Blogs<\/br><span class=\"image_break\">Break<\/span><span style=\"font-weight:900;\"><\/span><\/a><\/figcaption><\/figure>\r\n<\/div>\r\n<span class=\"image_break\">Break<\/span>\n","protected":false},"excerpt":{"rendered":"<p>Entre em Contato Meister der Drinks , \u00e9 atrav\u00e9s deste formul\u00e1rio de contato do nosso blog Meister der Drinks , voc\u00ea poder\u00e1 nos enviar, cr\u00edticas, d\u00favidas e sugest\u00f5es. responderemos todas as mensagens o mais r\u00e1pido poss\u00edvel.<\/p>\n","protected":false},"author":5,"featured_media":100,"parent":0,"menu_order":0,"comment_status":"closed","ping_status":"closed","template":"","meta":{"footnotes":"","_links_to":"","_links_to_target":""},"class_list":["post-13","page","type-page","status-publish","has-post-thumbnail","hentry","entry","has-media"],"_links":{"self":[{"href":"https:\/\/mestredosdrinks.com\/de\/wp-json\/wp\/v2\/pages\/13","targetHints":{"allow":["GET"]}}],"collection":[{"href":"https:\/\/mestredosdrinks.com\/de\/wp-json\/wp\/v2\/pages"}],"about":[{"href":"https:\/\/mestredosdrinks.com\/de\/wp-json\/wp\/v2\/types\/page"}],"author":[{"embeddable":true,"href":"https:\/\/mestredosdrinks.com\/de\/wp-json\/wp\/v2\/users\/5"}],"replies":[{"embeddable":true,"href":"https:\/\/mestredosdrinks.com\/de\/wp-json\/wp\/v2\/comments?post=13"}],"version-history":[{"count":0,"href":"https:\/\/mestredosdrinks.com\/de\/wp-json\/wp\/v2\/pages\/13\/revisions"}],"wp:featuredmedia":[{"embeddable":true,"href":"https:\/\/mestredosdrinks.com\/de\/wp-json\/wp\/v2\/media\/100"}],"wp:attachment":[{"href":"https:\/\/mestredosdrinks.com\/de\/wp-json\/wp\/v2\/media?parent=13"}],"curies":[{"name":"wp","href":"https:\/\/api.w.org\/{rel}","templated":true}]}}