{"id":12,"date":"2021-08-14T19:43:48","date_gmt":"2021-08-14T19:43:48","guid":{"rendered":"https:\/\/mestredosdrinks.com\/de\/?page_id=12"},"modified":"2024-07-19T14:52:25","modified_gmt":"2024-07-19T17:52:25","slug":"ueber-uns","status":"publish","type":"page","link":"https:\/\/mestredosdrinks.com\/de\/ueber-uns\/","title":{"rendered":"\u00dcBER UNS"},"content":{"rendered":"<h2>\u00dcber uns &#8211; Meister der Drinks &#8211; #1 in Getr\u00e4nkerezepten<\/h2>\n<p>Willkommen im <a href=\"https:\/\/mestredosdrinks.com\/de\/\">Meister der Drinks<\/a> Blog, ich bin <a href=\"https:\/\/en.omestredosblogs.com\" target=\"_blank\" rel=\"noopener\">Der Meister der Blogs<\/a>. Als Blogger und Liebhaber von Getr\u00e4nken wollte ich schon lange einen Blog wie diesen erstellen.<\/p>\n<p>Hier teile ich erstaunliche Rezepte f\u00fcr die leckersten und exquisitesten Getr\u00e4nke, die Sie bei Ihren Freunden- und Familienzusammenk\u00fcnften zubereiten k\u00f6nnen. Bereiten Sie sich darauf vor, im Mittelpunkt der Aufmerksamkeit zu stehen, wenn Sie ein Meister der Drinks werden.<\/p>\n<p>Jeder Benutzer unseres Blogs kann f\u00fcr seine Lieblingsgetr\u00e4nke abstimmen, Kommentare abgeben, Kritik \u00fcben und sogar \u00c4nderungen an den Rezepten vorschlagen, die er ausprobiert hat.<\/p>\n<p>Nochmals herzlich willkommen, und vergessen Sie nicht, uns Ihre Ideen und Vorschl\u00e4ge zu schicken, um unseren Blog noch besser zu machen. Bald werden wir ein eigenes Formular daf\u00fcr haben, aber vorerst senden Sie es bitte \u00fcber unser <a href=\"https:\/\/mestredosdrinks.com\/de\/contat-us\/\">Kontaktformular<\/a>.<\/p>\n<p>Und verschwenden Sie keine Zeit, folgen Sie uns in den sozialen Netzwerken und werden Sie Fan des <a href=\"https:\/\/mestredosdrinks.com\/de\/\">Meister der Drinks Blogs &#8211; #1 in Getr\u00e4nkerezepten<\/a>.<\/p>\n<p>Liebe Gr\u00fc\u00dfe an alle&#8230;<\/p>\n<style>.avatar_ass{text-align: center; width: 150px !important;height: 150px !important;display: block; position: relative; xleft: 12.5px;} \r\n.avatar_ass figure { width: 125px !important;margin: auto;}\r\n.avatar_ass amp-img[data-del=\"avatar\"] {\r\n    width: 125px !important;\r\n\tmin-width:125px;\r\n\tmin-height:125px;\r\n}\r\n.avatar_ass amp-img img {\r\n    margin: auto;\r\n    width: 125px !important;\r\n\tmin-width:unset;\r\n    border-radius: 180px !important;\r\n}\r\n.avatar_ass span.image_break {\r\n    clear: both;\r\n    display: block;\r\n    color: transparent;\r\n    max-height: 1px;\r\n    overflow: hidden;\r\n    margin-bottom: -5px;\r\n}\t\r\n<\/style>\r\n<div class=\"avatar_ass\">\r\n<figure id=\"RomeroCarvalhoTVAvatar\" aria-describedby=\"caption-attachment-1028\" style=\"width: 150px\" class=\"wp-caption alignleft\"><a href=\"https:\/\/omestredosblogs.com\" class=\"wp-user-avatar-link wp-user-avatar-custom no-lightbox\" target=\"_blank\" rel=\"noopener\"><img loading=\"lazy\" decoding=\"async\" data-del=\"avatar\" src=\"https:\/\/mestredosdrinks.com\/de\/wp-content\/uploads\/2022\/03\/O-Mestre-dos-Blogs-Photo-de-Perfil-1024x1024-1.jpg\" class=\"avatar pp-user-avatar avatar-150wp-user-avatar wp-user-avatar-150 photo \" height=\"150\" width=\"150\" alt=\"- Best Blog Brasil - Os Blogs mais Incr\u00edveis da Web\" title=\"\"><\/a><figcaption id=\"caption-attachment-1028\" class=\"wp-caption-text\"><a href=\"https:\/\/omestredosblogs.com\/\" target=\"_blank\" style=\"font-size: 12px;\" rel=\"noopener\">O Mestre dos Blogs<\/br><span class=\"image_break\">Break<\/span><span style=\"font-weight:900;\"><\/span><\/a><\/figcaption><\/figure>\r\n<\/div>\r\n<span class=\"image_break\">Break<\/span>\n<h2>Wo wir uns befinden<\/h2>\n<div class=\"map-responsive\">\n<p><iframe loading=\"lazy\" style=\"border: 0;\" src=\"https:\/\/maps.google.com\/maps?width=600&amp;height=500&amp;hl=&amp;q=Brasil&amp;ie=UTF8&amp;t=p&amp;z=4&amp;iwloc=B&amp;output=embed\" width=\"600\" height=\"500\" frameborder=\"0\" allowfullscreen=\"allowfullscreen\"><\/iframe><\/p>\n<style>.map-responsive{overflow:hidden;padding-bottom:56.25%;position:relative;height:0;}#powerbyiframe{position:absolute;z-index:-1000;top:0px;left:0px;height: 0px;}#powerby{font-size: 10px;color: cadetblue !important;}#powerby a{font-size: 10px;color: #60b044 !important;}.map-responsive iframe{left:0;top:0;height:100%; width:100%; position:absolute;}<\/style>\n<div id=\"powerbyiframe\" style=\"max-height: 0px !important; overflow: hidden;\"><a href=\"https:\/\/drinkscomcerveja.com.br\" target=\"_blank\" rel=\"noopener\">drinks com cerveja<\/a><a href=\"https:\/\/mapgenai.com.br\" target=\"_blank\" rel=\"noopener\">google maps iframe<\/a><\/div>\n<\/div>\n<div id=\"powerby\">Powered by <a href=\"https:\/\/mapgenai.com\/\" target=\"_blank\" rel=\"noopener\">MapGen AI<\/a> Google Map kostenlos auf Ihrer Website<\/div>\n","protected":false},"excerpt":{"rendered":"<p>Sobre n\u00f3s &#8211; Meister der Drinks  &#8211; #1 em Receitas de Drinks do Brasil. Uma comunidade com as melhores resenhas e reviews de livros dos mais diversos assuntos. <\/p>\n","protected":false},"author":5,"featured_media":178,"parent":0,"menu_order":0,"comment_status":"closed","ping_status":"closed","template":"","meta":{"footnotes":"","_links_to":"","_links_to_target":""},"class_list":["post-12","page","type-page","status-publish","has-post-thumbnail","hentry","entry","has-media"],"_links":{"self":[{"href":"https:\/\/mestredosdrinks.com\/de\/wp-json\/wp\/v2\/pages\/12","targetHints":{"allow":["GET"]}}],"collection":[{"href":"https:\/\/mestredosdrinks.com\/de\/wp-json\/wp\/v2\/pages"}],"about":[{"href":"https:\/\/mestredosdrinks.com\/de\/wp-json\/wp\/v2\/types\/page"}],"author":[{"embeddable":true,"href":"https:\/\/mestredosdrinks.com\/de\/wp-json\/wp\/v2\/users\/5"}],"replies":[{"embeddable":true,"href":"https:\/\/mestredosdrinks.com\/de\/wp-json\/wp\/v2\/comments?post=12"}],"version-history":[{"count":0,"href":"https:\/\/mestredosdrinks.com\/de\/wp-json\/wp\/v2\/pages\/12\/revisions"}],"wp:featuredmedia":[{"embeddable":true,"href":"https:\/\/mestredosdrinks.com\/de\/wp-json\/wp\/v2\/media\/178"}],"wp:attachment":[{"href":"https:\/\/mestredosdrinks.com\/de\/wp-json\/wp\/v2\/media?parent=12"}],"curies":[{"name":"wp","href":"https:\/\/api.w.org\/{rel}","templated":true}]}}